{"id":1625,"date":"2026-04-29T11:23:24","date_gmt":"2026-04-29T11:23:24","guid":{"rendered":"https:\/\/www.solene-maroquinerie.fr\/index.php\/produit\/sac-ordinateur-cabaia-getaria\/"},"modified":"2026-05-13T14:49:35","modified_gmt":"2026-05-13T14:49:35","slug":"sac-ordinateur-cabaia-getaria","status":"publish","type":"product","link":"https:\/\/www.solene-maroquinerie.fr\/index.php\/produit\/sac-ordinateur-cabaia-getaria\/","title":{"rendered":"SAC ORDINATEUR CABAIA GETARIA"},"content":{"rendered":"<p><strong>Descriptif du SAC ORDINATEUR CABAIA MESSENGER GETARIA<\/strong><\/p>\n<ul>\n<li>Garanti \u00e0 vie<\/li>\n<li>Ouverture grand angle<\/li>\n<li>Poche ordinateur rembourr\u00e9e<\/li>\n<li>Compartiment tablette 12 pouces<\/li>\n<li>Poche lat\u00e9rale fixe pour gourde ou parapluie<\/li>\n<li>Vegan et d\u00e9perlant<\/li>\n<li>Compartiment ordinateur :\u00a0Jusqu&rsquo;\u00e0 16 pouces<\/li>\n<\/ul>\n<p><strong>Dimensions<\/strong><\/p>\n<ul>\n<li><span>38cm x 29cm x 10cm<\/span><\/li>\n<li><span>12.5L<\/span><\/li>\n<\/ul>\n<p><strong>Poids\u00a0<\/strong><\/p>\n<ul>\n<li>0.820kg<\/li>\n<\/ul>\n<p><strong>Composition<\/strong><\/p>\n<ul>\n<li>Mati\u00e8re ext\u00e9rieure principale : 100 % polyester recycl\u00e9<\/li>\n<li>Tissu ext\u00e9rieur enduit : 51 % polyester recycl\u00e9 + 49 % polyur\u00e9thane<\/li>\n<li>Doublure int\u00e9rieure : 100 % polyester recycl\u00e9<\/li>\n<\/ul>\n<div>\u00a0<\/div>\n<h4>Informations livraisons<\/h4>\n<div>Les frais de livraisons sont offerts d\u00e8s 40\u20ac d&rsquo;achats<br \/>Livraison entre 3 et 5 jours<\/div>\n<div>Mode de paiement s\u00e9curis\u00e9s accept\u00e9s : CARTE BANCAIRE\u00a0 ou\u00a0 PAYPAL<br \/>R\u00e9ception des marchandises : A domicile ou Retrait \u00e0 notre magasin<br \/>Consulter nos<a href=\"http:\/\/www.solene-maroquinerie.fr\/conditions_generales_de_vente.html\" target=\"_self\" title=\"Nos CGV\">\u00a0conditions g\u00e9n\u00e9rales de ventes<\/a><\/div>\n","protected":false},"excerpt":{"rendered":"<p class=\"reference-commerciale\">R\u00e9f\u00e9rence commerciale : MESSENGER-GETARIA<\/p>\n","protected":false},"featured_media":3169,"template":"","meta":[],"product_brand":[42],"product_cat":[24,100],"product_tag":[],"class_list":{"0":"post-1625","1":"product","2":"type-product","3":"status-publish","4":"has-post-thumbnail","6":"product_brand-cabaia","7":"product_cat-divers","8":"product_cat-sac-ordinateur-cabaia","10":"first","11":"instock","12":"taxable","13":"shipping-taxable","14":"purchasable","15":"product-type-simple"},"_links":{"self":[{"href":"https:\/\/www.solene-maroquinerie.fr\/index.php\/wp-json\/wp\/v2\/product\/1625","targetHints":{"allow":["GET"]}}],"collection":[{"href":"https:\/\/www.solene-maroquinerie.fr\/index.php\/wp-json\/wp\/v2\/product"}],"about":[{"href":"https:\/\/www.solene-maroquinerie.fr\/index.php\/wp-json\/wp\/v2\/types\/product"}],"wp:featuredmedia":[{"embeddable":true,"href":"https:\/\/www.solene-maroquinerie.fr\/index.php\/wp-json\/wp\/v2\/media\/3169"}],"wp:attachment":[{"href":"https:\/\/www.solene-maroquinerie.fr\/index.php\/wp-json\/wp\/v2\/media?parent=1625"}],"wp:term":[{"taxonomy":"product_brand","embeddable":true,"href":"https:\/\/www.solene-maroquinerie.fr\/index.php\/wp-json\/wp\/v2\/product_brand?post=1625"},{"taxonomy":"product_cat","embeddable":true,"href":"https:\/\/www.solene-maroquinerie.fr\/index.php\/wp-json\/wp\/v2\/product_cat?post=1625"},{"taxonomy":"product_tag","embeddable":true,"href":"https:\/\/www.solene-maroquinerie.fr\/index.php\/wp-json\/wp\/v2\/product_tag?post=1625"}],"curies":[{"name":"wp","href":"https:\/\/api.w.org\/{rel}","templated":true}]}}