{"id":1666,"date":"2026-04-29T11:23:29","date_gmt":"2026-04-29T11:23:29","guid":{"rendered":"https:\/\/www.solene-maroquinerie.fr\/index.php\/produit\/sac-a-dos-cabaia-medium-besancon\/"},"modified":"2026-05-13T14:49:40","modified_gmt":"2026-05-13T14:49:40","slug":"sac-a-dos-cabaia-medium-besancon","status":"publish","type":"product","link":"https:\/\/www.solene-maroquinerie.fr\/index.php\/produit\/sac-a-dos-cabaia-medium-besancon\/","title":{"rendered":"SAC A DOS CABAIA MEDIUM BESANCON"},"content":{"rendered":"<p><strong>Descriptif du SAC A DOS CABAIA ADVENTURER MEDIUM BESANCON<\/strong><\/p>\n<ul>\n<li>Poche PC\/Mac molletonn\u00e9e 13&Prime; ( Hauteur 31cm x Largeur 23 cm x Epaisseur 2 cm)<\/li>\n<li>Ouverture Cabas\u00ae : Grand angle<\/li>\n<li>Bretelles molletonn\u00e9es et anti-transpirantes<\/li>\n<li>Maintien bouteille d&rsquo;eau 50cl : pour \u00e9viter les inondations<\/li>\n<li>D\u00e9perlant<\/li>\n<li>Attache valise au dos<\/li>\n<li>Mousqueton<\/li>\n<li>Zip YKK : la Rolls du zip, garanti \u00e0 vie aussi<\/li>\n<li>Fond \u00e9tanche : Nettoyable facilement<\/li>\n<li>2 poches interchangeables avec syst\u00e8me MOLLE\u00ae<\/li>\n<li>Vegan<\/li>\n<li>Poids : 0,900kg<\/li>\n<li>Volume : 18 L (parfait pour tous les jours et week end)<\/li>\n<li>Dimensions : 41 cm de haut (avec anses), 27 cm de large, 16 cm \u00e9paisseur<\/li>\n<\/ul>\n<h4><strong>Informations livraisons<\/strong><\/h4>\n<div>Les frais de livraisons sont offerts d\u00e8s 40\u20ac d&rsquo;achats<br \/>Livraison entre 3 et 5 jours<\/div>\n<div>Mode de paiement s\u00e9curis\u00e9s accept\u00e9s : CARTE BANCAIRE\u00a0 ou\u00a0 PAYPAL<br \/>R\u00e9ception des marchandises : A domicile ou Retrait \u00e0 notre magasin<br \/>Consulter nos<a href=\"http:\/\/www.solene-maroquinerie.fr\/conditions_generales_de_vente.html\" target=\"_self\" title=\"Nos CGV\">\u00a0conditions g\u00e9n\u00e9rales de ventes<\/a><\/div>\n<p>\u00a0<\/p>\n","protected":false},"excerpt":{"rendered":"<p class=\"reference-commerciale\">R\u00e9f\u00e9rence commerciale : BESANCON-ADVENTURER MEDIUM<\/p>\n","protected":false},"featured_media":3334,"template":"","meta":[],"product_brand":[42],"product_cat":[19,41],"product_tag":[],"class_list":{"0":"post-1666","1":"product","2":"type-product","3":"status-publish","4":"has-post-thumbnail","6":"product_brand-cabaia","7":"product_cat-sac-a-dos","8":"product_cat-sac-a-dos-cabaia-medium","10":"first","11":"instock","12":"taxable","13":"shipping-taxable","14":"purchasable","15":"product-type-simple"},"_links":{"self":[{"href":"https:\/\/www.solene-maroquinerie.fr\/index.php\/wp-json\/wp\/v2\/product\/1666","targetHints":{"allow":["GET"]}}],"collection":[{"href":"https:\/\/www.solene-maroquinerie.fr\/index.php\/wp-json\/wp\/v2\/product"}],"about":[{"href":"https:\/\/www.solene-maroquinerie.fr\/index.php\/wp-json\/wp\/v2\/types\/product"}],"wp:featuredmedia":[{"embeddable":true,"href":"https:\/\/www.solene-maroquinerie.fr\/index.php\/wp-json\/wp\/v2\/media\/3334"}],"wp:attachment":[{"href":"https:\/\/www.solene-maroquinerie.fr\/index.php\/wp-json\/wp\/v2\/media?parent=1666"}],"wp:term":[{"taxonomy":"product_brand","embeddable":true,"href":"https:\/\/www.solene-maroquinerie.fr\/index.php\/wp-json\/wp\/v2\/product_brand?post=1666"},{"taxonomy":"product_cat","embeddable":true,"href":"https:\/\/www.solene-maroquinerie.fr\/index.php\/wp-json\/wp\/v2\/product_cat?post=1666"},{"taxonomy":"product_tag","embeddable":true,"href":"https:\/\/www.solene-maroquinerie.fr\/index.php\/wp-json\/wp\/v2\/product_tag?post=1666"}],"curies":[{"name":"wp","href":"https:\/\/api.w.org\/{rel}","templated":true}]}}