{"id":1675,"date":"2026-04-29T11:23:30","date_gmt":"2026-04-29T11:23:30","guid":{"rendered":"https:\/\/www.solene-maroquinerie.fr\/index.php\/produit\/sac-a-dos-cabaia-large-kaikoura\/"},"modified":"2026-05-13T14:49:41","modified_gmt":"2026-05-13T14:49:41","slug":"sac-a-dos-cabaia-large-kaikoura","status":"publish","type":"product","link":"https:\/\/www.solene-maroquinerie.fr\/index.php\/produit\/sac-a-dos-cabaia-large-kaikoura\/","title":{"rendered":"SAC A DOS CABAIA LARGE KAIKOURA"},"content":{"rendered":"<p><span><strong>Descriptif du SAC A DOS CABAIA ADVENTURER LARGE KAIKOURA<\/strong><\/span><\/p>\n<ul>\n<li>Poche PC 15&Prime; ( Hauteur 35cm x Largeur 27 cm x Epaisseur 2 cm)<\/li>\n<li>Tissu d\u00e9perlant (vos affaires resteront toujours au sec !)<\/li>\n<li>Mousqueton int\u00e9rieur de s\u00e9curit\u00e9<\/li>\n<li>Ouverture Cabas\u00ae : Grand angle<\/li>\n<li>Bretelles molletonn\u00e9es et anti-transpirantes<\/li>\n<li>Bande d&rsquo;attache pour valise<\/li>\n<li>Maintien bouteille d&rsquo;eau 50cl : pour \u00e9viter les inondations<\/li>\n<li>Toile : Nylon 900D garantie \u00e0 vie !<\/li>\n<li>Zip YKK : la Rolls du zip, garanti \u00e0 vie aussi<\/li>\n<li>Fond \u00e9tanche : Nettoyable facilement<\/li>\n<li>2 poches interchangeables avec syst\u00e8me MOLLE\u00ae<\/li>\n<li>Vegan<\/li>\n<li>Poids : 0,900kg<\/li>\n<li>Volume : 23 L (parfait pour tous les jours et week end)<\/li>\n<li>Dimensions : 48 cm de haut, 29 cm de large, 17 cm \u00e9paisseur<\/li>\n<\/ul>\n<p><strong>Composition\u00a0:<\/strong><\/p>\n<p>Tissu exterieur principal: 100% Polyester recycl\u00e9<br \/>Tissu ext\u00e9rieur enduit: Polyurethane<br \/>Doublure interieure: 100% Polyester<\/p>\n<p><strong>Informations livraisons<\/strong><br \/>Les frais de livraisons sont offerts d\u00e8s 40\u20ac d&rsquo;achats<br \/>Livraison entre 3 et 5 jours<br \/>Mode de paiement s\u00e9curis\u00e9s accept\u00e9s : CARTE BANCAIRE\u00a0 ou\u00a0 PAYPAL<br \/>R\u00e9ception des marchandises : A domicile ou Retrait \u00e0 notre magasin<br \/>Consulter nos<a href=\"http:\/\/www.solene-maroquinerie.fr\/conditions_generales_de_vente.html\" target=\"_self\" title=\"Nos CGV\">\u00a0conditions g\u00e9n\u00e9rales de ventes<\/a><\/p>\n","protected":false},"excerpt":{"rendered":"<p class=\"reference-commerciale\">R\u00e9f\u00e9rence commerciale : KAIKOURA-ADVENTURER LARGE<\/p>\n","protected":false},"featured_media":0,"template":"","meta":[],"product_brand":[42],"product_cat":[19,43],"product_tag":[],"class_list":{"0":"post-1675","1":"product","2":"type-product","3":"status-publish","5":"product_brand-cabaia","6":"product_cat-sac-a-dos","7":"product_cat-sac-a-dos-cabaia-large","9":"first","10":"instock","11":"taxable","12":"shipping-taxable","13":"purchasable","14":"product-type-simple"},"_links":{"self":[{"href":"https:\/\/www.solene-maroquinerie.fr\/index.php\/wp-json\/wp\/v2\/product\/1675","targetHints":{"allow":["GET"]}}],"collection":[{"href":"https:\/\/www.solene-maroquinerie.fr\/index.php\/wp-json\/wp\/v2\/product"}],"about":[{"href":"https:\/\/www.solene-maroquinerie.fr\/index.php\/wp-json\/wp\/v2\/types\/product"}],"wp:attachment":[{"href":"https:\/\/www.solene-maroquinerie.fr\/index.php\/wp-json\/wp\/v2\/media?parent=1675"}],"wp:term":[{"taxonomy":"product_brand","embeddable":true,"href":"https:\/\/www.solene-maroquinerie.fr\/index.php\/wp-json\/wp\/v2\/product_brand?post=1675"},{"taxonomy":"product_cat","embeddable":true,"href":"https:\/\/www.solene-maroquinerie.fr\/index.php\/wp-json\/wp\/v2\/product_cat?post=1675"},{"taxonomy":"product_tag","embeddable":true,"href":"https:\/\/www.solene-maroquinerie.fr\/index.php\/wp-json\/wp\/v2\/product_tag?post=1675"}],"curies":[{"name":"wp","href":"https:\/\/api.w.org\/{rel}","templated":true}]}}