{"id":1678,"date":"2026-04-29T11:23:30","date_gmt":"2026-04-29T11:23:30","guid":{"rendered":"https:\/\/www.solene-maroquinerie.fr\/index.php\/produit\/sac-voyage-cabaia-adventurer-ber\/"},"modified":"2026-05-13T14:49:41","modified_gmt":"2026-05-13T14:49:41","slug":"sac-voyage-cabaia-adventurer-ber","status":"publish","type":"product","link":"https:\/\/www.solene-maroquinerie.fr\/index.php\/produit\/sac-voyage-cabaia-adventurer-ber\/","title":{"rendered":"SAC VOYAGE CABAIA ADVENTURER BER"},"content":{"rendered":"<p><span><strong>Descriptif du SAC VOYAGE CABAIA ADVENTURER BERLIN<\/strong><\/span><\/p>\n<ul>\n<li>Tissu d\u00e9perlant<\/li>\n<li>Ouverture Cabas\u00ae : Grand angle<\/li>\n<li>Bretelles molletonn\u00e9es et amovibles<\/li>\n<li>Toile : Nylon 900D<\/li>\n<li>Fond \u00e9tanche : Nettoyable facilement<\/li>\n<li>Poche interchangeable avec syst\u00e8me MOLLE\u00ae<\/li>\n<li>Certifi\u00e9 Vegan<\/li>\n<li>Poids : 1,340 g<\/li>\n<li>Volume : 40L<\/li>\n<li>Dimensions : 29 cm de haut (sans anses), 45 cm de large, 30 cm \u00e9paisseur<\/li>\n<li>Poche \u00e0 chaussures ( Hauteur 15cm x Largeur 28cm x Profondeur 30cm)<\/li>\n<li><span>Compartiment ordinateur :\u00a0<\/span><span>Jusqu&rsquo;\u00e0 14 pouces<\/span><\/li>\n<\/ul>\n<h4><span>Informations livraisons<\/span><\/h4>\n<div><span>Les frais de livraisons sont offerts d\u00e8s 40\u20ac d&rsquo;achats<\/span><br \/><span>Livraison entre 3 et 5 jours<\/span><\/div>\n<div><span>Mode de paiement s\u00e9curis\u00e9s accept\u00e9s : CARTE BANCAIRE\u00a0 ou\u00a0 PAYPAL<\/span><br \/><span>R\u00e9ception des marchandises : A domicile ou Retrait \u00e0 notre magasin<\/span><br \/><span>Consulter nos<a href=\"http:\/\/www.solene-maroquinerie.fr\/conditions_generales_de_vente.html\" target=\"_self\" title=\"Nos CGV\">\u00a0conditions g\u00e9n\u00e9rales de ventes<\/a><\/span><\/div>\n<p>\u00a0<\/p>\n","protected":false},"excerpt":{"rendered":"<p class=\"reference-commerciale\">R\u00e9f\u00e9rence commerciale : BERLIN-DUFFLE ADVENTURER<\/p>\n","protected":false},"featured_media":0,"template":"","meta":[],"product_brand":[42],"product_cat":[60,59],"product_tag":[],"class_list":{"0":"post-1678","1":"product","2":"type-product","3":"status-publish","5":"product_brand-cabaia","6":"product_cat-bagages","7":"product_cat-sac-de-voyage-cabaia","9":"first","10":"instock","11":"taxable","12":"shipping-taxable","13":"purchasable","14":"product-type-simple"},"_links":{"self":[{"href":"https:\/\/www.solene-maroquinerie.fr\/index.php\/wp-json\/wp\/v2\/product\/1678","targetHints":{"allow":["GET"]}}],"collection":[{"href":"https:\/\/www.solene-maroquinerie.fr\/index.php\/wp-json\/wp\/v2\/product"}],"about":[{"href":"https:\/\/www.solene-maroquinerie.fr\/index.php\/wp-json\/wp\/v2\/types\/product"}],"wp:attachment":[{"href":"https:\/\/www.solene-maroquinerie.fr\/index.php\/wp-json\/wp\/v2\/media?parent=1678"}],"wp:term":[{"taxonomy":"product_brand","embeddable":true,"href":"https:\/\/www.solene-maroquinerie.fr\/index.php\/wp-json\/wp\/v2\/product_brand?post=1678"},{"taxonomy":"product_cat","embeddable":true,"href":"https:\/\/www.solene-maroquinerie.fr\/index.php\/wp-json\/wp\/v2\/product_cat?post=1678"},{"taxonomy":"product_tag","embeddable":true,"href":"https:\/\/www.solene-maroquinerie.fr\/index.php\/wp-json\/wp\/v2\/product_tag?post=1678"}],"curies":[{"name":"wp","href":"https:\/\/api.w.org\/{rel}","templated":true}]}}