{"id":1681,"date":"2026-04-29T11:23:31","date_gmt":"2026-04-29T11:23:31","guid":{"rendered":"https:\/\/www.solene-maroquinerie.fr\/index.php\/produit\/sac-de-voyage-cabaia-turin\/"},"modified":"2026-05-13T14:49:42","modified_gmt":"2026-05-13T14:49:42","slug":"sac-de-voyage-cabaia-turin","status":"publish","type":"product","link":"https:\/\/www.solene-maroquinerie.fr\/index.php\/produit\/sac-de-voyage-cabaia-turin\/","title":{"rendered":"SAC DE VOYAGE CABAIA TURIN"},"content":{"rendered":"<p><strong>Descriptif du SAC DE VOYAGE CABAIA ADVENTURER TURIN<\/strong><\/p>\n<ul>\n<li>Garanti \u00e0 vie<\/li>\n<li>Anse \u00e0 l&rsquo;int\u00e9rieur pour le porter \u00e0 l&rsquo;\u00e9paule<\/li>\n<li>Bretelles pour le porter sur le dos<\/li>\n<li>Poign\u00e9e lat\u00e9rale pour simplifier la prise en main<\/li>\n<li>Compartiment ordinateur rembourr\u00e9<\/li>\n<li>Poches int\u00e9rieures \u00e0 pression<\/li>\n<li>Bandouli\u00e8re et bretelles renforc\u00e9es<\/li>\n<li>Syst\u00e8me MOLLE pour attacher les pochettes avant et lat\u00e9rales<\/li>\n<li>Vegan et d\u00e9perlant<\/li>\n<li>Poids : 1,340kg<\/li>\n<li>Volume : 40 L (parfait pour tous les jours et week end)<\/li>\n<li>Dimensions : 29 cm de haut, 45 cm de large, 30 cm \u00e9paisseur<\/li>\n<li>Tissu d\u00e9perlant<\/li>\n<li>Ouverture Grand angle<\/li>\n<li>Bretelles amovibles<\/li>\n<li>Toile : Nylon 900D<\/li>\n<li>Fond \u00e9tanche : Nettoyable facilement<\/li>\n<li>2 poches interchangeables avec syst\u00e8me MOLLE\u00ae<\/li>\n<li>Vegan<\/li>\n<\/ul>\n<p>Composition\u00a0:<\/p>\n<ul>\n<li>Tissu exterieur principal: 100% Polyester recycl\u00e9<\/li>\n<li>Tissu ext\u00e9rieur enduit: Polyurethane<\/li>\n<li>Doublure interieure: 100% Polyester<\/li>\n<\/ul>\n<h4>Informations livraisons<\/h4>\n<div>Les frais de livraisons sont offerts d\u00e8s 40\u20ac d&rsquo;achats<br \/>Livraison entre 3 et 5 jours<\/div>\n<div>Mode de paiement s\u00e9curis\u00e9s accept\u00e9s : CARTE BANCAIRE\u00a0 ou\u00a0 PAYPAL<br \/>R\u00e9ception des marchandises : A domicile ou Retrait \u00e0 notre magasin<br \/>Consulter nos<a href=\"http:\/\/www.solene-maroquinerie.fr\/conditions_generales_de_vente.html\" target=\"_self\" title=\"Nos CGV\">\u00a0conditions g\u00e9n\u00e9rales de ventes<\/a><\/div>\n<p>\u00a0<\/p>\n","protected":false},"excerpt":{"rendered":"<p class=\"reference-commerciale\">R\u00e9f\u00e9rence commerciale : DUFFLE BAG ADVENTURER- TURIN<\/p>\n","protected":false},"featured_media":0,"template":"","meta":[],"product_brand":[42],"product_cat":[60,59],"product_tag":[],"class_list":{"0":"post-1681","1":"product","2":"type-product","3":"status-publish","5":"product_brand-cabaia","6":"product_cat-bagages","7":"product_cat-sac-de-voyage-cabaia","9":"first","10":"instock","11":"taxable","12":"shipping-taxable","13":"purchasable","14":"product-type-simple"},"_links":{"self":[{"href":"https:\/\/www.solene-maroquinerie.fr\/index.php\/wp-json\/wp\/v2\/product\/1681","targetHints":{"allow":["GET"]}}],"collection":[{"href":"https:\/\/www.solene-maroquinerie.fr\/index.php\/wp-json\/wp\/v2\/product"}],"about":[{"href":"https:\/\/www.solene-maroquinerie.fr\/index.php\/wp-json\/wp\/v2\/types\/product"}],"wp:attachment":[{"href":"https:\/\/www.solene-maroquinerie.fr\/index.php\/wp-json\/wp\/v2\/media?parent=1681"}],"wp:term":[{"taxonomy":"product_brand","embeddable":true,"href":"https:\/\/www.solene-maroquinerie.fr\/index.php\/wp-json\/wp\/v2\/product_brand?post=1681"},{"taxonomy":"product_cat","embeddable":true,"href":"https:\/\/www.solene-maroquinerie.fr\/index.php\/wp-json\/wp\/v2\/product_cat?post=1681"},{"taxonomy":"product_tag","embeddable":true,"href":"https:\/\/www.solene-maroquinerie.fr\/index.php\/wp-json\/wp\/v2\/product_tag?post=1681"}],"curies":[{"name":"wp","href":"https:\/\/api.w.org\/{rel}","templated":true}]}}