{"id":1688,"date":"2026-04-29T11:23:41","date_gmt":"2026-04-29T11:23:41","guid":{"rendered":"https:\/\/www.solene-maroquinerie.fr\/index.php\/produit\/totebag-large-cabaia-aruba\/"},"modified":"2026-05-13T11:56:20","modified_gmt":"2026-05-13T11:56:20","slug":"totebag-large-cabaia-aruba","status":"publish","type":"product","link":"https:\/\/www.solene-maroquinerie.fr\/index.php\/produit\/totebag-large-cabaia-aruba\/","title":{"rendered":"TOTEBAG LARGE CABAIA ARUBA"},"content":{"rendered":"<p><strong>Descriptif du TOTEBAG LARGE CABAIA ARUBA<\/strong><\/p>\n<ul>\n<li>Garanti \u00e0 vie<\/li>\n<li>\u00a02 poches pour gourde ou parapluie<\/li>\n<li>Compartiment rembourr\u00e9 pour ordinateur 12-14 pouces<\/li>\n<li>Syst\u00e8me MOLLE pour attacher les pochettes avant<\/li>\n<li>Sangle attache valise<\/li>\n<li>Vegan et d\u00e9perlant<\/li>\n<li>La largeur du sac en haut est de 43cm.<\/li>\n<li>Compartiment ordinateur :\u00a0Jusqu&rsquo;\u00e0 14 pouces<\/li>\n<li>Poids :\u00a00,67kg<\/li>\n<\/ul>\n<p><strong>Dimensions :\u00a0<\/strong>34,5cm x 36cm x 15cm<\/p>\n<p><strong>Composition<\/strong>\u00a0:\u00a0<br \/>Tissu ext\u00e9rieur principal: 100% Polyester recycl\u00e9<br \/>Doublure interieure: 100% Polyester<\/p>\n<h4>Informations livraisons<\/h4>\n<div>Les frais de livraisons sont offerts d\u00e8s 40\u20ac d&rsquo;achats<br \/>Livraison entre 2 et 5 jours<\/div>\n<div>Mode de paiement s\u00e9curis\u00e9s accept\u00e9s : CARTE BANCAIRE\u00a0 ou\u00a0 PAYPAL<br \/>R\u00e9ception des marchandises : A domicile ou Retrait \u00e0 notre magasin<br \/>Consulter nos<a href=\"http:\/\/www.solene-maroquinerie.fr\/conditions_generales_de_vente.html\" target=\"_self\" title=\"Nos CGV\">\u00a0conditions g\u00e9n\u00e9rales de ventes<\/a><\/div>\n","protected":false},"excerpt":{"rendered":"<p>Descriptif du TOTEBAG LARGE CABAIA ARUBA Garanti \u00e0 vie \u00a02 poches pour gourde ou parapluie Compartiment rembourr\u00e9 pour ordinateur 12-14 pouces Syst\u00e8me MOLLE pour attacher les pochettes avant Sangle attache valise Vegan et d\u00e9perlant La largeur du sac en haut est de 43cm. Compartiment ordinateur :\u00a0Jusqu&rsquo;\u00e0 14 pouces Poids :\u00a00,67kg Dimensions :\u00a034,5cm x 36cm x [&hellip;]<\/p>\n","protected":false},"featured_media":0,"template":"","meta":[],"product_brand":[42],"product_cat":[24,95],"product_tag":[],"class_list":{"0":"post-1688","1":"product","2":"type-product","3":"status-publish","5":"product_brand-cabaia","6":"product_cat-divers","7":"product_cat-totebag-cabaia","9":"first","10":"instock","11":"taxable","12":"shipping-taxable","13":"purchasable","14":"product-type-simple"},"_links":{"self":[{"href":"https:\/\/www.solene-maroquinerie.fr\/index.php\/wp-json\/wp\/v2\/product\/1688","targetHints":{"allow":["GET"]}}],"collection":[{"href":"https:\/\/www.solene-maroquinerie.fr\/index.php\/wp-json\/wp\/v2\/product"}],"about":[{"href":"https:\/\/www.solene-maroquinerie.fr\/index.php\/wp-json\/wp\/v2\/types\/product"}],"wp:attachment":[{"href":"https:\/\/www.solene-maroquinerie.fr\/index.php\/wp-json\/wp\/v2\/media?parent=1688"}],"wp:term":[{"taxonomy":"product_brand","embeddable":true,"href":"https:\/\/www.solene-maroquinerie.fr\/index.php\/wp-json\/wp\/v2\/product_brand?post=1688"},{"taxonomy":"product_cat","embeddable":true,"href":"https:\/\/www.solene-maroquinerie.fr\/index.php\/wp-json\/wp\/v2\/product_cat?post=1688"},{"taxonomy":"product_tag","embeddable":true,"href":"https:\/\/www.solene-maroquinerie.fr\/index.php\/wp-json\/wp\/v2\/product_tag?post=1688"}],"curies":[{"name":"wp","href":"https:\/\/api.w.org\/{rel}","templated":true}]}}