{"id":1696,"date":"2026-04-29T11:23:42","date_gmt":"2026-04-29T11:23:42","guid":{"rendered":"https:\/\/www.solene-maroquinerie.fr\/index.php\/produit\/sac-a-dos-cabaia-medium-maui\/"},"modified":"2026-05-13T14:49:44","modified_gmt":"2026-05-13T14:49:44","slug":"sac-a-dos-cabaia-medium-maui","status":"publish","type":"product","link":"https:\/\/www.solene-maroquinerie.fr\/index.php\/produit\/sac-a-dos-cabaia-medium-maui\/","title":{"rendered":"SAC A DOS CABAIA MEDIUM MAUI"},"content":{"rendered":"<p><span><strong>Descriptif du\u00a0SAC A DOS CABAIA ADVENTURER MEDIUM MAUI<\/strong><\/span><\/p>\n<ul>\n<li>Poche PC\/Mac molletonn\u00e9e 13&Prime; ( Hauteur 31cm x Largeur 23 cm x Epaisseur 2 cm)<\/li>\n<li>Ouverture Cabas\u00ae : Grand angle<\/li>\n<li>Ouverture anti-vol<\/li>\n<li>Mousqueton int\u00e9rieur de s\u00e9curit\u00e9<\/li>\n<li>Bretelles molletonn\u00e9es et anti-transpirantes<\/li>\n<li>Maintien bouteille d&rsquo;eau 50cl : pour \u00e9viter les inondations<\/li>\n<li>Toile : Nylon 900D garantie \u00e0 vie !<\/li>\n<li>Zip YKK : la Rolls du zip, garanti \u00e0 vie aussi<\/li>\n<li>Tissu d\u00e9perlant (vos affaires resteront toujours au sec !)<\/li>\n<li>Fond \u00e9tanche : Nettoyable facilement<\/li>\n<li>2 poches interchangeables avec syst\u00e8me MOLLE\u00ae<\/li>\n<li>Bande d&rsquo;attache pour valise<\/li>\n<li>Vegan<\/li>\n<li>Volume : 18 L (parfait pour tous les jours et week end)<\/li>\n<li>Dimensions : 41 cm de haut (avec anses), 27 cm de large, 16 cm \u00e9paisseur<\/li>\n<\/ul>\n<h4><span>Informations livraisons<\/span><\/h4>\n<div><span>Les frais de livraisons sont offerts d\u00e8s 40\u20ac d&rsquo;achats<\/span><br \/><span>Livraison entre 3 et 5 jours<\/span><\/div>\n<div><span>Mode de paiement s\u00e9curis\u00e9s accept\u00e9s : CARTE BANCAIRE\u00a0 ou\u00a0 PAYPAL<\/span><br \/><span>R\u00e9ception des marchandises : A domicile ou Retrait \u00e0 notre magasin<\/span><br \/><span>Consulter nos<a href=\"http:\/\/www.solene-maroquinerie.fr\/conditions_generales_de_vente.html\" target=\"_self\" title=\"Nos CGV\">\u00a0conditions g\u00e9n\u00e9rales de ventes<\/a><\/span><\/div>\n<p>\u00a0<\/p>\n","protected":false},"excerpt":{"rendered":"<p class=\"reference-commerciale\">R\u00e9f\u00e9rence commerciale : MAUI-ADVENTURER MEDIUM<\/p>\n","protected":false},"featured_media":0,"template":"","meta":[],"product_brand":[42],"product_cat":[19,41],"product_tag":[],"class_list":{"0":"post-1696","1":"product","2":"type-product","3":"status-publish","5":"product_brand-cabaia","6":"product_cat-sac-a-dos","7":"product_cat-sac-a-dos-cabaia-medium","9":"first","10":"instock","11":"taxable","12":"shipping-taxable","13":"purchasable","14":"product-type-simple"},"_links":{"self":[{"href":"https:\/\/www.solene-maroquinerie.fr\/index.php\/wp-json\/wp\/v2\/product\/1696","targetHints":{"allow":["GET"]}}],"collection":[{"href":"https:\/\/www.solene-maroquinerie.fr\/index.php\/wp-json\/wp\/v2\/product"}],"about":[{"href":"https:\/\/www.solene-maroquinerie.fr\/index.php\/wp-json\/wp\/v2\/types\/product"}],"wp:attachment":[{"href":"https:\/\/www.solene-maroquinerie.fr\/index.php\/wp-json\/wp\/v2\/media?parent=1696"}],"wp:term":[{"taxonomy":"product_brand","embeddable":true,"href":"https:\/\/www.solene-maroquinerie.fr\/index.php\/wp-json\/wp\/v2\/product_brand?post=1696"},{"taxonomy":"product_cat","embeddable":true,"href":"https:\/\/www.solene-maroquinerie.fr\/index.php\/wp-json\/wp\/v2\/product_cat?post=1696"},{"taxonomy":"product_tag","embeddable":true,"href":"https:\/\/www.solene-maroquinerie.fr\/index.php\/wp-json\/wp\/v2\/product_tag?post=1696"}],"curies":[{"name":"wp","href":"https:\/\/api.w.org\/{rel}","templated":true}]}}