{"id":1705,"date":"2026-04-29T11:23:43","date_gmt":"2026-04-29T11:23:43","guid":{"rendered":"https:\/\/www.solene-maroquinerie.fr\/index.php\/produit\/valise-cabaia-2-roues-m-amiens\/"},"modified":"2026-05-13T14:49:45","modified_gmt":"2026-05-13T14:49:45","slug":"valise-cabaia-2-roues-m-amiens","status":"publish","type":"product","link":"https:\/\/www.solene-maroquinerie.fr\/index.php\/produit\/valise-cabaia-2-roues-m-amiens\/","title":{"rendered":"VALISE CABAIA 2 ROUES M AMIENS"},"content":{"rendered":"<p><strong>Descriptif du VALISE SOUPLE CABAIA SOFT SUITCASE 2 WHEELS M AMIENS<\/strong><\/p>\n<ul>\n<li>Garantie \u00e0 vie<\/li>\n<li>Serrure TSA int\u00e9gr\u00e9e pour une s\u00e9curit\u00e9 renforc\u00e9e<\/li>\n<li>Int\u00e9rieur \u00e0 double compartiment pour un sac organis\u00e9<\/li>\n<li>Compartiment ordinateur accessible au centre (adapt\u00e9 aux ordinateurs de toutes tailles)<\/li>\n<li>Poche avant ultra-large avec rangements internes<\/li>\n<li>Poche gourde ext\u00e9rieure<\/li>\n<li>1 poign\u00e9e haute et 2 poign\u00e9es lat\u00e9rales<\/li>\n<li>1 poign\u00e9e t\u00e9lescopique + 2 roues rempla\u00e7ables.<\/li>\n<li>Vegan et d\u00e9perlante<\/li>\n<\/ul>\n<p><span><strong>Dimensions (75L) <\/strong>:\u00a0<\/span><span>67cm x 41,5cm x 27cm (roues comprises)<\/span><\/p>\n<p><span><strong>Poids<\/strong> : 3<\/span><span>,45 kg<\/span><\/p>\n<p><strong>Composition<\/strong>\u00a0:\u00a0<br \/><span><span>Mati\u00e8re ext\u00e9rieure : 100% Polyester<\/span><br \/><span>Tissu ext\u00e9rieur enduit : 80% Polyester, 20% Polyur\u00e9thane<\/span><br \/><span>Doublure int\u00e9rieur : 100% Polyester<\/span><br \/><\/span><\/p>\n<h4>Informations livraisons<\/h4>\n<div>Les frais de livraisons sont offerts d\u00e8s 40\u20ac d&rsquo;achats<br \/>Livraison entre 3 et 5 jours<\/div>\n<div>Mode de paiement s\u00e9curis\u00e9s accept\u00e9s : CARTE BANCAIRE\u00a0 ou\u00a0 PAYPAL<br \/>R\u00e9ception des marchandises : A domicile ou Retrait \u00e0 notre magasin<br \/>Consulter nos<a href=\"http:\/\/www.solene-maroquinerie.fr\/conditions_generales_de_vente.html\" target=\"_self\" title=\"Nos CGV\">\u00a0conditions g\u00e9n\u00e9rales de ventes<\/a><\/div>\n","protected":false},"excerpt":{"rendered":"<p class=\"reference-commerciale\">R\u00e9f\u00e9rence commerciale : VALISE SOUPLE CABAIA SOFT SUITCASE 2 WHEELS M AMIENS<\/p>\n","protected":false},"featured_media":0,"template":"","meta":[],"product_brand":[42],"product_cat":[60,102],"product_tag":[],"class_list":{"0":"post-1705","1":"product","2":"type-product","3":"status-publish","5":"product_brand-cabaia","6":"product_cat-bagages","7":"product_cat-valise-souple-cabaia","9":"first","10":"instock","11":"taxable","12":"shipping-taxable","13":"purchasable","14":"product-type-simple"},"_links":{"self":[{"href":"https:\/\/www.solene-maroquinerie.fr\/index.php\/wp-json\/wp\/v2\/product\/1705","targetHints":{"allow":["GET"]}}],"collection":[{"href":"https:\/\/www.solene-maroquinerie.fr\/index.php\/wp-json\/wp\/v2\/product"}],"about":[{"href":"https:\/\/www.solene-maroquinerie.fr\/index.php\/wp-json\/wp\/v2\/types\/product"}],"wp:attachment":[{"href":"https:\/\/www.solene-maroquinerie.fr\/index.php\/wp-json\/wp\/v2\/media?parent=1705"}],"wp:term":[{"taxonomy":"product_brand","embeddable":true,"href":"https:\/\/www.solene-maroquinerie.fr\/index.php\/wp-json\/wp\/v2\/product_brand?post=1705"},{"taxonomy":"product_cat","embeddable":true,"href":"https:\/\/www.solene-maroquinerie.fr\/index.php\/wp-json\/wp\/v2\/product_cat?post=1705"},{"taxonomy":"product_tag","embeddable":true,"href":"https:\/\/www.solene-maroquinerie.fr\/index.php\/wp-json\/wp\/v2\/product_tag?post=1705"}],"curies":[{"name":"wp","href":"https:\/\/api.w.org\/{rel}","templated":true}]}}