{"id":1748,"date":"2026-04-29T11:23:49","date_gmt":"2026-04-29T11:23:49","guid":{"rendered":"https:\/\/www.solene-maroquinerie.fr\/index.php\/produit\/phonebag-cabaia-honolulu\/"},"modified":"2026-05-13T14:49:50","modified_gmt":"2026-05-13T14:49:50","slug":"phonebag-cabaia-honolulu","status":"publish","type":"product","link":"https:\/\/www.solene-maroquinerie.fr\/index.php\/produit\/phonebag-cabaia-honolulu\/","title":{"rendered":"PHONEBAG CABAIA HONOLULU"},"content":{"rendered":"<div data-accordion-content=\"open\">\n<p><strong>Descriptif du PHONEBAG CABAIA HONOLULU<\/strong><\/p>\n<ul>\n<li>Garantie \u00e0 vie<\/li>\n<li>Poche secr\u00e8te zipp\u00e9e \u00e0 l\u2019arri\u00e8re<\/li>\n<li>L\u00e9g\u00e8re et compact<\/li>\n<li>Syst\u00e8me MOLLE pour attacher les pochettes avant Nano<\/li>\n<li>Cordon r\u00e9glable et interchangeable<\/li>\n<li>Vegan et d\u00e9perlant<\/li>\n<\/ul>\n<div data-accordion-content=\"open\"><span>Dimensions :\u00a0<\/span><span>10cm x 18cm x 2cm<\/span><\/div>\n<\/p><\/div>\n<div>\n<p><strong>ENTRETIEN ET COMPOSITION<\/strong><\/p>\n<p> <span data-accordion-button-icon=\"open\"><\/span><\/div>\n<div data-accordion-content=\"open\">\n<p>Ne pas passer \u00e0 la machine, nettoyer d\u00e9licatement avec un linge humide et du savon.<\/p>\n<p><strong>Composition :<\/strong><br \/><span>Tissu ext\u00e9rieur : 100% recycled polyester<\/span><br \/><span>Tissu int\u00e9rieur : 100% recycled polyester<\/span><\/p>\n<p><strong>Informations livraisons<\/strong><br \/>Les frais de livraisons sont offerts d\u00e8s 40\u20ac d&rsquo;achats<br \/>Livraison entre 3 et 5 jours<br \/>Mode de paiement s\u00e9curis\u00e9s accept\u00e9s : CARTE BANCAIRE\u00a0 ou\u00a0 PAYPAL<br \/>R\u00e9ception des marchandises : A domicile ou Retrait \u00e0 notre magasin<br \/>Consulter nos<a href=\"http:\/\/www.solene-maroquinerie.fr\/conditions_generales_de_vente.html\" target=\"_self\" title=\"Nos CGV\">\u00a0conditions g\u00e9n\u00e9rales de ventes<\/a><\/p>\n<\/p><\/div>\n","protected":false},"excerpt":{"rendered":"<p class=\"reference-commerciale\">R\u00e9f\u00e9rence commerciale : PHONEBAG CABAIA HONOLULU<\/p>\n","protected":false},"featured_media":0,"template":"","meta":[],"product_brand":[42],"product_cat":[24,98],"product_tag":[],"class_list":{"0":"post-1748","1":"product","2":"type-product","3":"status-publish","5":"product_brand-cabaia","6":"product_cat-divers","7":"product_cat-phonebag-cabaia","9":"first","10":"instock","11":"taxable","12":"shipping-taxable","13":"purchasable","14":"product-type-simple"},"_links":{"self":[{"href":"https:\/\/www.solene-maroquinerie.fr\/index.php\/wp-json\/wp\/v2\/product\/1748","targetHints":{"allow":["GET"]}}],"collection":[{"href":"https:\/\/www.solene-maroquinerie.fr\/index.php\/wp-json\/wp\/v2\/product"}],"about":[{"href":"https:\/\/www.solene-maroquinerie.fr\/index.php\/wp-json\/wp\/v2\/types\/product"}],"wp:attachment":[{"href":"https:\/\/www.solene-maroquinerie.fr\/index.php\/wp-json\/wp\/v2\/media?parent=1748"}],"wp:term":[{"taxonomy":"product_brand","embeddable":true,"href":"https:\/\/www.solene-maroquinerie.fr\/index.php\/wp-json\/wp\/v2\/product_brand?post=1748"},{"taxonomy":"product_cat","embeddable":true,"href":"https:\/\/www.solene-maroquinerie.fr\/index.php\/wp-json\/wp\/v2\/product_cat?post=1748"},{"taxonomy":"product_tag","embeddable":true,"href":"https:\/\/www.solene-maroquinerie.fr\/index.php\/wp-json\/wp\/v2\/product_tag?post=1748"}],"curies":[{"name":"wp","href":"https:\/\/api.w.org\/{rel}","templated":true}]}}