{"id":1765,"date":"2026-04-29T11:23:50","date_gmt":"2026-04-29T11:23:50","guid":{"rendered":"https:\/\/www.solene-maroquinerie.fr\/index.php\/produit\/portefeuille-cabaia-m-catane\/"},"modified":"2026-05-13T11:56:23","modified_gmt":"2026-05-13T11:56:23","slug":"portefeuille-cabaia-m-catane","status":"publish","type":"product","link":"https:\/\/www.solene-maroquinerie.fr\/index.php\/produit\/portefeuille-cabaia-m-catane\/","title":{"rendered":"PORTEFEUILLE CABAIA M CATANE"},"content":{"rendered":"<div data-accordion-content=\"open\">\n<p><strong>Descriptif du PORTEFEUILLE CABAIA WALLET M CATANE<\/strong><\/p>\n<ul>\n<li>Garanti \u00e0 vie<\/li>\n<li>Fermeture zipp\u00e9e<\/li>\n<li>Protection RFID<\/li>\n<li>Pochette int\u00e9rieure zipp\u00e9e pour les pi\u00e8ces<\/li>\n<li>6 fentes pour les cartes<\/li>\n<li>Vegan et d\u00e9perlant<\/li>\n<\/ul>\n<div data-accordion-content=\"open\"><strong>Dimensions\u00a0\u00a0<\/strong>: 12,5<span><span>cm x 10,5cm x 3cm<\/span><\/span><\/div>\n<\/p><\/div>\n<div>\n<p>ENTRETIEN ET COMPOSITION<\/p>\n<p> <span data-accordion-button-icon=\"open\"><\/span><\/div>\n<div data-accordion-content=\"open\">\n<p>Ne pas passer \u00e0 la machine, nettoyer d\u00e9licatement avec un linge humide et du savon.<\/p>\n<p><strong>Composition :<\/strong><br \/><span>Tissu ext\u00e9rieur principal : 100 % polyester recycl\u00e9<\/span><br \/><span>Tissu ext\u00e9rieur enduit : 100 % polyur\u00e9thane<\/span><br \/><span>Doublure int\u00e9rieure : 100 % polyester recycl\u00e9<\/span><\/p>\n<p><strong>Informations livraisons<\/strong><br \/>Les frais de livraisons sont offerts d\u00e8s 40\u20ac d&rsquo;achats<br \/>Livraison entre 3 et 5 jours<br \/>Mode de paiement s\u00e9curis\u00e9s accept\u00e9s : CARTE BANCAIRE\u00a0 ou\u00a0 PAYPAL<br \/>R\u00e9ception des marchandises : A domicile ou Retrait \u00e0 notre magasin<br \/>Consulter nos<a href=\"http:\/\/www.solene-maroquinerie.fr\/conditions_generales_de_vente.html\" target=\"_self\" title=\"Nos CGV\">\u00a0conditions g\u00e9n\u00e9rales de ventes<\/a><\/p>\n<\/p><\/div>\n","protected":false},"excerpt":{"rendered":"<p>Descriptif du PORTEFEUILLE CABAIA WALLET M CATANE Garanti \u00e0 vie Fermeture zipp\u00e9e Protection RFID Pochette int\u00e9rieure zipp\u00e9e pour les pi\u00e8ces 6 fentes pour les cartes Vegan et d\u00e9perlant Dimensions\u00a0\u00a0: 12,5cm x 10,5cm x 3cm ENTRETIEN ET COMPOSITION Ne pas passer \u00e0 la machine, nettoyer d\u00e9licatement avec un linge humide et du savon. Composition :Tissu ext\u00e9rieur [&hellip;]<\/p>\n","protected":false},"featured_media":0,"template":"","meta":[],"product_brand":[42],"product_cat":[32,103],"product_tag":[],"class_list":{"0":"post-1765","1":"product","2":"type-product","3":"status-publish","5":"product_brand-cabaia","6":"product_cat-petite-maroquinerie","7":"product_cat-wallet-cabaia","9":"first","10":"instock","11":"taxable","12":"shipping-taxable","13":"purchasable","14":"product-type-simple"},"_links":{"self":[{"href":"https:\/\/www.solene-maroquinerie.fr\/index.php\/wp-json\/wp\/v2\/product\/1765","targetHints":{"allow":["GET"]}}],"collection":[{"href":"https:\/\/www.solene-maroquinerie.fr\/index.php\/wp-json\/wp\/v2\/product"}],"about":[{"href":"https:\/\/www.solene-maroquinerie.fr\/index.php\/wp-json\/wp\/v2\/types\/product"}],"wp:attachment":[{"href":"https:\/\/www.solene-maroquinerie.fr\/index.php\/wp-json\/wp\/v2\/media?parent=1765"}],"wp:term":[{"taxonomy":"product_brand","embeddable":true,"href":"https:\/\/www.solene-maroquinerie.fr\/index.php\/wp-json\/wp\/v2\/product_brand?post=1765"},{"taxonomy":"product_cat","embeddable":true,"href":"https:\/\/www.solene-maroquinerie.fr\/index.php\/wp-json\/wp\/v2\/product_cat?post=1765"},{"taxonomy":"product_tag","embeddable":true,"href":"https:\/\/www.solene-maroquinerie.fr\/index.php\/wp-json\/wp\/v2\/product_tag?post=1765"}],"curies":[{"name":"wp","href":"https:\/\/api.w.org\/{rel}","templated":true}]}}