{"id":179,"date":"2026-04-29T07:40:42","date_gmt":"2026-04-29T07:40:42","guid":{"rendered":"https:\/\/www.solene-maroquinerie.fr\/index.php\/produit\/sac-a-dos-cabaia-mini-paris\/"},"modified":"2026-05-13T11:53:07","modified_gmt":"2026-05-13T11:53:07","slug":"sac-a-dos-cabaia-mini-paris","status":"publish","type":"product","link":"https:\/\/www.solene-maroquinerie.fr\/index.php\/produit\/sac-a-dos-cabaia-mini-paris\/","title":{"rendered":"SAC A DOS CABA\u00cfA MINI PARIS"},"content":{"rendered":"<p><strong>Descriptif du SAC A DOS CABA\u00cfA MINI PARIS<\/strong><\/p>\n<ul>\n<li>Couleur : Bleu Chin\u00e9<\/li>\n<li>Poche Ipad molletonn\u00e9e ( Hauteur 28cm x Largeur 21 cm x Epaisseur 2 cm)<\/li>\n<li>Tissu d\u00e9perlant (vos affaires resteront toujours au sec !)<\/li>\n<li>Mousqueton int\u00e9rieur de s\u00e9curit\u00e9<\/li>\n<li>Ouverture Cabas\u00ae : Grand angle<\/li>\n<li>Bretelles molletonn\u00e9es et anti-transpirantes<\/li>\n<li>Bande d&rsquo;attache pour valise<\/li>\n<li>Maintien bouteille d&rsquo;eau 50cl : pour \u00e9viter les inondations<\/li>\n<li>Toile : Nylon 900D garantie \u00e0 vie !<\/li>\n<li>Zip YKK : la Rolls du zip, garanti \u00e0 vie aussi<\/li>\n<li>Fond \u00e9tanche : Nettoyable facilement<\/li>\n<li>2 poches interchangeables avec syst\u00e8me MOLLE\u00ae<\/li>\n<li>Vegan<\/li>\n<li>Poids : 0,700kg<\/li>\n<li>Volume : 12 L (parfait pour tous les jours et week end)<\/li>\n<li>Dimensions : 32 cm de haut, 23 cm de large, 13 cm \u00e9paisseur<\/li>\n<\/ul>\n<p>\u00a0<a href=\"https:\/\/youtu.be\/OGfyOMpejPQ\" target=\"_blank\" title=\"Partager le lien\">https:\/\/youtu.be\/OGfyOMpejPQ<\/a><\/p>\n<h4><strong>Informations livraisons<\/strong><\/h4>\n<div>Les frais de livraisons sont offerts d\u00e8s 40\u20ac d&rsquo;achats<br \/>Livraison entre 3 et 5 jours<\/div>\n<div>Mode de paiement s\u00e9curis\u00e9s accept\u00e9s : CARTE BANCAIRE\u00a0 ou\u00a0 PAYPAL<br \/>R\u00e9ception des marchandises : A domicile ou Retrait \u00e0 notre magasin<br \/>Consulter nos<a href=\"http:\/\/www.solene-maroquinerie.fr\/conditions_generales_de_vente.html\" target=\"_self\" title=\"Nos CGV\">\u00a0conditions g\u00e9n\u00e9rales de ventes<\/a><\/div>\n<p>\u00a0<\/p>\n","protected":false},"excerpt":{"rendered":"<p>Descriptif du SAC A DOS CABA\u00cfA MINI PARIS Couleur : Bleu Chin\u00e9 Poche Ipad molletonn\u00e9e ( Hauteur 28cm x Largeur 21 cm x Epaisseur 2 cm) Tissu d\u00e9perlant (vos affaires resteront toujours au sec !) Mousqueton int\u00e9rieur de s\u00e9curit\u00e9 Ouverture Cabas\u00ae : Grand angle Bretelles molletonn\u00e9es et anti-transpirantes Bande d&rsquo;attache pour valise Maintien bouteille d&rsquo;eau [&hellip;]<\/p>\n","protected":false},"featured_media":178,"template":"","meta":[],"product_brand":[42],"product_cat":[19,44],"product_tag":[],"class_list":{"0":"post-179","1":"product","2":"type-product","3":"status-publish","4":"has-post-thumbnail","6":"product_brand-cabaia","7":"product_cat-sac-a-dos","8":"product_cat-sac-a-dos-cabaia-small","10":"first","11":"instock","12":"taxable","13":"shipping-taxable","14":"purchasable","15":"product-type-simple"},"_links":{"self":[{"href":"https:\/\/www.solene-maroquinerie.fr\/index.php\/wp-json\/wp\/v2\/product\/179","targetHints":{"allow":["GET"]}}],"collection":[{"href":"https:\/\/www.solene-maroquinerie.fr\/index.php\/wp-json\/wp\/v2\/product"}],"about":[{"href":"https:\/\/www.solene-maroquinerie.fr\/index.php\/wp-json\/wp\/v2\/types\/product"}],"wp:featuredmedia":[{"embeddable":true,"href":"https:\/\/www.solene-maroquinerie.fr\/index.php\/wp-json\/wp\/v2\/media\/178"}],"wp:attachment":[{"href":"https:\/\/www.solene-maroquinerie.fr\/index.php\/wp-json\/wp\/v2\/media?parent=179"}],"wp:term":[{"taxonomy":"product_brand","embeddable":true,"href":"https:\/\/www.solene-maroquinerie.fr\/index.php\/wp-json\/wp\/v2\/product_brand?post=179"},{"taxonomy":"product_cat","embeddable":true,"href":"https:\/\/www.solene-maroquinerie.fr\/index.php\/wp-json\/wp\/v2\/product_cat?post=179"},{"taxonomy":"product_tag","embeddable":true,"href":"https:\/\/www.solene-maroquinerie.fr\/index.php\/wp-json\/wp\/v2\/product_tag?post=179"}],"curies":[{"name":"wp","href":"https:\/\/api.w.org\/{rel}","templated":true}]}}