{"id":182,"date":"2026-04-29T07:41:02","date_gmt":"2026-04-29T07:41:02","guid":{"rendered":"https:\/\/www.solene-maroquinerie.fr\/index.php\/produit\/petite-sacoche-lacoste-noir\/"},"modified":"2026-05-13T11:53:08","modified_gmt":"2026-05-13T11:53:08","slug":"petite-sacoche-lacoste-noir","status":"publish","type":"product","link":"https:\/\/www.solene-maroquinerie.fr\/index.php\/produit\/petite-sacoche-lacoste-noir\/","title":{"rendered":"PETITE SACOCHE LACOSTE NOIR"},"content":{"rendered":"<p><strong>Caract\u00e9ristiques de la PETITE SACOCHE PLATE LACOSTE LCST NOIR<\/strong><\/p>\n<ul>\n<li>Ext\u00e9rieur 1 poche zipp\u00e9e, int\u00e9rieur 1 poche zipp\u00e9e et 1 poche plaqu\u00e9e mesh<\/li>\n<li>Fermeture zipp\u00e9e et bandouli\u00e8re r\u00e9glable<\/li>\n<li>Crocodile vert brod\u00e9<\/li>\n<li>Dimensions 15 x 20 x 2,5 cm<\/li>\n<li>PVC<\/li>\n<li>Exterieur: Pvc (100%)<\/li>\n<\/ul>\n<p><strong>Informations livraisons<\/strong><\/p>\n<div>Les frais de livraisons sont offerts d\u00e8s 40\u20ac d&rsquo;achats<br \/>Livraison entre 3 et 5 jours<\/div>\n<div>Mode de paiement s\u00e9curis\u00e9s accept\u00e9s : CARTE BANCAIRE\u00a0 ou\u00a0 PAYPAL<br \/>R\u00e9ception des marchandises : A domicile ou Retrait \u00e0 notre magasin<br \/>Consulter nos<a href=\"http:\/\/www.solene-maroquinerie.fr\/conditions_generales_de_vente.html\" target=\"_self\" title=\"Nos CGV\">\u00a0conditions g\u00e9n\u00e9rales de ventes<\/a><\/div>\n<p>\u00a0<\/p>\n","protected":false},"excerpt":{"rendered":"<p>Caract\u00e9ristiques de la PETITE SACOCHE PLATE LACOSTE LCST NOIR Ext\u00e9rieur 1 poche zipp\u00e9e, int\u00e9rieur 1 poche zipp\u00e9e et 1 poche plaqu\u00e9e mesh Fermeture zipp\u00e9e et bandouli\u00e8re r\u00e9glable Crocodile vert brod\u00e9 Dimensions 15 x 20 x 2,5 cm PVC Exterieur: Pvc (100%) Informations livraisons Les frais de livraisons sont offerts d\u00e8s 40\u20ac d&rsquo;achatsLivraison entre 3 et [&hellip;]<\/p>\n","protected":false},"featured_media":181,"comment_status":"open","ping_status":"closed","template":"","meta":[],"product_brand":[25],"product_cat":[24,34],"product_tag":[],"class_list":{"0":"post-182","1":"product","2":"type-product","3":"status-publish","4":"has-post-thumbnail","6":"product_brand-lacoste","7":"product_cat-divers","8":"product_cat-homme","10":"first","11":"instock","12":"taxable","13":"shipping-taxable","14":"purchasable","15":"product-type-simple"},"_links":{"self":[{"href":"https:\/\/www.solene-maroquinerie.fr\/index.php\/wp-json\/wp\/v2\/product\/182","targetHints":{"allow":["GET"]}}],"collection":[{"href":"https:\/\/www.solene-maroquinerie.fr\/index.php\/wp-json\/wp\/v2\/product"}],"about":[{"href":"https:\/\/www.solene-maroquinerie.fr\/index.php\/wp-json\/wp\/v2\/types\/product"}],"replies":[{"embeddable":true,"href":"https:\/\/www.solene-maroquinerie.fr\/index.php\/wp-json\/wp\/v2\/comments?post=182"}],"wp:featuredmedia":[{"embeddable":true,"href":"https:\/\/www.solene-maroquinerie.fr\/index.php\/wp-json\/wp\/v2\/media\/181"}],"wp:attachment":[{"href":"https:\/\/www.solene-maroquinerie.fr\/index.php\/wp-json\/wp\/v2\/media?parent=182"}],"wp:term":[{"taxonomy":"product_brand","embeddable":true,"href":"https:\/\/www.solene-maroquinerie.fr\/index.php\/wp-json\/wp\/v2\/product_brand?post=182"},{"taxonomy":"product_cat","embeddable":true,"href":"https:\/\/www.solene-maroquinerie.fr\/index.php\/wp-json\/wp\/v2\/product_cat?post=182"},{"taxonomy":"product_tag","embeddable":true,"href":"https:\/\/www.solene-maroquinerie.fr\/index.php\/wp-json\/wp\/v2\/product_tag?post=182"}],"curies":[{"name":"wp","href":"https:\/\/api.w.org\/{rel}","templated":true}]}}