{"id":191,"date":"2026-04-29T07:41:19","date_gmt":"2026-04-29T07:41:19","guid":{"rendered":"https:\/\/www.solene-maroquinerie.fr\/index.php\/produit\/sac-a-main-zippe-lancaster-dune\/"},"modified":"2026-05-13T11:53:08","modified_gmt":"2026-05-13T11:53:08","slug":"sac-a-main-zippe-lancaster-dune","status":"publish","type":"product","link":"https:\/\/www.solene-maroquinerie.fr\/index.php\/produit\/sac-a-main-zippe-lancaster-dune\/","title":{"rendered":"SAC \u00c0 MAIN ZIPP\u00c9 LANCASTER DUNE"},"content":{"rendered":"<div>\n<p><span><strong>Caract\u00e9ristiques du\u00a0SAC \u00c0 MAIN ZIPP\u00c9 LANCASTER DUNE NOIR<\/strong><\/span><\/p>\n<ul>\n<li>Poche frontale zipp\u00e9e<\/li>\n<li>poche arri\u00e8re zipp\u00e9e<\/li>\n<li>poche int\u00e9rieure zipp\u00e9e<\/li>\n<li>poche int\u00e9rieure simple<\/li>\n<li>1 emplacement porte carte<\/li>\n<li>Bandouli\u00e8re amovible<\/li>\n<\/ul>\n<p>Finition :<\/p>\n<ul>\n<li>M\u00e9tal dor\u00e9 brillant<\/li>\n<\/ul>\n<p>Dimensions :<\/p>\n<ul>\n<li>30 x 23 x 14 cm<\/li>\n<\/ul>\n<p>Composition :<\/p>\n<ul>\n<li><span>Cuir de vachette finition grain\u00e9e\u00a0<\/span>et doublure synth\u00e9tique<\/li>\n<\/ul>\n<p>\u00a0<\/p>\n<p><strong>Informations livraisons<\/strong><\/p>\n<p>Les frais de livraisons sont offerts d\u00e8s 40\u20ac d&rsquo;achats<\/p>\n<p>Mode de paiement s\u00e9curis\u00e9s accept\u00e9s : CARTE BANCAIRE\u00a0 ou\u00a0 PAYPAL<\/p>\n<div>R\u00e9ception des marchandises : A domicile ou Retrait \u00e0 notre magasin<\/div>\n<div>Livraison entre 3 et 5 jours<\/div>\n<div>Retrait au magasin sous 24h (rdv)<\/div>\n<div>Consulter nos<a href=\"https:\/\/www.solene-maroquinerie.fr\/conditions_generales_de_vente.html\" target=\"_self\" title=\"Nos CGV\">\u00a0conditions g\u00e9n\u00e9rales de ventes<\/a><\/div>\n<\/p><\/div>\n","protected":false},"excerpt":{"rendered":"<p>Caract\u00e9ristiques du\u00a0SAC \u00c0 MAIN ZIPP\u00c9 LANCASTER DUNE NOIR Poche frontale zipp\u00e9e poche arri\u00e8re zipp\u00e9e poche int\u00e9rieure zipp\u00e9e poche int\u00e9rieure simple 1 emplacement porte carte Bandouli\u00e8re amovible Finition : M\u00e9tal dor\u00e9 brillant Dimensions : 30 x 23 x 14 cm Composition : Cuir de vachette finition grain\u00e9e\u00a0et doublure synth\u00e9tique \u00a0 Informations livraisons Les frais de livraisons [&hellip;]<\/p>\n","protected":false},"featured_media":190,"template":"","meta":[],"product_brand":[29],"product_cat":[27,28],"product_tag":[],"class_list":{"0":"post-191","1":"product","2":"type-product","3":"status-publish","4":"has-post-thumbnail","6":"product_brand-lancaster","7":"product_cat-sac-a-main","8":"product_cat-sac-a-main-2","10":"first","11":"instock","12":"taxable","13":"shipping-taxable","14":"purchasable","15":"product-type-simple"},"_links":{"self":[{"href":"https:\/\/www.solene-maroquinerie.fr\/index.php\/wp-json\/wp\/v2\/product\/191","targetHints":{"allow":["GET"]}}],"collection":[{"href":"https:\/\/www.solene-maroquinerie.fr\/index.php\/wp-json\/wp\/v2\/product"}],"about":[{"href":"https:\/\/www.solene-maroquinerie.fr\/index.php\/wp-json\/wp\/v2\/types\/product"}],"wp:featuredmedia":[{"embeddable":true,"href":"https:\/\/www.solene-maroquinerie.fr\/index.php\/wp-json\/wp\/v2\/media\/190"}],"wp:attachment":[{"href":"https:\/\/www.solene-maroquinerie.fr\/index.php\/wp-json\/wp\/v2\/media?parent=191"}],"wp:term":[{"taxonomy":"product_brand","embeddable":true,"href":"https:\/\/www.solene-maroquinerie.fr\/index.php\/wp-json\/wp\/v2\/product_brand?post=191"},{"taxonomy":"product_cat","embeddable":true,"href":"https:\/\/www.solene-maroquinerie.fr\/index.php\/wp-json\/wp\/v2\/product_cat?post=191"},{"taxonomy":"product_tag","embeddable":true,"href":"https:\/\/www.solene-maroquinerie.fr\/index.php\/wp-json\/wp\/v2\/product_tag?post=191"}],"curies":[{"name":"wp","href":"https:\/\/api.w.org\/{rel}","templated":true}]}}