{"id":196,"date":"2026-04-29T07:41:23","date_gmt":"2026-04-29T07:41:23","guid":{"rendered":"https:\/\/www.solene-maroquinerie.fr\/index.php\/produit\/portefeuille-lancaster-constance\/"},"modified":"2026-05-13T11:53:09","modified_gmt":"2026-05-13T11:53:09","slug":"portefeuille-lancaster-constance","status":"publish","type":"product","link":"https:\/\/www.solene-maroquinerie.fr\/index.php\/produit\/portefeuille-lancaster-constance\/","title":{"rendered":"PORTEFEUILLE LANCASTER CONSTANCE"},"content":{"rendered":"<p><strong>Caract\u00e9ristiques du PORTEFEUILLE PORTE CARTES LANCASTER CONSTANCE NOIR<\/strong><\/p>\n<ul>\n<li>Porte billets<\/li>\n<li>7 emplacements carte<\/li>\n<li>Emplacement carte d&rsquo;identit\u00e9<\/li>\n<li>Emplacement permis de conduire<\/li>\n<li>Fermeture zipp\u00e9e<\/li>\n<li>Finition m\u00e9tal argent\u00e9 brillant<\/li>\n<\/ul>\n<p>Dimensions<\/p>\n<ul>\n<li>10.5 x 14.5 x 2.5 cm<\/li>\n<\/ul>\n<p>Composition :<\/p>\n<ul>\n<li><span><span>Refente de cuir de vachette<\/span><\/span><\/li>\n<li>Doublure synth\u00e9tique<\/li>\n<\/ul>\n<p><strong>Informations livraisons<\/strong><\/p>\n<p>Les frais de livraisons sont offerts d\u00e8s 40\u20ac d&rsquo;achats<\/p>\n<p>Mode de paiement s\u00e9curis\u00e9s accept\u00e9s : CARTE BANCAIRE\u00a0 ou\u00a0 PAYPAL<\/p>\n<div>R\u00e9ception des marchandises : A domicile ou Retrait \u00e0 notre magasin<\/div>\n<div>Livraison entre 3 et 5 jours<\/div>\n<div>Retrait au magasin sous 24h (rdv)<\/div>\n<div>Consulter nos<a href=\"https:\/\/www.solene-maroquinerie.fr\/conditions_generales_de_vente.html\" target=\"_self\" title=\"Nos CGV\">\u00a0conditions g\u00e9n\u00e9rales de ventes<\/a><\/div>\n","protected":false},"excerpt":{"rendered":"<p>Caract\u00e9ristiques du PORTEFEUILLE PORTE CARTES LANCASTER CONSTANCE NOIR Porte billets 7 emplacements carte Emplacement carte d&rsquo;identit\u00e9 Emplacement permis de conduire Fermeture zipp\u00e9e Finition m\u00e9tal argent\u00e9 brillant Dimensions 10.5 x 14.5 x 2.5 cm Composition : Refente de cuir de vachette Doublure synth\u00e9tique Informations livraisons Les frais de livraisons sont offerts d\u00e8s 40\u20ac d&rsquo;achats Mode de [&hellip;]<\/p>\n","protected":false},"featured_media":195,"template":"","meta":[],"product_brand":[29],"product_cat":[32,51],"product_tag":[],"class_list":{"0":"post-196","1":"product","2":"type-product","3":"status-publish","4":"has-post-thumbnail","6":"product_brand-lancaster","7":"product_cat-petite-maroquinerie","8":"product_cat-petite-maroquinerie-lancaster","10":"first","11":"instock","12":"taxable","13":"shipping-taxable","14":"purchasable","15":"product-type-simple"},"_links":{"self":[{"href":"https:\/\/www.solene-maroquinerie.fr\/index.php\/wp-json\/wp\/v2\/product\/196","targetHints":{"allow":["GET"]}}],"collection":[{"href":"https:\/\/www.solene-maroquinerie.fr\/index.php\/wp-json\/wp\/v2\/product"}],"about":[{"href":"https:\/\/www.solene-maroquinerie.fr\/index.php\/wp-json\/wp\/v2\/types\/product"}],"wp:featuredmedia":[{"embeddable":true,"href":"https:\/\/www.solene-maroquinerie.fr\/index.php\/wp-json\/wp\/v2\/media\/195"}],"wp:attachment":[{"href":"https:\/\/www.solene-maroquinerie.fr\/index.php\/wp-json\/wp\/v2\/media?parent=196"}],"wp:term":[{"taxonomy":"product_brand","embeddable":true,"href":"https:\/\/www.solene-maroquinerie.fr\/index.php\/wp-json\/wp\/v2\/product_brand?post=196"},{"taxonomy":"product_cat","embeddable":true,"href":"https:\/\/www.solene-maroquinerie.fr\/index.php\/wp-json\/wp\/v2\/product_cat?post=196"},{"taxonomy":"product_tag","embeddable":true,"href":"https:\/\/www.solene-maroquinerie.fr\/index.php\/wp-json\/wp\/v2\/product_tag?post=196"}],"curies":[{"name":"wp","href":"https:\/\/api.w.org\/{rel}","templated":true}]}}