{"id":244,"date":"2026-04-29T07:43:28","date_gmt":"2026-04-29T07:43:28","guid":{"rendered":"https:\/\/www.solene-maroquinerie.fr\/index.php\/produit\/sac-trotteur-lancaster-constance-2\/"},"modified":"2026-05-13T14:48:15","modified_gmt":"2026-05-13T14:48:15","slug":"sac-trotteur-lancaster-constance-2","status":"publish","type":"product","link":"https:\/\/www.solene-maroquinerie.fr\/index.php\/produit\/sac-trotteur-lancaster-constance-2\/","title":{"rendered":"SAC TROTTEUR LANCASTER CONSTANCE"},"content":{"rendered":"<p><span style=\"font-family: arial, helvetica, sans-serif. font-size: small. color: #000000.\"><strong>Caract\u00e9ristiques du PETIT SAC TROTTEUR LANCASTER CONSTANCE ROUGE<\/strong><\/span><\/p>\n<ul>\n<li><span style=\"font-size: small.\">Poche avant zipp\u00e9e<\/span><\/li>\n<li><span style=\"font-size: small.\">Poche arri\u00e8re zipp\u00e9e<\/span><\/li>\n<li><span style=\"font-size: small.\">Compartiment t\u00e9l\u00e9phone<\/span><\/li>\n<li><span style=\"font-size: small.\">Poche int\u00e9rieure zipp\u00e9e<\/span><\/li>\n<li><span style=\"font-size: small.\">Poche int\u00e9rieure simple<\/span><\/li>\n<\/ul>\n<p><span style=\"font-size: small.\">Finition :<\/span><\/p>\n<ul>\n<li><span style=\"font-size: small.\">M\u00e9tal argent\u00e9 brillant<\/span><\/li>\n<\/ul>\n<p><span style=\"font-size: small.\">Composition :<\/span><\/p>\n<ul>\n<li><span style=\"font-size: small.\">Refente de cuir vachette et doublure synth\u00e9tique<\/span><\/li>\n<\/ul>\n<p><span style=\"font-size: small.\">Dimensions :<\/span><\/p>\n<ul>\n<li><span style=\"font-size: small.\">24 x 17 x 11cm<\/span><\/li>\n<\/ul>\n<p><span style=\"color: #000000.\"><strong style=\"font-family: arial, helvetica, sans-serif. font-size: small.\">Informations livraisons<\/strong><\/span><\/p>\n<div><span style=\"font-family: arial, helvetica, sans-serif. font-size: small.\">Les frais de livraisons sont offerts d\u00e8s 40\u20ac d&rsquo;achats<\/span><\/div>\n<p><span style=\"font-family: arial, helvetica, sans-serif. font-size: small. color: #000000.\">Livraison entre 3 et 5 jours<\/span><\/p>\n<p><span style=\"font-family: arial, helvetica, sans-serif. font-size: small. color: #000000.\">Mode de paiement s\u00e9curis\u00e9s accept\u00e9s : CARTE BANCAIRE\u00a0 ou\u00a0 PAYPAL<\/span><\/p>\n<p><span style=\"font-family: arial, helvetica, sans-serif. font-size: small. color: #000000.\">R\u00e9ception des marchandises : A domicile ou Retrait \u00e0 notre magasin<\/span><br \/><span style=\"font-family: arial, helvetica, sans-serif. font-size: small. color: #000000.\">Consulter nos<a href=\"http:\/\/www.solene-maroquinerie.fr\/conditions_generales_de_vente.html\" target=\"_self\" title=\"Nos CGV\"><span style=\"color: #000000.\">\u00a0conditions g\u00e9n\u00e9rales de ventes<\/span><\/a><\/span><\/p>\n<p><span style=\"color: #000000. font-family: arial, helvetica, sans-serif. font-size: small.\"><br \/><\/span><\/p>\n","protected":false},"excerpt":{"rendered":"<p class=\"reference-commerciale\">R\u00e9f\u00e9rence commerciale : 437-02 ROUGE<\/p>\n","protected":false},"featured_media":243,"template":"","meta":[],"product_brand":[29],"product_cat":[27,28],"product_tag":[],"class_list":{"0":"post-244","1":"product","2":"type-product","3":"status-publish","4":"has-post-thumbnail","6":"product_brand-lancaster","7":"product_cat-sac-a-main","8":"product_cat-sac-a-main-2","10":"first","11":"instock","12":"taxable","13":"shipping-taxable","14":"purchasable","15":"product-type-simple"},"_links":{"self":[{"href":"https:\/\/www.solene-maroquinerie.fr\/index.php\/wp-json\/wp\/v2\/product\/244","targetHints":{"allow":["GET"]}}],"collection":[{"href":"https:\/\/www.solene-maroquinerie.fr\/index.php\/wp-json\/wp\/v2\/product"}],"about":[{"href":"https:\/\/www.solene-maroquinerie.fr\/index.php\/wp-json\/wp\/v2\/types\/product"}],"wp:featuredmedia":[{"embeddable":true,"href":"https:\/\/www.solene-maroquinerie.fr\/index.php\/wp-json\/wp\/v2\/media\/243"}],"wp:attachment":[{"href":"https:\/\/www.solene-maroquinerie.fr\/index.php\/wp-json\/wp\/v2\/media?parent=244"}],"wp:term":[{"taxonomy":"product_brand","embeddable":true,"href":"https:\/\/www.solene-maroquinerie.fr\/index.php\/wp-json\/wp\/v2\/product_brand?post=244"},{"taxonomy":"product_cat","embeddable":true,"href":"https:\/\/www.solene-maroquinerie.fr\/index.php\/wp-json\/wp\/v2\/product_cat?post=244"},{"taxonomy":"product_tag","embeddable":true,"href":"https:\/\/www.solene-maroquinerie.fr\/index.php\/wp-json\/wp\/v2\/product_tag?post=244"}],"curies":[{"name":"wp","href":"https:\/\/api.w.org\/{rel}","templated":true}]}}