{"id":270,"date":"2026-04-29T07:44:07","date_gmt":"2026-04-29T07:44:07","guid":{"rendered":"https:\/\/www.solene-maroquinerie.fr\/index.php\/produit\/sac-a-dos-rains-rolltop-cement\/"},"modified":"2026-05-13T11:53:17","modified_gmt":"2026-05-13T11:53:17","slug":"sac-a-dos-rains-rolltop-cement","status":"publish","type":"product","link":"https:\/\/www.solene-maroquinerie.fr\/index.php\/produit\/sac-a-dos-rains-rolltop-cement\/","title":{"rendered":"SAC A DOS RAINS ROLLTOP CEMENT"},"content":{"rendered":"<p><strong>Caract\u00e9ristiques du\u00a0SAC A DOS RAINS ROLLTOP RUCKSACK CEMENT<\/strong><\/p>\n<ul>\n<li>Imperm\u00e9abilit\u00e9 : 8 000 mm<\/li>\n<li>Ouverture \u00e0 rouler avec bouton-pression<\/li>\n<li>Fermeture \u00e0 mousqueton embl\u00e9matique<\/li>\n<li>Un compartiment principal<\/li>\n<li>Poche avant avec fermeture zipp\u00e9e enduite<\/li>\n<li>Pan dorsal matelass\u00e9 en mailles<\/li>\n<li>Poche lat\u00e9rale pour ordinateur portable 16\u201d<\/li>\n<li>Bretelles matelass\u00e9es r\u00e9glables<\/li>\n<li>Poign\u00e9e de transport en toile<\/li>\n<li>Sangle ventrale ajustable<\/li>\n<li>Ce produit est con\u00e7u pour r\u00e9sister \u00e0 des pluies l\u00e9g\u00e8res \u00e0 mod\u00e9r\u00e9es<\/li>\n<\/ul>\n<p><strong>Dimensions<\/strong><\/p>\n<ul>\n<li>H 48 x L 32 x P 11 cm<\/li>\n<li>Volume : 13 litres<\/li>\n<\/ul>\n<p><strong>Composition<\/strong><\/p>\n<ul>\n<li>Mati\u00e8re : 100 % polyester avec un rev\u00eatement en polyur\u00e9thane<\/li>\n<li>Doublure : 100 % polyester<\/li>\n<\/ul>\n<div>\n<p><strong>Informations livraisons<\/strong><\/p>\n<p>Les frais de livraisons sont offerts d\u00e8s 40\u20ac d&rsquo;achats<\/p>\n<p>Mode de paiement s\u00e9curis\u00e9s accept\u00e9s : CARTE BANCAIRE\u00a0 ou\u00a0 PAYPAL<\/p>\n<div>R\u00e9ception des marchandises : A domicile ou Retrait \u00e0 notre magasin<\/div>\n<div>Livraison entre 3 et 5 jours<\/div>\n<div>Retrait au magasin sous 24h (rdv)<\/div>\n<div>Consulter nos<a href=\"https:\/\/www.solene-maroquinerie.fr\/conditions_generales_de_vente.html\" target=\"_self\" title=\"Nos CGV\">\u00a0conditions g\u00e9n\u00e9rales de ventes<\/a><\/div>\n<\/p><\/div>\n","protected":false},"excerpt":{"rendered":"<p>Caract\u00e9ristiques du\u00a0SAC A DOS RAINS ROLLTOP RUCKSACK CEMENT Imperm\u00e9abilit\u00e9 : 8 000 mm Ouverture \u00e0 rouler avec bouton-pression Fermeture \u00e0 mousqueton embl\u00e9matique Un compartiment principal Poche avant avec fermeture zipp\u00e9e enduite Pan dorsal matelass\u00e9 en mailles Poche lat\u00e9rale pour ordinateur portable 16\u201d Bretelles matelass\u00e9es r\u00e9glables Poign\u00e9e de transport en toile Sangle ventrale ajustable Ce produit [&hellip;]<\/p>\n","protected":false},"featured_media":269,"comment_status":"open","ping_status":"closed","template":"","meta":[],"product_brand":[63],"product_cat":[64,19],"product_tag":[],"class_list":{"0":"post-270","1":"product","2":"type-product","3":"status-publish","4":"has-post-thumbnail","6":"product_brand-rains","7":"product_cat-rolltop-rucksack","8":"product_cat-sac-a-dos","10":"first","11":"instock","12":"taxable","13":"shipping-taxable","14":"purchasable","15":"product-type-simple"},"_links":{"self":[{"href":"https:\/\/www.solene-maroquinerie.fr\/index.php\/wp-json\/wp\/v2\/product\/270","targetHints":{"allow":["GET"]}}],"collection":[{"href":"https:\/\/www.solene-maroquinerie.fr\/index.php\/wp-json\/wp\/v2\/product"}],"about":[{"href":"https:\/\/www.solene-maroquinerie.fr\/index.php\/wp-json\/wp\/v2\/types\/product"}],"replies":[{"embeddable":true,"href":"https:\/\/www.solene-maroquinerie.fr\/index.php\/wp-json\/wp\/v2\/comments?post=270"}],"wp:featuredmedia":[{"embeddable":true,"href":"https:\/\/www.solene-maroquinerie.fr\/index.php\/wp-json\/wp\/v2\/media\/269"}],"wp:attachment":[{"href":"https:\/\/www.solene-maroquinerie.fr\/index.php\/wp-json\/wp\/v2\/media?parent=270"}],"wp:term":[{"taxonomy":"product_brand","embeddable":true,"href":"https:\/\/www.solene-maroquinerie.fr\/index.php\/wp-json\/wp\/v2\/product_brand?post=270"},{"taxonomy":"product_cat","embeddable":true,"href":"https:\/\/www.solene-maroquinerie.fr\/index.php\/wp-json\/wp\/v2\/product_cat?post=270"},{"taxonomy":"product_tag","embeddable":true,"href":"https:\/\/www.solene-maroquinerie.fr\/index.php\/wp-json\/wp\/v2\/product_tag?post=270"}],"curies":[{"name":"wp","href":"https:\/\/api.w.org\/{rel}","templated":true}]}}