{"id":316,"date":"2026-04-29T07:50:22","date_gmt":"2026-04-29T07:50:22","guid":{"rendered":"https:\/\/www.solene-maroquinerie.fr\/index.php\/produit\/sac-a-main-emilie-le-tanneur-noi\/"},"modified":"2026-05-13T11:53:22","modified_gmt":"2026-05-13T11:53:22","slug":"sac-a-main-emilie-le-tanneur-noi","status":"publish","type":"product","link":"https:\/\/www.solene-maroquinerie.fr\/index.php\/produit\/sac-a-main-emilie-le-tanneur-noi\/","title":{"rendered":"SAC A MAIN EMILIE LE TANNEUR NOI"},"content":{"rendered":"<p><strong>Caract\u00e9ristiques du SAC A MAIN MOYEN MODELE EMILIE LE TANNEUR NOIR<\/strong><\/p>\n<ul>\n<li>\n<p>Sac \u00e0 main moyen mod\u00e8le avec poign\u00e9es toron et trois compartiments dont un zipp\u00e9.<\/p>\n<\/li>\n<li>\n<p>Pi\u00e8ces T m\u00e9talliques signature de la ligne.<\/p>\n<\/li>\n<li>\n<p>Charms emboss\u00e9 Le Tanneur amovible.\u00a0<\/p>\n<\/li>\n<li>\n<p>2 poches plates et 2 poches zipp\u00e9es.<\/p>\n<\/li>\n<li>\n<p><span>1 poche plate arri\u00e8re.<\/span><\/p>\n<\/li>\n<li>\n<p><span>Bandouli\u00e8re amovible et ajustable.<\/span><\/p>\n<\/li>\n<li>\n<p><span>Accessoires m\u00e9talliques finition dor\u00e9 clair.<\/span><\/p>\n<\/li>\n<li>\n<p>Port\u00e9 main, \u00e9paule ou crois\u00e9 gr\u00e2ce \u00e0 sa bandouli\u00e8re ajustable et amovible.<\/p>\n<\/li>\n<\/ul>\n<p>Dimensions :<\/p>\n<ul>\n<li>L 28 x H 20 x P 14 cm<\/li>\n<\/ul>\n<p>Composition :\u00a0<\/p>\n<ul>\n<li>\n<p>Cuir de vachette pleine fleur grain\u00e9. Doublure textile.<\/p>\n<\/li>\n<li>\n<p><span>Le cuir grain\u00e9 pleine fleur allie \u00e9l\u00e9gance et sp\u00e9cificit\u00e9 gr\u00e2ce \u00e0 son grain apparent. Le cuir pleine fleur est un cuir dont la surface est rest\u00e9e intacte et naturelle. C\u2019est la partie la plus noble du cuir.\u00a0<\/span><\/p>\n<\/li>\n<li>\n<p><span>Une sensation agr\u00e9able au toucher le rend tr\u00e8s singulier. De quoi donner du relief \u00e0 \u00e0 ce sac.<\/span><\/p>\n<\/li>\n<\/ul>\n<p><strong>Informations livraisons<\/strong><\/p>\n<div>Les frais de livraisons sont offerts d\u00e8s 40\u20ac d&rsquo;achats<br \/>Livraison entre 3 et 5 jours<\/div>\n<div>Mode de paiement s\u00e9curis\u00e9s accept\u00e9s : CARTE BANCAIRE\u00a0 ou\u00a0 PAYPAL<br \/>R\u00e9ception des marchandises : A domicile ou Retrait \u00e0 notre magasin<br \/>Consulter nos<a href=\"https:\/\/www.solene-maroquinerie.fr\/conditions_generales_de_vente.html\" target=\"_self\" title=\"Nos CGV\">\u00a0conditions g\u00e9n\u00e9rales de ventes<\/a><\/div>\n","protected":false},"excerpt":{"rendered":"<p>Caract\u00e9ristiques du SAC A MAIN MOYEN MODELE EMILIE LE TANNEUR NOIR Sac \u00e0 main moyen mod\u00e8le avec poign\u00e9es toron et trois compartiments dont un zipp\u00e9. Pi\u00e8ces T m\u00e9talliques signature de la ligne. Charms emboss\u00e9 Le Tanneur amovible.\u00a0 2 poches plates et 2 poches zipp\u00e9es. 1 poche plate arri\u00e8re. Bandouli\u00e8re amovible et ajustable. Accessoires m\u00e9talliques finition [&hellip;]<\/p>\n","protected":false},"featured_media":315,"comment_status":"open","ping_status":"closed","template":"","meta":[],"product_brand":[48],"product_cat":[47,28],"product_tag":[],"class_list":{"0":"post-316","1":"product","2":"type-product","3":"status-publish","4":"has-post-thumbnail","6":"product_brand-le-tanneur","7":"product_cat-femme-le-tanneur","8":"product_cat-sac-a-main-2","10":"first","11":"instock","12":"taxable","13":"shipping-taxable","14":"purchasable","15":"product-type-simple"},"_links":{"self":[{"href":"https:\/\/www.solene-maroquinerie.fr\/index.php\/wp-json\/wp\/v2\/product\/316","targetHints":{"allow":["GET"]}}],"collection":[{"href":"https:\/\/www.solene-maroquinerie.fr\/index.php\/wp-json\/wp\/v2\/product"}],"about":[{"href":"https:\/\/www.solene-maroquinerie.fr\/index.php\/wp-json\/wp\/v2\/types\/product"}],"replies":[{"embeddable":true,"href":"https:\/\/www.solene-maroquinerie.fr\/index.php\/wp-json\/wp\/v2\/comments?post=316"}],"wp:featuredmedia":[{"embeddable":true,"href":"https:\/\/www.solene-maroquinerie.fr\/index.php\/wp-json\/wp\/v2\/media\/315"}],"wp:attachment":[{"href":"https:\/\/www.solene-maroquinerie.fr\/index.php\/wp-json\/wp\/v2\/media?parent=316"}],"wp:term":[{"taxonomy":"product_brand","embeddable":true,"href":"https:\/\/www.solene-maroquinerie.fr\/index.php\/wp-json\/wp\/v2\/product_brand?post=316"},{"taxonomy":"product_cat","embeddable":true,"href":"https:\/\/www.solene-maroquinerie.fr\/index.php\/wp-json\/wp\/v2\/product_cat?post=316"},{"taxonomy":"product_tag","embeddable":true,"href":"https:\/\/www.solene-maroquinerie.fr\/index.php\/wp-json\/wp\/v2\/product_tag?post=316"}],"curies":[{"name":"wp","href":"https:\/\/api.w.org\/{rel}","templated":true}]}}