{"id":322,"date":"2026-04-29T07:50:27","date_gmt":"2026-04-29T07:50:27","guid":{"rendered":"https:\/\/www.solene-maroquinerie.fr\/index.php\/produit\/sac-cabas-armani-exchange-noir\/"},"modified":"2026-05-13T11:53:23","modified_gmt":"2026-05-13T11:53:23","slug":"sac-cabas-armani-exchange-noir","status":"publish","type":"product","link":"https:\/\/www.solene-maroquinerie.fr\/index.php\/produit\/sac-cabas-armani-exchange-noir\/","title":{"rendered":"SAC CABAS ARMANI EXCHANGE NOIR"},"content":{"rendered":"<p><strong>Caract\u00e9ristiques du SAC CABAS ARMANI EXCHANGE DOUBLES ANSES NOIR<\/strong><\/p>\n<p><span>Pratique, spacieux, extr\u00eamement fonctionnel : c&rsquo;est un sac contemporain.<\/span><\/p>\n<p><span>Capable de discr\u00e9tion et ne manquant jamais de sa touche personnelle dans chaque look.<\/span><\/p>\n<p><span>Bref, un sac sign\u00e9 A | X : en toile de coton m\u00e9lang\u00e9 avec inscription logo all-over, avec une bande contrast\u00e9e personnalis\u00e9e et des doubles anses.<\/span><\/p>\n<ul>\n<li>Sac cabas en toile avec double poign\u00e9es<\/li>\n<li>Lettrage du logo sur l&rsquo;ensemble et bande logot\u00e9e<\/li>\n<\/ul>\n<p>Dimensions :<\/p>\n<ul>\n<li><span>30 x 29 x 11,5 cm<\/span><\/li>\n<\/ul>\n<p>Composition :\u00a0<\/p>\n<ul>\n<li>\n<p>70 % polyester, 30 % coton<\/p>\n<\/li>\n<\/ul>\n<p><strong>Informations livraisons<\/strong><\/p>\n<div>Les frais de livraisons sont offerts d\u00e8s 40\u20ac d&rsquo;achats<br \/>Livraison entre 3 et 5 jours<\/div>\n<div>Mode de paiement s\u00e9curis\u00e9s accept\u00e9s : CARTE BANCAIRE\u00a0 ou\u00a0 PAYPAL<br \/>R\u00e9ception des marchandises : A domicile ou Retrait \u00e0 notre magasin<br \/>Consulter nos<a href=\"https:\/\/www.solene-maroquinerie.fr\/conditions_generales_de_vente.html\" target=\"_self\" title=\"Nos CGV\">\u00a0conditions g\u00e9n\u00e9rales de ventes<\/a><\/div>\n","protected":false},"excerpt":{"rendered":"<p>Caract\u00e9ristiques du SAC CABAS ARMANI EXCHANGE DOUBLES ANSES NOIR Pratique, spacieux, extr\u00eamement fonctionnel : c&rsquo;est un sac contemporain. Capable de discr\u00e9tion et ne manquant jamais de sa touche personnelle dans chaque look. Bref, un sac sign\u00e9 A | X : en toile de coton m\u00e9lang\u00e9 avec inscription logo all-over, avec une bande contrast\u00e9e personnalis\u00e9e et [&hellip;]<\/p>\n","protected":false},"featured_media":321,"template":"","meta":[],"product_brand":[71],"product_cat":[28,70],"product_tag":[],"class_list":{"0":"post-322","1":"product","2":"type-product","3":"status-publish","4":"has-post-thumbnail","6":"product_brand-armani-exchange","7":"product_cat-sac-a-main-2","8":"product_cat-sac-femme","10":"first","11":"instock","12":"taxable","13":"shipping-taxable","14":"purchasable","15":"product-type-simple"},"_links":{"self":[{"href":"https:\/\/www.solene-maroquinerie.fr\/index.php\/wp-json\/wp\/v2\/product\/322","targetHints":{"allow":["GET"]}}],"collection":[{"href":"https:\/\/www.solene-maroquinerie.fr\/index.php\/wp-json\/wp\/v2\/product"}],"about":[{"href":"https:\/\/www.solene-maroquinerie.fr\/index.php\/wp-json\/wp\/v2\/types\/product"}],"wp:featuredmedia":[{"embeddable":true,"href":"https:\/\/www.solene-maroquinerie.fr\/index.php\/wp-json\/wp\/v2\/media\/321"}],"wp:attachment":[{"href":"https:\/\/www.solene-maroquinerie.fr\/index.php\/wp-json\/wp\/v2\/media?parent=322"}],"wp:term":[{"taxonomy":"product_brand","embeddable":true,"href":"https:\/\/www.solene-maroquinerie.fr\/index.php\/wp-json\/wp\/v2\/product_brand?post=322"},{"taxonomy":"product_cat","embeddable":true,"href":"https:\/\/www.solene-maroquinerie.fr\/index.php\/wp-json\/wp\/v2\/product_cat?post=322"},{"taxonomy":"product_tag","embeddable":true,"href":"https:\/\/www.solene-maroquinerie.fr\/index.php\/wp-json\/wp\/v2\/product_tag?post=322"}],"curies":[{"name":"wp","href":"https:\/\/api.w.org\/{rel}","templated":true}]}}