{"id":327,"date":"2026-04-29T07:50:32","date_gmt":"2026-04-29T07:50:32","guid":{"rendered":"https:\/\/www.solene-maroquinerie.fr\/index.php\/produit\/petit-sac-cabas-lacoste-l-12-12-3\/"},"modified":"2026-05-13T11:53:23","modified_gmt":"2026-05-13T11:53:23","slug":"petit-sac-cabas-lacoste-l-12-12-3","status":"publish","type":"product","link":"https:\/\/www.solene-maroquinerie.fr\/index.php\/produit\/petit-sac-cabas-lacoste-l-12-12-3\/","title":{"rendered":"Petit sac cabas LACOSTE L.12.12"},"content":{"rendered":"<p><strong>Caract\u00e9ristiques du\u00a0Petit sac cabas zipp\u00e9 LACOSTE L.12.12 Concept uni rouge<br \/><\/strong><\/p>\n<div style=\"display: inline !important.\">Ce sac cabas ultra pratique est \u00e9quip\u00e9 de deux grandes anses et d&rsquo;une poche int\u00e9rieure zipp\u00e9e. Sobre et uni, il s&rsquo;accorde \u00e0 toutes vos tenues de saison.<\/div>\n<ul>\n<li>Int\u00e9rieur 1 poche zipp\u00e9e<\/li>\n<li>Tire-zip marqu\u00e9 Lacoste<\/li>\n<li>Crocodile vert brod\u00e9<\/li>\n<li>Dimensions 24 x 24,5 x 14,5<\/li>\n<li>Ext\u00e9rieur PVC<\/li>\n<li>Ext\u00e9rieur : Pvc (100%)<\/li>\n<\/ul>\n<p><strong>Informations livraisons<\/strong><\/p>\n<p>Les frais de livraisons sont offerts d\u00e8s 40\u20ac d&rsquo;achats<\/p>\n<div>Livraison entre 3 et 5 jours<\/div>\n<p>Mode de paiement s\u00e9curis\u00e9s accept\u00e9s : CARTE BANCAIRE\u00a0 ou\u00a0 PAYPAL<\/p>\n<div>R\u00e9ception des marchandises : A domicile ou Retrait \u00e0 notre magasin<br \/>Consulter nos<a href=\"http:\/\/www.solene-maroquinerie.fr\/conditions_generales_de_vente.html\" target=\"_self\" title=\"Nos CGV\">\u00a0conditions g\u00e9n\u00e9rales de ventes<\/a><\/div>\n<p>\u00a0<\/p>\n<p>\u00a0<\/p>\n<p><span style=\"font-family: arial, helvetica, sans-serif. font-size: x-small.\"><br \/><\/span><\/p>\n","protected":false},"excerpt":{"rendered":"<p>Caract\u00e9ristiques du\u00a0Petit sac cabas zipp\u00e9 LACOSTE L.12.12 Concept uni rouge Ce sac cabas ultra pratique est \u00e9quip\u00e9 de deux grandes anses et d&rsquo;une poche int\u00e9rieure zipp\u00e9e. Sobre et uni, il s&rsquo;accorde \u00e0 toutes vos tenues de saison. Int\u00e9rieur 1 poche zipp\u00e9e Tire-zip marqu\u00e9 Lacoste Crocodile vert brod\u00e9 Dimensions 24 x 24,5 x 14,5 Ext\u00e9rieur PVC [&hellip;]<\/p>\n","protected":false},"featured_media":326,"comment_status":"open","ping_status":"closed","template":"","meta":[],"product_brand":[25],"product_cat":[24,23],"product_tag":[],"class_list":{"0":"post-327","1":"product","2":"type-product","3":"status-publish","4":"has-post-thumbnail","6":"product_brand-lacoste","7":"product_cat-divers","8":"product_cat-femme","10":"first","11":"instock","12":"taxable","13":"shipping-taxable","14":"purchasable","15":"product-type-simple"},"_links":{"self":[{"href":"https:\/\/www.solene-maroquinerie.fr\/index.php\/wp-json\/wp\/v2\/product\/327","targetHints":{"allow":["GET"]}}],"collection":[{"href":"https:\/\/www.solene-maroquinerie.fr\/index.php\/wp-json\/wp\/v2\/product"}],"about":[{"href":"https:\/\/www.solene-maroquinerie.fr\/index.php\/wp-json\/wp\/v2\/types\/product"}],"replies":[{"embeddable":true,"href":"https:\/\/www.solene-maroquinerie.fr\/index.php\/wp-json\/wp\/v2\/comments?post=327"}],"wp:featuredmedia":[{"embeddable":true,"href":"https:\/\/www.solene-maroquinerie.fr\/index.php\/wp-json\/wp\/v2\/media\/326"}],"wp:attachment":[{"href":"https:\/\/www.solene-maroquinerie.fr\/index.php\/wp-json\/wp\/v2\/media?parent=327"}],"wp:term":[{"taxonomy":"product_brand","embeddable":true,"href":"https:\/\/www.solene-maroquinerie.fr\/index.php\/wp-json\/wp\/v2\/product_brand?post=327"},{"taxonomy":"product_cat","embeddable":true,"href":"https:\/\/www.solene-maroquinerie.fr\/index.php\/wp-json\/wp\/v2\/product_cat?post=327"},{"taxonomy":"product_tag","embeddable":true,"href":"https:\/\/www.solene-maroquinerie.fr\/index.php\/wp-json\/wp\/v2\/product_tag?post=327"}],"curies":[{"name":"wp","href":"https:\/\/api.w.org\/{rel}","templated":true}]}}