{"id":3365,"date":"2026-05-11T11:56:40","date_gmt":"2026-05-11T11:56:40","guid":{"rendered":"https:\/\/www.solene-maroquinerie.fr\/?post_type=product&#038;p=3365"},"modified":"2026-05-13T14:49:54","modified_gmt":"2026-05-13T14:49:54","slug":"portefeuille-cabaia-s-honolulu","status":"publish","type":"product","link":"https:\/\/www.solene-maroquinerie.fr\/index.php\/produit\/portefeuille-cabaia-s-honolulu\/","title":{"rendered":"PORTEFEUILLE CABAIA S HONOLULU"},"content":{"rendered":"<div data-accordion-content=\"open\">\n<p><strong>Descriptif du PORTEFEUILLE CABAIA WALLET S HONOLULU<\/strong><\/p>\n<ul>\n<li>Garanti \u00e0 vie<\/li>\n<li>Fermeture zipp\u00e9e<\/li>\n<li>Protection RFID<\/li>\n<li>Pochette int\u00e9rieure zipp\u00e9e pour les pi\u00e8ces<\/li>\n<li>6 fentes pour les cartes<\/li>\n<li>Vegan et d\u00e9perlant<\/li>\n<\/ul>\n<div data-accordion-content=\"open\"><strong>Dimensions\u00a0\u00a0<\/strong>: 12,5cm x 10,5cm x 3cm<\/div>\n<\/div>\n<div>\n<p>ENTRETIEN ET COMPOSITION<\/p>\n<\/div>\n<div data-accordion-content=\"open\">\n<p>Ne pas passer \u00e0 la machine, nettoyer d\u00e9licatement avec un linge humide et du savon.<\/p>\n<p><strong>Composition :<\/strong><br \/>\nTissu ext\u00e9rieur principal : 100 % polyester recycl\u00e9<br \/>\nTissu ext\u00e9rieur enduit : 100 % polyur\u00e9thane<br \/>\nDoublure int\u00e9rieure : 100 % polyester recycl\u00e9<\/p>\n<p><strong>I<\/strong><strong>nformations livraisons<\/strong><\/p>\n<div>Les frais de livraisons sont offerts d\u00e8s 40\u20ac d&rsquo;achats<br \/>\nLivraison entre 3 et 5 jours<\/div>\n<div>Mode de paiement s\u00e9curis\u00e9s accept\u00e9s : CARTE BANCAIRE\u00a0 ou\u00a0 PAYPAL<br \/>\nR\u00e9ception des marchandises : A domicile en point relais ou Retrait \u00e0 notre magasin<\/div>\n<\/div>\n","protected":false},"excerpt":{"rendered":"<p class=\"reference-commerciale\">R\u00e9f\u00e9rence commerciale : larissa, hobart<\/p>\n","protected":false},"featured_media":3369,"template":"","meta":[],"product_brand":[42],"product_cat":[32,103],"product_tag":[],"class_list":{"0":"post-3365","1":"product","2":"type-product","3":"status-publish","4":"has-post-thumbnail","6":"product_brand-cabaia","7":"product_cat-petite-maroquinerie","8":"product_cat-wallet-cabaia","10":"first","11":"instock","12":"taxable","13":"shipping-taxable","14":"purchasable","15":"product-type-simple"},"_links":{"self":[{"href":"https:\/\/www.solene-maroquinerie.fr\/index.php\/wp-json\/wp\/v2\/product\/3365","targetHints":{"allow":["GET"]}}],"collection":[{"href":"https:\/\/www.solene-maroquinerie.fr\/index.php\/wp-json\/wp\/v2\/product"}],"about":[{"href":"https:\/\/www.solene-maroquinerie.fr\/index.php\/wp-json\/wp\/v2\/types\/product"}],"wp:featuredmedia":[{"embeddable":true,"href":"https:\/\/www.solene-maroquinerie.fr\/index.php\/wp-json\/wp\/v2\/media\/3369"}],"wp:attachment":[{"href":"https:\/\/www.solene-maroquinerie.fr\/index.php\/wp-json\/wp\/v2\/media?parent=3365"}],"wp:term":[{"taxonomy":"product_brand","embeddable":true,"href":"https:\/\/www.solene-maroquinerie.fr\/index.php\/wp-json\/wp\/v2\/product_brand?post=3365"},{"taxonomy":"product_cat","embeddable":true,"href":"https:\/\/www.solene-maroquinerie.fr\/index.php\/wp-json\/wp\/v2\/product_cat?post=3365"},{"taxonomy":"product_tag","embeddable":true,"href":"https:\/\/www.solene-maroquinerie.fr\/index.php\/wp-json\/wp\/v2\/product_tag?post=3365"}],"curies":[{"name":"wp","href":"https:\/\/api.w.org\/{rel}","templated":true}]}}