{"id":3379,"date":"2026-05-11T11:56:57","date_gmt":"2026-05-11T11:56:57","guid":{"rendered":"https:\/\/www.solene-maroquinerie.fr\/?post_type=product&#038;p=3379"},"modified":"2026-05-13T14:49:55","modified_gmt":"2026-05-13T14:49:55","slug":"sac-de-voyage-cabaia-port-antonio","status":"publish","type":"product","link":"https:\/\/www.solene-maroquinerie.fr\/index.php\/produit\/sac-de-voyage-cabaia-port-antonio\/","title":{"rendered":"SAC DE VOYAGE CABAIA PORT ANTONIO"},"content":{"rendered":"<p><strong>Descriptif du SAC DE VOYAGE CABAIA DUFFLE ADVENTURER PORT ANTONIO<\/strong><\/p>\n<ul>\n<li>Garanti \u00e0 vie<\/li>\n<li>Anse \u00e0 l&rsquo;int\u00e9rieur pour le porter \u00e0 l&rsquo;\u00e9paule<\/li>\n<li>Bretelles pour le porter sur le dos<\/li>\n<li>Poign\u00e9e lat\u00e9rale pour simplifier la prise en main<\/li>\n<li>Compartiment ordinateur rembourr\u00e9<\/li>\n<li>Poches int\u00e9rieures \u00e0 pression<\/li>\n<li>Bandouli\u00e8re et bretelles renforc\u00e9es<\/li>\n<li>Syst\u00e8me MOLLE pour attacher les pochettes avant et lat\u00e9rales<\/li>\n<li>Vegan et d\u00e9perlant<\/li>\n<li>Dimensions (40L) :\u00a029cm x 30cm x 45cm<\/li>\n<li>Poids :\u00a01,34kg<\/li>\n<li>Compartiment ordinateur :\u00a0Jusqu&rsquo;\u00e0 14 pouces<\/li>\n<\/ul>\n<p>Composition\u00a0:<\/p>\n<ul>\n<li>Tissu exterieur principal : 100% Polyester recycl\u00e9<\/li>\n<li>Tissu ext\u00e9rieur enduit : Polyurethane<\/li>\n<li>Doublure interieure : 100% Polyester<\/li>\n<\/ul>\n<h4>Informations livraisons<\/h4>\n<div>Les frais de livraisons sont offerts d\u00e8s 40\u20ac d&rsquo;achats<br \/>\nLivraison entre 3 et 5 jours<\/div>\n<div>Mode de paiement s\u00e9curis\u00e9s accept\u00e9s : CARTE BANCAIRE\u00a0 ou\u00a0 PAYPAL<br \/>\nR\u00e9ception des marchandises : A domicile ou Retrait \u00e0 notre magasin<\/div>\n","protected":false},"excerpt":{"rendered":"<p>Descriptif du SAC DE VOYAGE CABAIA DUFFLE ADVENTURER PORT ANTONIO Garanti \u00e0 vie Anse \u00e0 l&rsquo;int\u00e9rieur pour le porter \u00e0 l&rsquo;\u00e9paule Bretelles pour le porter sur le dos Poign\u00e9e lat\u00e9rale pour simplifier la prise en main Compartiment ordinateur rembourr\u00e9 Poches int\u00e9rieures \u00e0 pression Bandouli\u00e8re et bretelles renforc\u00e9es Syst\u00e8me MOLLE pour attacher les pochettes avant et [&hellip;]<\/p>\n","protected":false},"featured_media":3406,"template":"","meta":[],"product_brand":[42],"product_cat":[60,59],"product_tag":[],"class_list":{"0":"post-3379","1":"product","2":"type-product","3":"status-publish","4":"has-post-thumbnail","6":"product_brand-cabaia","7":"product_cat-bagages","8":"product_cat-sac-de-voyage-cabaia","10":"first","11":"instock","12":"taxable","13":"shipping-taxable","14":"purchasable","15":"product-type-simple"},"_links":{"self":[{"href":"https:\/\/www.solene-maroquinerie.fr\/index.php\/wp-json\/wp\/v2\/product\/3379","targetHints":{"allow":["GET"]}}],"collection":[{"href":"https:\/\/www.solene-maroquinerie.fr\/index.php\/wp-json\/wp\/v2\/product"}],"about":[{"href":"https:\/\/www.solene-maroquinerie.fr\/index.php\/wp-json\/wp\/v2\/types\/product"}],"wp:featuredmedia":[{"embeddable":true,"href":"https:\/\/www.solene-maroquinerie.fr\/index.php\/wp-json\/wp\/v2\/media\/3406"}],"wp:attachment":[{"href":"https:\/\/www.solene-maroquinerie.fr\/index.php\/wp-json\/wp\/v2\/media?parent=3379"}],"wp:term":[{"taxonomy":"product_brand","embeddable":true,"href":"https:\/\/www.solene-maroquinerie.fr\/index.php\/wp-json\/wp\/v2\/product_brand?post=3379"},{"taxonomy":"product_cat","embeddable":true,"href":"https:\/\/www.solene-maroquinerie.fr\/index.php\/wp-json\/wp\/v2\/product_cat?post=3379"},{"taxonomy":"product_tag","embeddable":true,"href":"https:\/\/www.solene-maroquinerie.fr\/index.php\/wp-json\/wp\/v2\/product_tag?post=3379"}],"curies":[{"name":"wp","href":"https:\/\/api.w.org\/{rel}","templated":true}]}}