{"id":3381,"date":"2026-05-11T11:56:57","date_gmt":"2026-05-11T11:56:57","guid":{"rendered":"https:\/\/www.solene-maroquinerie.fr\/?post_type=product&#038;p=3381"},"modified":"2026-05-13T11:56:26","modified_gmt":"2026-05-13T11:56:26","slug":"totebag-medium-pro-cabaia-cagliari","status":"publish","type":"product","link":"https:\/\/www.solene-maroquinerie.fr\/index.php\/produit\/totebag-medium-pro-cabaia-cagliari\/","title":{"rendered":"TOTEBAG MEDIUM PRO CABAIA CAGLIARI"},"content":{"rendered":"<p><strong>Descriptif du TOTEBAG MEDIUM PRO CABAIA CAGLIARI<\/strong><\/p>\n<ul>\n<li>Garanti \u00e0 vie<\/li>\n<li>2 poches pour gourde ou parapluie<\/li>\n<li>Compartiment rembourr\u00e9 pour ordinateur 12-14 pouces<\/li>\n<li>Syst\u00e8me MOLLE pour attacher les pochettes avant<\/li>\n<li>Sangle attache valise<\/li>\n<li>Vegan et d\u00e9perlant<\/li>\n<li>La largeur du sac en haut est de 43cm.<\/li>\n<li>Compartiment ordinateur : Jusqu&rsquo;\u00e0 14 pouces<\/li>\n<li>Poids : 0,67kg<\/li>\n<\/ul>\n<p><strong>Dimensions : <\/strong>34,5cm x 36cm x 15cm<\/p>\n<p><strong>Composition<\/strong> :<br \/>\nTissu ext\u00e9rieur principal: 100% Polyester recycl\u00e9.<br \/>\nDoublure int\u00e9rieure: 100% Polyester<\/p>\n<h4>Informations livraisons<\/h4>\n<div>Les frais de livraisons sont offerts d\u00e8s 40\u20ac euros d&rsquo;achats<br \/>\nLivraison entre 2 et 5 jours<\/div>\n<div>Mode de paiement s\u00e9.curis\u00e9.s accept\u00e9.s : CARTE BANCAIRE ou PAYPAL<br \/>\nR\u00e9ception des marchandises : A domicile ou Retrait \u00e0. notre magasin<\/div>\n","protected":false},"excerpt":{"rendered":"<p>Descriptif du TOTEBAG MEDIUM PRO CABAIA CAGLIARI Garanti \u00e0 vie 2 poches pour gourde ou parapluie Compartiment rembourr\u00e9 pour ordinateur 12-14 pouces Syst\u00e8me MOLLE pour attacher les pochettes avant Sangle attache valise Vegan et d\u00e9perlant La largeur du sac en haut est de 43cm. Compartiment ordinateur : Jusqu&rsquo;\u00e0 14 pouces Poids : 0,67kg Dimensions : [&hellip;]<\/p>\n","protected":false},"featured_media":3420,"template":"","meta":[],"product_brand":[42],"product_cat":[24,95],"product_tag":[],"class_list":{"0":"post-3381","1":"product","2":"type-product","3":"status-publish","4":"has-post-thumbnail","6":"product_brand-cabaia","7":"product_cat-divers","8":"product_cat-totebag-cabaia","10":"first","11":"instock","12":"taxable","13":"shipping-taxable","14":"purchasable","15":"product-type-simple"},"_links":{"self":[{"href":"https:\/\/www.solene-maroquinerie.fr\/index.php\/wp-json\/wp\/v2\/product\/3381","targetHints":{"allow":["GET"]}}],"collection":[{"href":"https:\/\/www.solene-maroquinerie.fr\/index.php\/wp-json\/wp\/v2\/product"}],"about":[{"href":"https:\/\/www.solene-maroquinerie.fr\/index.php\/wp-json\/wp\/v2\/types\/product"}],"wp:featuredmedia":[{"embeddable":true,"href":"https:\/\/www.solene-maroquinerie.fr\/index.php\/wp-json\/wp\/v2\/media\/3420"}],"wp:attachment":[{"href":"https:\/\/www.solene-maroquinerie.fr\/index.php\/wp-json\/wp\/v2\/media?parent=3381"}],"wp:term":[{"taxonomy":"product_brand","embeddable":true,"href":"https:\/\/www.solene-maroquinerie.fr\/index.php\/wp-json\/wp\/v2\/product_brand?post=3381"},{"taxonomy":"product_cat","embeddable":true,"href":"https:\/\/www.solene-maroquinerie.fr\/index.php\/wp-json\/wp\/v2\/product_cat?post=3381"},{"taxonomy":"product_tag","embeddable":true,"href":"https:\/\/www.solene-maroquinerie.fr\/index.php\/wp-json\/wp\/v2\/product_tag?post=3381"}],"curies":[{"name":"wp","href":"https:\/\/api.w.org\/{rel}","templated":true}]}}