{"id":3386,"date":"2026-05-11T11:56:57","date_gmt":"2026-05-11T11:56:57","guid":{"rendered":"https:\/\/www.solene-maroquinerie.fr\/?post_type=product&#038;p=3386"},"modified":"2026-05-13T14:49:55","modified_gmt":"2026-05-13T14:49:55","slug":"pico-cabaia-besancon","status":"publish","type":"product","link":"https:\/\/www.solene-maroquinerie.fr\/index.php\/produit\/pico-cabaia-besancon\/","title":{"rendered":"PICO CABAIA BESANCON"},"content":{"rendered":"<div data-accordion-content=\"open\">\n<div data-accordion-content=\"open\">\n<p><strong>Descriptif du PICO CABAIA BESANCON<\/strong><\/p>\n<ul>\n<li>Garanti \u00e0 vie<\/li>\n<li>Pratique et compact<\/li>\n<li>Se clippe partout<\/li>\n<li>Vegan et d\u00e9perlant<\/li>\n<\/ul>\n<div data-accordion-content=\"open\">Dimensions (0,17L) :\u00a07cm x 8cm x 3cm<\/div>\n<\/div>\n<div>\n<p><strong>ENTRETIEN ET COMPOSITION<\/strong><\/p>\n<\/div>\n<div data-accordion-content=\"open\">\n<p>Ne pas passer \u00e0 la machine, nettoyer d\u00e9licatement avec un linge humide et du savon.<\/p>\n<p><strong>Composition :<\/strong><br \/>\nTissu ext\u00e9rieur principal: 100% nylon recycl\u00e9<br \/>\nTissu ext\u00e9rieur enduit: 100% Polyurethane<br \/>\nDoublure int\u00e9rieure: 100% Polyester recycl\u00e9<\/p>\n<p><strong>Informations livraisons<\/strong><br \/>\nLes frais de livraisons sont offerts d\u00e8s 40\u20ac d&rsquo;achats<br \/>\nLivraison entre 3 et 5 jours<br \/>\nMode de paiement s\u00e9curis\u00e9s accept\u00e9s : CARTE BANCAIRE\u00a0 ou\u00a0 PAYPAL<br \/>\nR\u00e9ception des marchandises : A domicile ou Retrait \u00e0 notre magasin<\/p>\n<\/div>\n<\/div>\n<div data-accordion-content=\"open\"><\/div>\n","protected":false},"excerpt":{"rendered":"<p>Descriptif du PICO CABAIA BESANCON Garanti \u00e0 vie Pratique et compact Se clippe partout Vegan et d\u00e9perlant Dimensions (0,17L) :\u00a07cm x 8cm x 3cm ENTRETIEN ET COMPOSITION Ne pas passer \u00e0 la machine, nettoyer d\u00e9licatement avec un linge humide et du savon. Composition : Tissu ext\u00e9rieur principal: 100% nylon recycl\u00e9 Tissu ext\u00e9rieur enduit: 100% Polyurethane [&hellip;]<\/p>\n","protected":false},"featured_media":3435,"template":"","meta":[],"product_brand":[42],"product_cat":[24,99],"product_tag":[],"class_list":{"0":"post-3386","1":"product","2":"type-product","3":"status-publish","4":"has-post-thumbnail","6":"product_brand-cabaia","7":"product_cat-divers","8":"product_cat-pico-cabaia","10":"first","11":"instock","12":"taxable","13":"shipping-taxable","14":"purchasable","15":"product-type-simple"},"_links":{"self":[{"href":"https:\/\/www.solene-maroquinerie.fr\/index.php\/wp-json\/wp\/v2\/product\/3386","targetHints":{"allow":["GET"]}}],"collection":[{"href":"https:\/\/www.solene-maroquinerie.fr\/index.php\/wp-json\/wp\/v2\/product"}],"about":[{"href":"https:\/\/www.solene-maroquinerie.fr\/index.php\/wp-json\/wp\/v2\/types\/product"}],"wp:featuredmedia":[{"embeddable":true,"href":"https:\/\/www.solene-maroquinerie.fr\/index.php\/wp-json\/wp\/v2\/media\/3435"}],"wp:attachment":[{"href":"https:\/\/www.solene-maroquinerie.fr\/index.php\/wp-json\/wp\/v2\/media?parent=3386"}],"wp:term":[{"taxonomy":"product_brand","embeddable":true,"href":"https:\/\/www.solene-maroquinerie.fr\/index.php\/wp-json\/wp\/v2\/product_brand?post=3386"},{"taxonomy":"product_cat","embeddable":true,"href":"https:\/\/www.solene-maroquinerie.fr\/index.php\/wp-json\/wp\/v2\/product_cat?post=3386"},{"taxonomy":"product_tag","embeddable":true,"href":"https:\/\/www.solene-maroquinerie.fr\/index.php\/wp-json\/wp\/v2\/product_tag?post=3386"}],"curies":[{"name":"wp","href":"https:\/\/api.w.org\/{rel}","templated":true}]}}