{"id":340,"date":"2026-04-29T07:50:51","date_gmt":"2026-04-29T07:50:51","guid":{"rendered":"https:\/\/www.solene-maroquinerie.fr\/index.php\/produit\/sacoche-lacoste-bleue-lcst\/"},"modified":"2026-05-13T14:48:18","modified_gmt":"2026-05-13T14:48:18","slug":"sacoche-lacoste-bleue-lcst","status":"publish","type":"product","link":"https:\/\/www.solene-maroquinerie.fr\/index.php\/produit\/sacoche-lacoste-bleue-lcst\/","title":{"rendered":"SACOCHE LACOSTE BLEUE LCST"},"content":{"rendered":"<p><strong>Caract\u00e9ristiques de la SACOCHE PLATE LACOSTE LCST BLEU<\/strong><\/p>\n<ul>\n<li>Ext\u00e9rieur 1 poche zipp\u00e9e, int\u00e9rieur 1 poche zipp\u00e9e et 1 poche plaqu\u00e9e mesh<\/li>\n<li>Fermeture zipp\u00e9e et bandouli\u00e8re r\u00e9glable<\/li>\n<li>Crocodile vert brod\u00e9<\/li>\n<li>Dimensions 15 x 20 x 2,5 cm<\/li>\n<li>PVC<\/li>\n<li>Exterieur: Pvc (100%)<\/li>\n<\/ul>\n<p><strong>Informations livraisons<\/strong><\/p>\n<div>Les frais de livraisons sont offerts d\u00e8s 40\u20ac d&rsquo;achats<br \/>Livraison entre 3 et 5 jours<\/div>\n<div>Mode de paiement s\u00e9curis\u00e9s accept\u00e9s : CARTE BANCAIRE\u00a0 ou\u00a0 PAYPAL<br \/>R\u00e9ception des marchandises : A domicile ou Retrait \u00e0 notre magasin<br \/>Consulter nos<a href=\"http:\/\/www.solene-maroquinerie.fr\/conditions_generales_de_vente.html\" target=\"_self\" title=\"Nos CGV\">\u00a0conditions g\u00e9n\u00e9rales de ventes<\/a><\/div>\n<p>\u00a0<\/p>\n","protected":false},"excerpt":{"rendered":"<p class=\"reference-commerciale\">R\u00e9f\u00e9rence commerciale : NH3308LV B88<\/p>\n","protected":false},"featured_media":339,"template":"","meta":[],"product_brand":[25],"product_cat":[34],"product_tag":[],"class_list":{"0":"post-340","1":"product","2":"type-product","3":"status-publish","4":"has-post-thumbnail","6":"product_brand-lacoste","7":"product_cat-homme","9":"first","10":"instock","11":"taxable","12":"shipping-taxable","13":"purchasable","14":"product-type-simple"},"_links":{"self":[{"href":"https:\/\/www.solene-maroquinerie.fr\/index.php\/wp-json\/wp\/v2\/product\/340","targetHints":{"allow":["GET"]}}],"collection":[{"href":"https:\/\/www.solene-maroquinerie.fr\/index.php\/wp-json\/wp\/v2\/product"}],"about":[{"href":"https:\/\/www.solene-maroquinerie.fr\/index.php\/wp-json\/wp\/v2\/types\/product"}],"wp:featuredmedia":[{"embeddable":true,"href":"https:\/\/www.solene-maroquinerie.fr\/index.php\/wp-json\/wp\/v2\/media\/339"}],"wp:attachment":[{"href":"https:\/\/www.solene-maroquinerie.fr\/index.php\/wp-json\/wp\/v2\/media?parent=340"}],"wp:term":[{"taxonomy":"product_brand","embeddable":true,"href":"https:\/\/www.solene-maroquinerie.fr\/index.php\/wp-json\/wp\/v2\/product_brand?post=340"},{"taxonomy":"product_cat","embeddable":true,"href":"https:\/\/www.solene-maroquinerie.fr\/index.php\/wp-json\/wp\/v2\/product_cat?post=340"},{"taxonomy":"product_tag","embeddable":true,"href":"https:\/\/www.solene-maroquinerie.fr\/index.php\/wp-json\/wp\/v2\/product_tag?post=340"}],"curies":[{"name":"wp","href":"https:\/\/api.w.org\/{rel}","templated":true}]}}