{"id":342,"date":"2026-04-29T07:50:52","date_gmt":"2026-04-29T07:50:52","guid":{"rendered":"https:\/\/www.solene-maroquinerie.fr\/index.php\/produit\/sac-karl-lagerfeld-porte-epaule\/"},"modified":"2026-05-13T11:53:24","modified_gmt":"2026-05-13T11:53:24","slug":"sac-karl-lagerfeld-porte-epaule","status":"publish","type":"product","link":"https:\/\/www.solene-maroquinerie.fr\/index.php\/produit\/sac-karl-lagerfeld-porte-epaule\/","title":{"rendered":"SAC KARL LAGERFELD PORT\u00c9 \u00c9PAULE"},"content":{"rendered":"<p><strong>Caract\u00e9ristiques du <span>SAC KARL LAGERFELD PORT\u00c9 \u00c9PAULE K\/PINS EN BOUCL\u00c9\u00a0<\/span><\/strong><\/p>\n<div><span><span><\/span><\/span><span><span><span><span><span><span><span><span>Un sac port\u00e9 \u00e9paule tr\u00e8s chic confectionn\u00e9 en boucl\u00e9 monochrome et orn\u00e9 de pin&rsquo;s KARL argent\u00e9s. Ce mod\u00e8le textur\u00e9 est dot\u00e9 d&rsquo;une construction matelass\u00e9e et d&rsquo;un zip \u00e0 la base qui permet d&rsquo;optimiser l&rsquo;espace de rangement. L&rsquo;ornement KARL Monogram au niveau de la sangle compl\u00e8te cette pi\u00e8ce cr\u00e9ative.\u00a0<\/span><\/span><\/span><\/span><\/span><\/span><\/span><\/span><\/div>\n<div>\n<ul>\n<li>Fermeture zipp\u00e9e sur le dessus\u00a0<\/li>\n<li>Sangle non r\u00e9glable\u00a0<\/li>\n<li>Base zipp\u00e9e extensible pour maximiser le rangement\u00a0<\/li>\n<li>KARL badges at the front\u00a0<\/li>\n<\/ul>\n<p> Dimensions\u00a0 <\/p>\n<ul>\n<li>27 x 21 x 9 cm<\/li>\n<\/ul><\/div>\n<div>Mati\u00e8re\u00a0<\/div>\n<div>\n<ul>\n<li>Composition:\u00a023\u00a0% LAINE &#8211; 15\u00a0% ACRYLIQUE &#8211; 10\u00a0% POLYAMIDE &#8211; 4\u00a0% COTON &#8211; 2\u00a0% VISCOSE &#8211; 46\u00a0% CUIR DE VACHE<\/li>\n<li>Mati\u00e8re:\u00a0Tiss\u00e9<\/li>\n<\/ul><\/div>\n<div><span><span><\/span><\/span> <\/p>\n<p><strong>Informations livraisons<\/strong><\/p>\n<p> <span><span><\/span><\/span> <\/p>\n<p>Les frais de livraisons sont offerts d\u00e8s 40\u20ac d&rsquo;achats<\/p>\n<p> <span><span><\/span><\/span> <\/p>\n<div>Livraison entre 3 et 5 jours<\/div>\n<p> <span><span><\/span><\/span> <\/p>\n<p>Mode de paiement s\u00e9curis\u00e9s accept\u00e9s : CARTE BANCAIRE\u00a0 ou\u00a0 PAYPAL<\/p>\n<\/p><\/div>\n","protected":false},"excerpt":{"rendered":"<p>Caract\u00e9ristiques du SAC KARL LAGERFELD PORT\u00c9 \u00c9PAULE K\/PINS EN BOUCL\u00c9\u00a0 Un sac port\u00e9 \u00e9paule tr\u00e8s chic confectionn\u00e9 en boucl\u00e9 monochrome et orn\u00e9 de pin&rsquo;s KARL argent\u00e9s. Ce mod\u00e8le textur\u00e9 est dot\u00e9 d&rsquo;une construction matelass\u00e9e et d&rsquo;un zip \u00e0 la base qui permet d&rsquo;optimiser l&rsquo;espace de rangement. L&rsquo;ornement KARL Monogram au niveau de la sangle compl\u00e8te [&hellip;]<\/p>\n","protected":false},"featured_media":341,"template":"","meta":[],"product_brand":[74],"product_cat":[24,73],"product_tag":[],"class_list":{"0":"post-342","1":"product","2":"type-product","3":"status-publish","4":"has-post-thumbnail","6":"product_brand-karl-lagerfeld","7":"product_cat-divers","8":"product_cat-karl-lagerfeld-karl-lagerfeld","10":"first","11":"instock","12":"taxable","13":"shipping-taxable","14":"purchasable","15":"product-type-simple"},"_links":{"self":[{"href":"https:\/\/www.solene-maroquinerie.fr\/index.php\/wp-json\/wp\/v2\/product\/342","targetHints":{"allow":["GET"]}}],"collection":[{"href":"https:\/\/www.solene-maroquinerie.fr\/index.php\/wp-json\/wp\/v2\/product"}],"about":[{"href":"https:\/\/www.solene-maroquinerie.fr\/index.php\/wp-json\/wp\/v2\/types\/product"}],"wp:featuredmedia":[{"embeddable":true,"href":"https:\/\/www.solene-maroquinerie.fr\/index.php\/wp-json\/wp\/v2\/media\/341"}],"wp:attachment":[{"href":"https:\/\/www.solene-maroquinerie.fr\/index.php\/wp-json\/wp\/v2\/media?parent=342"}],"wp:term":[{"taxonomy":"product_brand","embeddable":true,"href":"https:\/\/www.solene-maroquinerie.fr\/index.php\/wp-json\/wp\/v2\/product_brand?post=342"},{"taxonomy":"product_cat","embeddable":true,"href":"https:\/\/www.solene-maroquinerie.fr\/index.php\/wp-json\/wp\/v2\/product_cat?post=342"},{"taxonomy":"product_tag","embeddable":true,"href":"https:\/\/www.solene-maroquinerie.fr\/index.php\/wp-json\/wp\/v2\/product_tag?post=342"}],"curies":[{"name":"wp","href":"https:\/\/api.w.org\/{rel}","templated":true}]}}