{"id":345,"date":"2026-04-29T07:50:56","date_gmt":"2026-04-29T07:50:56","guid":{"rendered":"https:\/\/www.solene-maroquinerie.fr\/index.php\/produit\/portefeuille-lacoste-chantaco\/"},"modified":"2026-05-13T11:53:24","modified_gmt":"2026-05-13T11:53:24","slug":"portefeuille-lacoste-chantaco","status":"publish","type":"product","link":"https:\/\/www.solene-maroquinerie.fr\/index.php\/produit\/portefeuille-lacoste-chantaco\/","title":{"rendered":"PORTEFEUILLE LACOSTE CHANTACO"},"content":{"rendered":"<p><strong style=\"font-size: 1em.\">Caract\u00e9ristiques du Grand portefeuille unisexe LACOSTE Chantaco zipp\u00e9 en cuir piqu\u00e9 cranberry<\/strong><\/p>\n<div>\n<div>Confectionn\u00e9 en cuir piqu\u00e9 premium iconique, ce grand portefeuille zipp\u00e9 Chantaco se glissera facilement dans un cabas coordonn\u00e9 de la collection. Chic et bien pens\u00e9, il renferme de nombreux rangements dont douze fentes pour vos cartes et vos re\u00e7us. Une poche plate externe compl\u00e8te cet accessoire pens\u00e9 pour un quotidien bien organis\u00e9.<\/div>\n<ul>\n<li>Ext\u00e9rieur 1 poche plate et 1 fente pour carte, int\u00e9rieur 12 fentes pour cartes et 1 poche gousset<\/li>\n<li>Fermeture zipp\u00e9e<\/li>\n<li>Crocodile en m\u00e9tal<\/li>\n<li>Dimensions 20,5 x 10 x 2 cm<\/li>\n<li>Cuir piqu\u00e9 italien<\/li>\n<li>Exterieur: Refente de cuir vachette (100%)<\/li>\n<\/ul><\/div>\n<p><strong style=\"font-size: 1em.\">Informations livraisons<\/strong><\/p>\n<div><span>Les frais de livraisons sont offerts d\u00e8s 40\u20ac d&rsquo;achats<br \/>Livraison entre 3 et 5 jours<br \/><\/span><\/div>\n<div><span>Mode de paiement s\u00e9curis\u00e9s accept\u00e9s : CARTE BANCAIRE\u00a0 ou\u00a0 PAYPAL<br \/>R\u00e9ception des marchandises : A domicile ou Retrait \u00e0 notre magasin<br \/>Consulter nos<a href=\"http:\/\/www.solene-maroquinerie.fr\/conditions_generales_de_vente.html\" target=\"_self\" title=\"Nos CGV\">\u00a0conditions g\u00e9n\u00e9rales de ventes<\/a><\/span><\/div>\n<p>\u00a0<\/p>\n","protected":false},"excerpt":{"rendered":"<p>Caract\u00e9ristiques du Grand portefeuille unisexe LACOSTE Chantaco zipp\u00e9 en cuir piqu\u00e9 cranberry Confectionn\u00e9 en cuir piqu\u00e9 premium iconique, ce grand portefeuille zipp\u00e9 Chantaco se glissera facilement dans un cabas coordonn\u00e9 de la collection. Chic et bien pens\u00e9, il renferme de nombreux rangements dont douze fentes pour vos cartes et vos re\u00e7us. Une poche plate externe [&hellip;]<\/p>\n","protected":false},"featured_media":344,"comment_status":"open","ping_status":"closed","template":"","meta":[],"product_brand":[25],"product_cat":[32,33],"product_tag":[],"class_list":{"0":"post-345","1":"product","2":"type-product","3":"status-publish","4":"has-post-thumbnail","6":"product_brand-lacoste","7":"product_cat-petite-maroquinerie","8":"product_cat-petite-maroquinerie-lacoste","10":"first","11":"instock","12":"taxable","13":"shipping-taxable","14":"purchasable","15":"product-type-simple"},"_links":{"self":[{"href":"https:\/\/www.solene-maroquinerie.fr\/index.php\/wp-json\/wp\/v2\/product\/345","targetHints":{"allow":["GET"]}}],"collection":[{"href":"https:\/\/www.solene-maroquinerie.fr\/index.php\/wp-json\/wp\/v2\/product"}],"about":[{"href":"https:\/\/www.solene-maroquinerie.fr\/index.php\/wp-json\/wp\/v2\/types\/product"}],"replies":[{"embeddable":true,"href":"https:\/\/www.solene-maroquinerie.fr\/index.php\/wp-json\/wp\/v2\/comments?post=345"}],"wp:featuredmedia":[{"embeddable":true,"href":"https:\/\/www.solene-maroquinerie.fr\/index.php\/wp-json\/wp\/v2\/media\/344"}],"wp:attachment":[{"href":"https:\/\/www.solene-maroquinerie.fr\/index.php\/wp-json\/wp\/v2\/media?parent=345"}],"wp:term":[{"taxonomy":"product_brand","embeddable":true,"href":"https:\/\/www.solene-maroquinerie.fr\/index.php\/wp-json\/wp\/v2\/product_brand?post=345"},{"taxonomy":"product_cat","embeddable":true,"href":"https:\/\/www.solene-maroquinerie.fr\/index.php\/wp-json\/wp\/v2\/product_cat?post=345"},{"taxonomy":"product_tag","embeddable":true,"href":"https:\/\/www.solene-maroquinerie.fr\/index.php\/wp-json\/wp\/v2\/product_tag?post=345"}],"curies":[{"name":"wp","href":"https:\/\/api.w.org\/{rel}","templated":true}]}}