{"id":376,"date":"2026-04-29T07:54:25","date_gmt":"2026-04-29T07:54:25","guid":{"rendered":"https:\/\/www.solene-maroquinerie.fr\/index.php\/produit\/cartable-souple-tanns-saute-mou\/"},"modified":"2026-05-13T11:53:28","modified_gmt":"2026-05-13T11:53:28","slug":"cartable-souple-tanns-saute-mou","status":"publish","type":"product","link":"https:\/\/www.solene-maroquinerie.fr\/index.php\/produit\/cartable-souple-tanns-saute-mou\/","title":{"rendered":"CARTABLE SOUPLE TANN&rsquo;S SAUTE-MOU"},"content":{"rendered":"<p><strong>Caract\u00e9ristiques du CARTABLE SOUPLE TANN&rsquo;S SAUTE-MOUTON L&rsquo;ECOLE DES TANN&rsquo;S<\/strong><\/p>\n<p>Jouer \u00e0 saute-mouton ou compter les moutons ? Quelle que soit leur pr\u00e9f\u00e9rence, ce cartable L&rsquo;\u00e9cole des Tann&rsquo;s souple accompagnera nos tout-petits pour une rentr\u00e9e tout en douceur.<br \/>L&rsquo;\u00e9cole des Tann&rsquo;s s\u2019invite dans les \u00e9coles maternelles gr\u00e2ce \u00e0 un cartable souple astucieux, ludique et color\u00e9 !<br \/>L&rsquo;\u00e9cole des Tann&rsquo;s offre aux heureux porteurs un joli sac coulissant assorti et de grande contenance afin d\u2019y glisser chaussons, change, affaires de sport, de danse ou de piscine\u2026<br \/>Ce duo cartable \/ sac coulissant est id\u00e9al pour accompagner les plus jeunes aussi bien \u00e0 l\u2019\u00e9cole que chez la nounou, pour un week-end chez les grands parents ou m\u00eame lors de leurs activit\u00e9s extra scolaires.<br \/>Ces sacs ont \u00e9t\u00e9 fabriqu\u00e9s dans un polyester de haute qualit\u00e9 issu \u00e0 100% de bouteilles en plastique recycl\u00e9es.<br \/>Cette mati\u00e8re est aussi r\u00e9sistante \u00e0 l\u2019eau et gardera au sec les affaires de votre enfant en cas de pluies fines.<strong><br \/><\/strong><\/p>\n<p><strong>Dimensions :<\/strong><\/p>\n<ul>\n<li>29cm x 27cm x 10cm<\/li>\n<li>8 Litres<\/li>\n<\/ul>\n<p><strong>Poids :<\/strong><\/p>\n<ul>\n<li>0,43 Kg<\/li>\n<\/ul>\n<p><strong>Informations livraisons<\/strong><\/p>\n<p>Les frais de livraisons sont offerts d\u00e8s 40\u20ac d&rsquo;achats<\/p>\n<div>Livraison entre 3 et 5 jours<\/div>\n<p>Mode de paiement s\u00e9curis\u00e9s accept\u00e9s : CARTE BANCAIRE\u00a0 ou\u00a0 PAYPAL<\/p>\n<div>R\u00e9ception des marchandises : A domicile ou Retrait \u00e0 notre magasin<\/div>\n<div>Consulter nos<a href=\"https:\/\/www.solene-maroquinerie.fr\/conditions_generales_de_vente.html\" target=\"_self\" title=\"Nos CGV\">\u00a0conditions g\u00e9n\u00e9rales de ventes<\/a><\/div>\n","protected":false},"excerpt":{"rendered":"<p>Caract\u00e9ristiques du CARTABLE SOUPLE TANN&rsquo;S SAUTE-MOUTON L&rsquo;ECOLE DES TANN&rsquo;S Jouer \u00e0 saute-mouton ou compter les moutons ? Quelle que soit leur pr\u00e9f\u00e9rence, ce cartable L&rsquo;\u00e9cole des Tann&rsquo;s souple accompagnera nos tout-petits pour une rentr\u00e9e tout en douceur.L&rsquo;\u00e9cole des Tann&rsquo;s s\u2019invite dans les \u00e9coles maternelles gr\u00e2ce \u00e0 un cartable souple astucieux, ludique et color\u00e9 !L&rsquo;\u00e9cole des [&hellip;]<\/p>\n","protected":false},"featured_media":375,"comment_status":"open","ping_status":"closed","template":"","meta":[],"product_brand":[38],"product_cat":[58,37],"product_tag":[],"class_list":{"0":"post-376","1":"product","2":"type-product","3":"status-publish","4":"has-post-thumbnail","6":"product_brand-tanns","7":"product_cat-cartable-maternelle","8":"product_cat-cartables","10":"first","11":"instock","12":"taxable","13":"shipping-taxable","14":"purchasable","15":"product-type-simple"},"_links":{"self":[{"href":"https:\/\/www.solene-maroquinerie.fr\/index.php\/wp-json\/wp\/v2\/product\/376","targetHints":{"allow":["GET"]}}],"collection":[{"href":"https:\/\/www.solene-maroquinerie.fr\/index.php\/wp-json\/wp\/v2\/product"}],"about":[{"href":"https:\/\/www.solene-maroquinerie.fr\/index.php\/wp-json\/wp\/v2\/types\/product"}],"replies":[{"embeddable":true,"href":"https:\/\/www.solene-maroquinerie.fr\/index.php\/wp-json\/wp\/v2\/comments?post=376"}],"wp:featuredmedia":[{"embeddable":true,"href":"https:\/\/www.solene-maroquinerie.fr\/index.php\/wp-json\/wp\/v2\/media\/375"}],"wp:attachment":[{"href":"https:\/\/www.solene-maroquinerie.fr\/index.php\/wp-json\/wp\/v2\/media?parent=376"}],"wp:term":[{"taxonomy":"product_brand","embeddable":true,"href":"https:\/\/www.solene-maroquinerie.fr\/index.php\/wp-json\/wp\/v2\/product_brand?post=376"},{"taxonomy":"product_cat","embeddable":true,"href":"https:\/\/www.solene-maroquinerie.fr\/index.php\/wp-json\/wp\/v2\/product_cat?post=376"},{"taxonomy":"product_tag","embeddable":true,"href":"https:\/\/www.solene-maroquinerie.fr\/index.php\/wp-json\/wp\/v2\/product_tag?post=376"}],"curies":[{"name":"wp","href":"https:\/\/api.w.org\/{rel}","templated":true}]}}