{"id":392,"date":"2026-04-29T07:56:47","date_gmt":"2026-04-29T07:56:47","guid":{"rendered":"https:\/\/www.solene-maroquinerie.fr\/index.php\/produit\/eastpak-out-of-office-l30-gothic\/"},"modified":"2026-05-13T14:48:21","modified_gmt":"2026-05-13T14:48:21","slug":"eastpak-out-of-office-l30-gothic","status":"publish","type":"product","link":"https:\/\/www.solene-maroquinerie.fr\/index.php\/produit\/eastpak-out-of-office-l30-gothic\/","title":{"rendered":"EASTPAK OUT OF OFFICE L30 GOTHIC"},"content":{"rendered":"<p><span style=\"font-family: arial, helvetica, sans-serif. font-size: 10pt. color: #000000.\">Avec une poche rembourr\u00e9e pour ordinateur portable qui prot\u00e8gera votre appareil, son dos confortable et ses sangles rembourr\u00e9es, ce sac \u00e0 dos Eastpak est parfait pour les jeunes professionnels toujours en mouvement entre les r\u00e9unions.<\/span><\/p>\n<p><span style=\"font-family: arial, helvetica, sans-serif. font-size: 10pt. color: #000000.\">La poche en filet \u00e0 zip vous permet de ranger vos documents importants en les gardant \u00e0 port\u00e9e de main.<\/span><\/p>\n<div>\n<ul>\n<li><span style=\"font-family: arial, helvetica, sans-serif. font-size: 10pt. color: #000000.\">Poche pour ordinateur 33 x 29 x 3cm<\/span><\/li>\n<li><span style=\"font-family: arial, helvetica, sans-serif. font-size: 10pt. color: #000000.\">Grand compartiment compos\u00e9 d&rsquo;un emplacement rembourr\u00e9 avec velcro pour ordinateur portable et d&rsquo;une poche en filet zipp\u00e9e \u00e0 l&rsquo;avant<\/span><\/li>\n<li><span style=\"font-family: arial, helvetica, sans-serif. font-size: 10pt. color: #000000.\">1 poche avant<\/span><\/li>\n<li><span style=\"font-family: arial, helvetica, sans-serif. font-size: 10pt. color: #000000.\">Dos matelass\u00e9<\/span><\/li>\n<li><span style=\"font-family: arial, helvetica, sans-serif. font-size: 10pt. color: #000000.\">2 bretelles matelass\u00e9es ajustables et anti-d\u00e9rapantes<\/span><\/li>\n<\/ul>\n<div><span style=\"font-family: arial, helvetica, sans-serif. font-size: 10pt. color: #000000.\">Hauteur : 44 cm<\/span><\/div>\n<div><span style=\"font-family: arial, helvetica, sans-serif. font-size: 10pt. color: #000000.\">Largeur : 29.5 cm<\/span><\/div>\n<div><span style=\"font-family: arial, helvetica, sans-serif. font-size: 10pt. color: #000000.\">Profondeur : 22 cm<\/span><\/div>\n<div><span style=\"font-family: arial, helvetica, sans-serif. font-size: 10pt. color: #000000.\">Volume : 27 L<\/span><\/div>\n<div><span style=\"font-family: arial, helvetica, sans-serif. font-size: 10pt. color: #000000.\">Poids : 510 g<\/span><\/div>\n<div><span style=\"font-family: arial, helvetica, sans-serif. font-size: 10pt. color: #000000.\">Garantie : 30 ans<\/span><\/div>\n<div><span style=\"font-family: arial, helvetica, sans-serif. font-size: 10pt. color: #000000.\">Mat\u00e9riel : Polyamide<\/span><\/div>\n<\/p><\/div>\n","protected":false},"excerpt":{"rendered":"<p class=\"reference-commerciale\">R\u00e9f\u00e9rence commerciale : EK767 L30<\/p>\n","protected":false},"featured_media":391,"template":"","meta":[],"product_brand":[20],"product_cat":[19,21],"product_tag":[],"class_list":{"0":"post-392","1":"product","2":"type-product","3":"status-publish","4":"has-post-thumbnail","6":"product_brand-eastpak","7":"product_cat-sac-a-dos","8":"product_cat-sac-a-dos-out-of-office","10":"first","11":"instock","12":"taxable","13":"shipping-taxable","14":"purchasable","15":"product-type-simple"},"_links":{"self":[{"href":"https:\/\/www.solene-maroquinerie.fr\/index.php\/wp-json\/wp\/v2\/product\/392","targetHints":{"allow":["GET"]}}],"collection":[{"href":"https:\/\/www.solene-maroquinerie.fr\/index.php\/wp-json\/wp\/v2\/product"}],"about":[{"href":"https:\/\/www.solene-maroquinerie.fr\/index.php\/wp-json\/wp\/v2\/types\/product"}],"wp:featuredmedia":[{"embeddable":true,"href":"https:\/\/www.solene-maroquinerie.fr\/index.php\/wp-json\/wp\/v2\/media\/391"}],"wp:attachment":[{"href":"https:\/\/www.solene-maroquinerie.fr\/index.php\/wp-json\/wp\/v2\/media?parent=392"}],"wp:term":[{"taxonomy":"product_brand","embeddable":true,"href":"https:\/\/www.solene-maroquinerie.fr\/index.php\/wp-json\/wp\/v2\/product_brand?post=392"},{"taxonomy":"product_cat","embeddable":true,"href":"https:\/\/www.solene-maroquinerie.fr\/index.php\/wp-json\/wp\/v2\/product_cat?post=392"},{"taxonomy":"product_tag","embeddable":true,"href":"https:\/\/www.solene-maroquinerie.fr\/index.php\/wp-json\/wp\/v2\/product_tag?post=392"}],"curies":[{"name":"wp","href":"https:\/\/api.w.org\/{rel}","templated":true}]}}