{"id":402,"date":"2026-04-29T07:56:53","date_gmt":"2026-04-29T07:56:53","guid":{"rendered":"https:\/\/www.solene-maroquinerie.fr\/index.php\/produit\/trousse-eastpak-benchmark-7d2-so\/"},"modified":"2026-05-13T11:53:30","modified_gmt":"2026-05-13T11:53:30","slug":"trousse-eastpak-benchmark-7d2-so","status":"publish","type":"product","link":"https:\/\/www.solene-maroquinerie.fr\/index.php\/produit\/trousse-eastpak-benchmark-7d2-so\/","title":{"rendered":"TROUSSE EASTPAK BENCHMARK 7D2 SO"},"content":{"rendered":"<p><strong>Caract\u00e9ristiques du TROUSSE EASTPAK BENCHMARK 7D2 SOFT PINK<\/strong><\/p>\n<p>Un grand compartiment principal zipp\u00e9<strong><br \/><\/strong><\/p>\n<p><strong>Dimensions :<\/strong><\/p>\n<ul>\n<li>Hauteur : 6 cm, Largeur : 20,5 cm, Profondeur : 7,5 cm<\/li>\n<\/ul>\n<p><strong>Composition :<\/strong><\/p>\n<ul>\n<li>Fabrication 100 % nylon<\/li>\n<li>100% vegan<\/li>\n<\/ul>\n<p><strong>Informations livraisons<\/strong><\/p>\n<p>Les frais de livraisons sont offerts d\u00e8s 40\u20ac d&rsquo;achats<\/p>\n<div>Livraison entre 3 et 5 jours<\/div>\n<p>Mode de paiement s\u00e9curis\u00e9s accept\u00e9s : CARTE BANCAIRE\u00a0 ou\u00a0 PAYPAL<\/p>\n<div>R\u00e9ception des marchandises : A domicile ou Retrait \u00e0 notre magasin<\/div>\n<div>Consulter nos<a href=\"https:\/\/www.solene-maroquinerie.fr\/conditions_generales_de_vente.html\" target=\"_self\" title=\"Nos CGV\">\u00a0conditions g\u00e9n\u00e9rales de ventes<\/a><\/div>\n<p>\u00a0<\/p>\n","protected":false},"excerpt":{"rendered":"<p>Caract\u00e9ristiques du TROUSSE EASTPAK BENCHMARK 7D2 SOFT PINK Un grand compartiment principal zipp\u00e9 Dimensions : Hauteur : 6 cm, Largeur : 20,5 cm, Profondeur : 7,5 cm Composition : Fabrication 100 % nylon 100% vegan Informations livraisons Les frais de livraisons sont offerts d\u00e8s 40\u20ac d&rsquo;achats Livraison entre 3 et 5 jours Mode de paiement [&hellip;]<\/p>\n","protected":false},"featured_media":401,"template":"","meta":[],"product_brand":[20],"product_cat":[24,30],"product_tag":[],"class_list":{"0":"post-402","1":"product","2":"type-product","3":"status-publish","4":"has-post-thumbnail","6":"product_brand-eastpak","7":"product_cat-divers","8":"product_cat-trousse-benchmark","10":"first","11":"instock","12":"taxable","13":"shipping-taxable","14":"purchasable","15":"product-type-simple"},"_links":{"self":[{"href":"https:\/\/www.solene-maroquinerie.fr\/index.php\/wp-json\/wp\/v2\/product\/402","targetHints":{"allow":["GET"]}}],"collection":[{"href":"https:\/\/www.solene-maroquinerie.fr\/index.php\/wp-json\/wp\/v2\/product"}],"about":[{"href":"https:\/\/www.solene-maroquinerie.fr\/index.php\/wp-json\/wp\/v2\/types\/product"}],"wp:featuredmedia":[{"embeddable":true,"href":"https:\/\/www.solene-maroquinerie.fr\/index.php\/wp-json\/wp\/v2\/media\/401"}],"wp:attachment":[{"href":"https:\/\/www.solene-maroquinerie.fr\/index.php\/wp-json\/wp\/v2\/media?parent=402"}],"wp:term":[{"taxonomy":"product_brand","embeddable":true,"href":"https:\/\/www.solene-maroquinerie.fr\/index.php\/wp-json\/wp\/v2\/product_brand?post=402"},{"taxonomy":"product_cat","embeddable":true,"href":"https:\/\/www.solene-maroquinerie.fr\/index.php\/wp-json\/wp\/v2\/product_cat?post=402"},{"taxonomy":"product_tag","embeddable":true,"href":"https:\/\/www.solene-maroquinerie.fr\/index.php\/wp-json\/wp\/v2\/product_tag?post=402"}],"curies":[{"name":"wp","href":"https:\/\/api.w.org\/{rel}","templated":true}]}}