{"id":409,"date":"2026-04-29T07:57:30","date_gmt":"2026-04-29T07:57:30","guid":{"rendered":"https:\/\/www.solene-maroquinerie.fr\/index.php\/produit\/eastpak-pinnacle-w84-escanav\/"},"modified":"2026-05-13T11:53:31","modified_gmt":"2026-05-13T11:53:31","slug":"eastpak-pinnacle-w84-escanav","status":"publish","type":"product","link":"https:\/\/www.solene-maroquinerie.fr\/index.php\/produit\/eastpak-pinnacle-w84-escanav\/","title":{"rendered":"EASTPAK PINNACLE W84 ESCANAV"},"content":{"rendered":"<p><span style=\"font-family: arial, helvetica, sans-serif. font-size: 10pt.\">Avec son dos rembourr\u00e9 et matelass\u00e9, partez tranquillement en balade avec votre ordinateur portable, gr\u00e2ce au sac Pinnacle d&rsquo;Eastpak, le fourre-tout ultime pour le voyageur high-tech.<\/span><\/p>\n<p><span style=\"font-family: arial, helvetica, sans-serif. font-size: 10pt.\">Pour ceux qui aiment \u00eatre toujours en mouvement, le Pinnacle comprend \u00e9galement une poche multi-compartiment avec un \u00e9tui \u00e0 cl\u00e9s amovible.<\/span><\/p>\n<p><span style=\"font-family: arial, helvetica, sans-serif. font-size: 10pt.\">Le Pinnacle d&rsquo;Eastpak est disponible dans de nombreux coloris et motifs.<\/span><\/p>\n<div>\n<ul>\n<li><span style=\"font-family: arial, helvetica, sans-serif. font-size: 10pt.\">Poche \u00e0 filet sur le devant<\/span><\/li>\n<li><span style=\"font-family: arial, helvetica, sans-serif. font-size: 10pt.\">Deux grands compartiments<\/span><\/li>\n<li><span style=\"font-family: arial, helvetica, sans-serif. font-size: 10pt.\">Dos rembourr\u00e9 et matelass\u00e9<\/span><\/li>\n<li><span style=\"font-family: arial, helvetica, sans-serif. font-size: 10pt.\">Sangles \u00e9paules \u00e9paisses rembourr\u00e9es et antid\u00e9rapantes<\/span><\/li>\n<li><span style=\"font-family: arial, helvetica, sans-serif. font-size: 10pt.\">Multipoche avec porte-cl\u00e9s d\u00e9tachable<\/span><\/li>\n<\/ul>\n<p><span style=\"font-family: arial, helvetica, sans-serif. font-size: 10pt.\">Hauteur : 42 cm<\/span><\/p>\n<p><span style=\"font-family: arial, helvetica, sans-serif. font-size: 10pt.\">Largeur :35 cm<\/span><\/p>\n<p><span style=\"font-family: arial, helvetica, sans-serif. font-size: 10pt.\">Profondeur : 25.5 cm<\/span><\/p>\n<p><span style=\"font-family: arial, helvetica, sans-serif. font-size: 10pt.\">Volume :3 8 L<\/span><\/p>\n<p><span style=\"font-family: arial, helvetica, sans-serif. font-size: 10pt.\">Poids : 700g<\/span><\/p>\n<p><span style=\"font-family: arial, helvetica, sans-serif. font-size: 10pt.\">Garantie : 30 ans<\/span><\/p>\n<p><span style=\"font-family: arial, helvetica, sans-serif. font-size: 10pt.\">Mat\u00e9riel : Polyamide<\/span><\/p>\n<\/p><\/div>\n","protected":false},"excerpt":{"rendered":"<p>Avec son dos rembourr\u00e9 et matelass\u00e9, partez tranquillement en balade avec votre ordinateur portable, gr\u00e2ce au sac Pinnacle d&rsquo;Eastpak, le fourre-tout ultime pour le voyageur high-tech. Pour ceux qui aiment \u00eatre toujours en mouvement, le Pinnacle comprend \u00e9galement une poche multi-compartiment avec un \u00e9tui \u00e0 cl\u00e9s amovible. Le Pinnacle d&rsquo;Eastpak est disponible dans de nombreux [&hellip;]<\/p>\n","protected":false},"featured_media":408,"template":"","meta":[],"product_brand":[20],"product_cat":[19,67],"product_tag":[],"class_list":{"0":"post-409","1":"product","2":"type-product","3":"status-publish","4":"has-post-thumbnail","6":"product_brand-eastpak","7":"product_cat-sac-a-dos","8":"product_cat-sac-a-dos-pinnacle","10":"first","11":"instock","12":"taxable","13":"shipping-taxable","14":"purchasable","15":"product-type-simple"},"_links":{"self":[{"href":"https:\/\/www.solene-maroquinerie.fr\/index.php\/wp-json\/wp\/v2\/product\/409","targetHints":{"allow":["GET"]}}],"collection":[{"href":"https:\/\/www.solene-maroquinerie.fr\/index.php\/wp-json\/wp\/v2\/product"}],"about":[{"href":"https:\/\/www.solene-maroquinerie.fr\/index.php\/wp-json\/wp\/v2\/types\/product"}],"wp:featuredmedia":[{"embeddable":true,"href":"https:\/\/www.solene-maroquinerie.fr\/index.php\/wp-json\/wp\/v2\/media\/408"}],"wp:attachment":[{"href":"https:\/\/www.solene-maroquinerie.fr\/index.php\/wp-json\/wp\/v2\/media?parent=409"}],"wp:term":[{"taxonomy":"product_brand","embeddable":true,"href":"https:\/\/www.solene-maroquinerie.fr\/index.php\/wp-json\/wp\/v2\/product_brand?post=409"},{"taxonomy":"product_cat","embeddable":true,"href":"https:\/\/www.solene-maroquinerie.fr\/index.php\/wp-json\/wp\/v2\/product_cat?post=409"},{"taxonomy":"product_tag","embeddable":true,"href":"https:\/\/www.solene-maroquinerie.fr\/index.php\/wp-json\/wp\/v2\/product_tag?post=409"}],"curies":[{"name":"wp","href":"https:\/\/api.w.org\/{rel}","templated":true}]}}