{"id":4286,"date":"2026-05-14T16:21:52","date_gmt":"2026-05-14T16:21:52","guid":{"rendered":"https:\/\/www.solene-maroquinerie.fr\/?post_type=product&#038;p=4286"},"modified":"2026-05-14T16:26:49","modified_gmt":"2026-05-14T16:26:49","slug":"sac-a-bandouliere-a-3-compartiments-anekke-muse","status":"publish","type":"product","link":"https:\/\/www.solene-maroquinerie.fr\/index.php\/produit\/sac-a-bandouliere-a-3-compartiments-anekke-muse\/","title":{"rendered":"SAC A BANDOULIERE A 3 COMPARTIMENTS ANEKKE MUSE"},"content":{"rendered":"<p><strong>Caract\u00e9ristiques SAC A BANDOULIERE A 3 COMPARTIMENTS ANEKKE MUSE<\/strong><\/p>\n<div class=\"accordion__content prose\">Il existe des lieux qui sont une origine. Muse est un voyage au berceau de l\u2019art, de la sagesse et de l\u2019inspiration. Une capsule qui vous transporte dans la Gr\u00e8ce classique, parmi les temples, les colonnes et les sculptures qui semblent vous murmurer que vous faites vous aussi partie de l\u2019histoire. Avec des imprim\u00e9s \u00e9th\u00e9r\u00e9s, des d\u00e9tails m\u00e9talliques et une esth\u00e9tique qui rend hommage \u00e0 la muse qui sommeille en vous.<\/div>\n<ul class=\"product-characteristics\">\n<li><b>Type de fermeture:<\/b>\u00a0Fermeture \u00e9clair<\/li>\n<li><b>Poches:<\/b>\u00a01 poche arri\u00e8re, 1 poche int\u00e9rieure pour t\u00e9l\u00e9phone portable et 1 fermeture \u00e9clair<\/li>\n<li><b>Type de poign\u00e9e:<\/b>\u00a0Bandouli\u00e8re<\/li>\n<li><b>Dimensions (Longueur x Hauteur x Largeur):<\/b>\u00a025\u202fcm \/ 17\u202fcm \/ 8\u202fcm<\/li>\n<li><b>Composition int\u00e9rieure:<\/b>\u00a0100% POLYESTER<\/li>\n<li><b>Composition ext\u00e9rieure:<\/b>\u00a0100% PU<\/li>\n<li><b>Poids:<\/b>\u00a0525\u202fg<\/li>\n<\/ul>\n<p><strong>Informations livraisons<\/strong><\/p>\n<div>Les frais de livraisons sont offerts d\u00e8s 40\u20ac d&rsquo;achats<br \/>\nLivraison entre 3 et 5 jours<\/div>\n<div>Mode de paiement s\u00e9curis\u00e9s accept\u00e9s : CARTE BANCAIRE\u00a0 ou\u00a0 PAYPAL<br \/>\nR\u00e9ception des marchandises : A domicile ou Retrait \u00e0 notre magasin<\/div>\n","protected":false},"excerpt":{"rendered":"<p class=\"reference-commerciale\">R\u00e9f\u00e9rence commerciale : 42703-160<\/p>\n","protected":false},"featured_media":4287,"template":"","meta":[],"product_brand":[82],"product_cat":[28],"product_tag":[],"class_list":{"0":"post-4286","1":"product","2":"type-product","3":"status-publish","4":"has-post-thumbnail","6":"product_brand-anekke","7":"product_cat-sac-a-main-2","9":"first","10":"instock","11":"taxable","12":"shipping-taxable","13":"purchasable","14":"product-type-simple"},"_links":{"self":[{"href":"https:\/\/www.solene-maroquinerie.fr\/index.php\/wp-json\/wp\/v2\/product\/4286","targetHints":{"allow":["GET"]}}],"collection":[{"href":"https:\/\/www.solene-maroquinerie.fr\/index.php\/wp-json\/wp\/v2\/product"}],"about":[{"href":"https:\/\/www.solene-maroquinerie.fr\/index.php\/wp-json\/wp\/v2\/types\/product"}],"wp:featuredmedia":[{"embeddable":true,"href":"https:\/\/www.solene-maroquinerie.fr\/index.php\/wp-json\/wp\/v2\/media\/4287"}],"wp:attachment":[{"href":"https:\/\/www.solene-maroquinerie.fr\/index.php\/wp-json\/wp\/v2\/media?parent=4286"}],"wp:term":[{"taxonomy":"product_brand","embeddable":true,"href":"https:\/\/www.solene-maroquinerie.fr\/index.php\/wp-json\/wp\/v2\/product_brand?post=4286"},{"taxonomy":"product_cat","embeddable":true,"href":"https:\/\/www.solene-maroquinerie.fr\/index.php\/wp-json\/wp\/v2\/product_cat?post=4286"},{"taxonomy":"product_tag","embeddable":true,"href":"https:\/\/www.solene-maroquinerie.fr\/index.php\/wp-json\/wp\/v2\/product_tag?post=4286"}],"curies":[{"name":"wp","href":"https:\/\/api.w.org\/{rel}","templated":true}]}}