{"id":431,"date":"2026-04-29T07:58:08","date_gmt":"2026-04-29T07:58:08","guid":{"rendered":"https:\/\/www.solene-maroquinerie.fr\/index.php\/produit\/sac-a-main-le-tanneur-gisele\/"},"modified":"2026-05-13T14:48:22","modified_gmt":"2026-05-13T14:48:22","slug":"sac-a-main-le-tanneur-gisele","status":"publish","type":"product","link":"https:\/\/www.solene-maroquinerie.fr\/index.php\/produit\/sac-a-main-le-tanneur-gisele\/","title":{"rendered":"SAC \u00c0 MAIN LE TANNEUR GIS\u00c8LE"},"content":{"rendered":"<p><strong>Caract\u00e9ristiques du\u00a0<\/strong><strong>SAC \u00c0 MAIN MOYEN MODELE LE TANNEUR GIS\u00c8LE EN CUIR GRAIN\u00c9 TAN<\/strong><\/p>\n<ul>\n<li>Sac bugatti moyen mod\u00e8le avec charms T signature et marquage Le Tanneur.<\/li>\n<li>Port\u00e9 main, \u00e9paule ou crois\u00e9 gr\u00e2ce \u00e0 sa bandouli\u00e8re ajustable et amovible.<\/li>\n<li>2 poches plates, 1 poche zipp\u00e9e et 1 soufflet, 1 poche plate avant bouton aimant\u00e9, 1 poche plate arri\u00e8re bouton aimant\u00e9.<\/li>\n<li>Bandouli\u00e8re amovible et ajustable.<\/li>\n<li>Accessoires m\u00e9talliques finition dor\u00e9 clair.<\/li>\n<\/ul>\n<p>Dimensions :<\/p>\n<ul>\n<li><span style=\"font-family: arial, helvetica, sans-serif. font-size: small.\">L 29,5 x H 23 x P 12 cm<\/span><\/li>\n<\/ul>\n<p>Composition :\u00a0<\/p>\n<ul>\n<li>\n<p>Cuir de vachette pleine fleur grain\u00e9. Doublure textile Le Bleu.<\/p>\n<\/li>\n<li>\n<p>Le cuir grain\u00e9 pleine fleur allie \u00e9l\u00e9gance et sp\u00e9cificit\u00e9 gr\u00e2ce \u00e0 son grain apparent. Le cuir pleine fleur est un cuir dont la surface est rest\u00e9e intacte et naturelle. C\u2019est la partie la plus noble du cuir. Une sensation agr\u00e9able au toucher le rend tr\u00e8s singulier.<\/p>\n<\/li>\n<\/ul>\n<p><strong>Informations livraisons<\/strong><\/p>\n<div>Les frais de livraisons sont offerts d\u00e8s 40\u20ac d&rsquo;achats<br \/>Livraison entre 3 et 5 jours<\/div>\n<div>Mode de paiement s\u00e9curis\u00e9s accept\u00e9s : CARTE BANCAIRE\u00a0 ou\u00a0 PAYPAL<br \/>R\u00e9ception des marchandises : A domicile ou Retrait \u00e0 notre magasin<br \/>Consulter nos<a href=\"https:\/\/www.solene-maroquinerie.fr\/conditions_generales_de_vente.html\" target=\"_self\" title=\"Nos CGV\">\u00a0conditions g\u00e9n\u00e9rales de ventes<\/a><\/div>\n","protected":false},"excerpt":{"rendered":"<p class=\"reference-commerciale\">R\u00e9f\u00e9rence commerciale : TGIS1010G05<\/p>\n","protected":false},"featured_media":430,"template":"","meta":[],"product_brand":[48],"product_cat":[24,47],"product_tag":[],"class_list":{"0":"post-431","1":"product","2":"type-product","3":"status-publish","4":"has-post-thumbnail","6":"product_brand-le-tanneur","7":"product_cat-divers","8":"product_cat-femme-le-tanneur","10":"first","11":"instock","12":"taxable","13":"shipping-taxable","14":"purchasable","15":"product-type-simple"},"_links":{"self":[{"href":"https:\/\/www.solene-maroquinerie.fr\/index.php\/wp-json\/wp\/v2\/product\/431","targetHints":{"allow":["GET"]}}],"collection":[{"href":"https:\/\/www.solene-maroquinerie.fr\/index.php\/wp-json\/wp\/v2\/product"}],"about":[{"href":"https:\/\/www.solene-maroquinerie.fr\/index.php\/wp-json\/wp\/v2\/types\/product"}],"wp:featuredmedia":[{"embeddable":true,"href":"https:\/\/www.solene-maroquinerie.fr\/index.php\/wp-json\/wp\/v2\/media\/430"}],"wp:attachment":[{"href":"https:\/\/www.solene-maroquinerie.fr\/index.php\/wp-json\/wp\/v2\/media?parent=431"}],"wp:term":[{"taxonomy":"product_brand","embeddable":true,"href":"https:\/\/www.solene-maroquinerie.fr\/index.php\/wp-json\/wp\/v2\/product_brand?post=431"},{"taxonomy":"product_cat","embeddable":true,"href":"https:\/\/www.solene-maroquinerie.fr\/index.php\/wp-json\/wp\/v2\/product_cat?post=431"},{"taxonomy":"product_tag","embeddable":true,"href":"https:\/\/www.solene-maroquinerie.fr\/index.php\/wp-json\/wp\/v2\/product_tag?post=431"}],"curies":[{"name":"wp","href":"https:\/\/api.w.org\/{rel}","templated":true}]}}