{"id":433,"date":"2026-04-29T07:58:09","date_gmt":"2026-04-29T07:58:09","guid":{"rendered":"https:\/\/www.solene-maroquinerie.fr\/index.php\/produit\/sac-cabas-armani-exchange-rose\/"},"modified":"2026-05-13T11:53:34","modified_gmt":"2026-05-13T11:53:34","slug":"sac-cabas-armani-exchange-rose","status":"publish","type":"product","link":"https:\/\/www.solene-maroquinerie.fr\/index.php\/produit\/sac-cabas-armani-exchange-rose\/","title":{"rendered":"SAC CABAS ARMANI EXCHANGE ROSE"},"content":{"rendered":"<p><strong>Caract\u00e9ristiques du SAC CABAS AVEC FERMETURE ZIPP\u00c9E ARMANI EXCHANGE ROSE\u00a0<\/strong><strong>VERNIS<\/strong><\/p>\n<p><span><span>Des d\u00e9tails r\u00e9solument tendance viennent rehausser le sac cabas classique\u00a0: le nouveau mod\u00e8le pour la saison froide se pr\u00e9pare \u00e0 r\u00e9chauffer les c\u0153urs avec une signature en relief, un charm \u00e0 logo en m\u00e9tal et un design \u00e9pur\u00e9. Impossible de le laisser au placard\u00a0!<\/span><\/span><\/p>\n<ul>\n<li>Cabas en similicuir avec inscription logo en relief<\/li>\n<li>Fermeture zipp\u00e9e<\/li>\n<li>Charm logo en m\u00e9tal<\/li>\n<\/ul>\n<p>Dimensions :<\/p>\n<ul>\n<li><span>42 x 35 x 9\u00a0cm<\/span><\/li>\n<\/ul>\n<p>Composition :\u00a0<\/p>\n<ul>\n<li>\n<p><span>100\u00a0% polyester<\/span><\/p>\n<\/li>\n<\/ul>\n<p><strong>Informations livraisons<\/strong><\/p>\n<div>Les frais de livraisons sont offerts d\u00e8s 40\u20ac d&rsquo;achats<br \/>Livraison entre 3 et 5 jours<\/div>\n<div>Mode de paiement s\u00e9curis\u00e9s accept\u00e9s : CARTE BANCAIRE\u00a0 ou\u00a0 PAYPAL<br \/>R\u00e9ception des marchandises : A domicile ou Retrait \u00e0 notre magasin<br \/>Consulter nos<a href=\"https:\/\/www.solene-maroquinerie.fr\/conditions_generales_de_vente.html\" target=\"_self\" title=\"Nos CGV\">\u00a0conditions g\u00e9n\u00e9rales de ventes<\/a><\/div>\n","protected":false},"excerpt":{"rendered":"<p>Caract\u00e9ristiques du SAC CABAS AVEC FERMETURE ZIPP\u00c9E ARMANI EXCHANGE ROSE\u00a0VERNIS Des d\u00e9tails r\u00e9solument tendance viennent rehausser le sac cabas classique\u00a0: le nouveau mod\u00e8le pour la saison froide se pr\u00e9pare \u00e0 r\u00e9chauffer les c\u0153urs avec une signature en relief, un charm \u00e0 logo en m\u00e9tal et un design \u00e9pur\u00e9. Impossible de le laisser au placard\u00a0! Cabas [&hellip;]<\/p>\n","protected":false},"featured_media":432,"template":"","meta":[],"product_brand":[71],"product_cat":[28,70],"product_tag":[],"class_list":{"0":"post-433","1":"product","2":"type-product","3":"status-publish","4":"has-post-thumbnail","6":"product_brand-armani-exchange","7":"product_cat-sac-a-main-2","8":"product_cat-sac-femme","10":"first","11":"instock","12":"taxable","13":"shipping-taxable","14":"purchasable","15":"product-type-simple"},"_links":{"self":[{"href":"https:\/\/www.solene-maroquinerie.fr\/index.php\/wp-json\/wp\/v2\/product\/433","targetHints":{"allow":["GET"]}}],"collection":[{"href":"https:\/\/www.solene-maroquinerie.fr\/index.php\/wp-json\/wp\/v2\/product"}],"about":[{"href":"https:\/\/www.solene-maroquinerie.fr\/index.php\/wp-json\/wp\/v2\/types\/product"}],"wp:featuredmedia":[{"embeddable":true,"href":"https:\/\/www.solene-maroquinerie.fr\/index.php\/wp-json\/wp\/v2\/media\/432"}],"wp:attachment":[{"href":"https:\/\/www.solene-maroquinerie.fr\/index.php\/wp-json\/wp\/v2\/media?parent=433"}],"wp:term":[{"taxonomy":"product_brand","embeddable":true,"href":"https:\/\/www.solene-maroquinerie.fr\/index.php\/wp-json\/wp\/v2\/product_brand?post=433"},{"taxonomy":"product_cat","embeddable":true,"href":"https:\/\/www.solene-maroquinerie.fr\/index.php\/wp-json\/wp\/v2\/product_cat?post=433"},{"taxonomy":"product_tag","embeddable":true,"href":"https:\/\/www.solene-maroquinerie.fr\/index.php\/wp-json\/wp\/v2\/product_tag?post=433"}],"curies":[{"name":"wp","href":"https:\/\/api.w.org\/{rel}","templated":true}]}}