{"id":488,"date":"2026-04-29T08:08:46","date_gmt":"2026-04-29T08:08:46","guid":{"rendered":"https:\/\/www.solene-maroquinerie.fr\/index.php\/produit\/banane-reversible-cabaia-aurora\/"},"modified":"2026-05-13T11:53:40","modified_gmt":"2026-05-13T11:53:40","slug":"banane-reversible-cabaia-aurora","status":"publish","type":"product","link":"https:\/\/www.solene-maroquinerie.fr\/index.php\/produit\/banane-reversible-cabaia-aurora\/","title":{"rendered":"BANANE REVERSIBLE CABAIA AURORA"},"content":{"rendered":"<div data-accordion-content=\"open\">\n<p><strong>Descriptif de la\u00a0BANANE REVERSIBLE CABAIA AURORA<\/strong><\/p>\n<h4>Le sac Nano, le sac bandouli\u00e8re pens\u00e9 pour accueillir tous vos essentiels.<\/h4>\n<ul>\n<li>Garantie \u00e0 vie<\/li>\n<li>R\u00e9versible : c\u00f4t\u00e9 motif &#038; c\u00f4t\u00e9 color\u00e9 uni<\/li>\n<li>Compartiment principal pour ranger vos essentiels + une poche lat\u00e9rale de la taille d&rsquo;une carte bancaire<\/li>\n<li>Vegan &#038; d\u00e9perlante<\/li>\n<li>Toutes les tailles de t\u00e9l\u00e9phones rentrent \u00e0 l&rsquo;int\u00e9rieur<\/li>\n<li>Fermeture du sac banane avec un zip YKK<\/li>\n<li>Peut se porter \u00e0 la taille et \u00e0 l&rsquo;\u00e9paule<\/li>\n<\/ul>\n<p data-mce-fragment=\"1\"><strong data-mce-fragment=\"1\"><\/strong><strong data-mce-fragment=\"1\">Dimensions (1,5L):<span data-mce-fragment=\"1\">\u00a0<\/span><\/strong>28cm (largeur) x 14cm (hauteur) x 9cm (profondeur)<\/p>\n<ul>\n<li><strong>Taille bandouli\u00e8re<\/strong>\u00a0: Entre 47cm et 85cm<\/li>\n<li><strong data-mce-fragment=\"1\">Largeur bandouli\u00e8re<\/strong>\u00a0: 3,8cm<\/li>\n<\/ul><\/div>\n<div>\n<p>ENTRETIEN ET COMPOSITION<\/p>\n<p> <span data-accordion-button-icon=\"open\"><\/span><\/div>\n<div data-accordion-content=\"open\">\n<p>Ne pas passer \u00e0 la machine, nettoyer d\u00e9licatement avec un linge humide et du savon.<\/p>\n<p><strong>Composition :<\/strong><br \/>Tissu ext\u00e9rieur principal : 100% polyester<br \/>Rev\u00eatement ext\u00e9rieur : polyur\u00e9thane<br \/>Doublure int\u00e9rieure : 100% polyester<\/p>\n<p><strong>Informations livraisons<\/strong><br \/>Les frais de livraisons sont offerts d\u00e8s 40\u20ac d&rsquo;achats<br \/>Livraison entre 3 et 5 jours<br \/>Mode de paiement s\u00e9curis\u00e9s accept\u00e9s : CARTE BANCAIRE\u00a0 ou\u00a0 PAYPAL<br \/>R\u00e9ception des marchandises : A domicile ou Retrait \u00e0 notre magasin<br \/>Consulter nos<a href=\"http:\/\/www.solene-maroquinerie.fr\/conditions_generales_de_vente.html\" target=\"_self\" title=\"Nos CGV\">\u00a0conditions g\u00e9n\u00e9rales de ventes<\/a><\/p>\n<\/p><\/div>\n","protected":false},"excerpt":{"rendered":"<p>Descriptif de la\u00a0BANANE REVERSIBLE CABAIA AURORA Le sac Nano, le sac bandouli\u00e8re pens\u00e9 pour accueillir tous vos essentiels. Garantie \u00e0 vie R\u00e9versible : c\u00f4t\u00e9 motif &#038; c\u00f4t\u00e9 color\u00e9 uni Compartiment principal pour ranger vos essentiels + une poche lat\u00e9rale de la taille d&rsquo;une carte bancaire Vegan &#038; d\u00e9perlante Toutes les tailles de t\u00e9l\u00e9phones rentrent \u00e0 [&hellip;]<\/p>\n","protected":false},"featured_media":487,"template":"","meta":[],"product_brand":[42],"product_cat":[45,78],"product_tag":[],"class_list":{"0":"post-488","1":"product","2":"type-product","3":"status-publish","4":"has-post-thumbnail","6":"product_brand-cabaia","7":"product_cat-banane","8":"product_cat-banane-cabaia","10":"first","11":"instock","12":"taxable","13":"shipping-taxable","14":"purchasable","15":"product-type-simple"},"_links":{"self":[{"href":"https:\/\/www.solene-maroquinerie.fr\/index.php\/wp-json\/wp\/v2\/product\/488","targetHints":{"allow":["GET"]}}],"collection":[{"href":"https:\/\/www.solene-maroquinerie.fr\/index.php\/wp-json\/wp\/v2\/product"}],"about":[{"href":"https:\/\/www.solene-maroquinerie.fr\/index.php\/wp-json\/wp\/v2\/types\/product"}],"wp:featuredmedia":[{"embeddable":true,"href":"https:\/\/www.solene-maroquinerie.fr\/index.php\/wp-json\/wp\/v2\/media\/487"}],"wp:attachment":[{"href":"https:\/\/www.solene-maroquinerie.fr\/index.php\/wp-json\/wp\/v2\/media?parent=488"}],"wp:term":[{"taxonomy":"product_brand","embeddable":true,"href":"https:\/\/www.solene-maroquinerie.fr\/index.php\/wp-json\/wp\/v2\/product_brand?post=488"},{"taxonomy":"product_cat","embeddable":true,"href":"https:\/\/www.solene-maroquinerie.fr\/index.php\/wp-json\/wp\/v2\/product_cat?post=488"},{"taxonomy":"product_tag","embeddable":true,"href":"https:\/\/www.solene-maroquinerie.fr\/index.php\/wp-json\/wp\/v2\/product_tag?post=488"}],"curies":[{"name":"wp","href":"https:\/\/api.w.org\/{rel}","templated":true}]}}