{"id":504,"date":"2026-04-29T08:09:36","date_gmt":"2026-04-29T08:09:36","guid":{"rendered":"https:\/\/www.solene-maroquinerie.fr\/index.php\/produit\/sac-trotteur-lancaster-suave-ace\/"},"modified":"2026-05-13T11:53:41","modified_gmt":"2026-05-13T11:53:41","slug":"sac-trotteur-lancaster-suave-ace","status":"publish","type":"product","link":"https:\/\/www.solene-maroquinerie.fr\/index.php\/produit\/sac-trotteur-lancaster-suave-ace\/","title":{"rendered":"SAC TROTTEUR LANCASTER SUAVE ACE"},"content":{"rendered":"<div><strong>Caract\u00e9ristiques du SAC TROTTEUR LANCASTER SUAVE ACE NOIR<\/strong><\/div>\n<div>\n<ul>\n<li><span>Fermeture zipp\u00e9e<\/span><\/li>\n<li><span>Poche int\u00e9rieure zipp\u00e9e<\/span><\/li>\n<li><span>Bandouli\u00e8re r\u00e9glable<\/span><\/li>\n<li>Sac fabriqu\u00e9 en France<\/li>\n<\/ul>\n<p>Finition :<\/p>\n<ul>\n<li>M\u00e9tal argent\u00e9 brillant<\/li>\n<\/ul>\n<p>Dimensions :<\/p>\n<ul>\n<li>27 x 15 x 6 cm<\/li>\n<\/ul>\n<p>Composition :<\/p>\n<ul>\n<li><span><span>Refente de cuir de vachette lisse<\/span><\/span><\/li>\n<li>Doublure int\u00e9rieure textile<\/li>\n<\/ul>\n<p><strong>Informations livraisons<\/strong><\/p>\n<p>Les frais de livraisons sont offerts d\u00e8s 40\u20ac d&rsquo;achats<\/p>\n<p>Mode de paiement s\u00e9curis\u00e9s accept\u00e9s : CARTE BANCAIRE\u00a0 ou\u00a0 PAYPAL<\/p>\n<div>R\u00e9ception des marchandises : A domicile ou Retrait \u00e0 notre magasin<\/div>\n<div>Livraison entre 3 et 5 jours<\/div>\n<div>Retrait au magasin sous 24h (rdv)<\/div>\n<div>Consulter nos<a href=\"https:\/\/www.solene-maroquinerie.fr\/conditions_generales_de_vente.html\" target=\"_self\" title=\"Nos CGV\">\u00a0conditions g\u00e9n\u00e9rales de ventes<\/a><\/div>\n<p> <strong><br \/><\/strong><\/div>\n","protected":false},"excerpt":{"rendered":"<p>Caract\u00e9ristiques du SAC TROTTEUR LANCASTER SUAVE ACE NOIR Fermeture zipp\u00e9e Poche int\u00e9rieure zipp\u00e9e Bandouli\u00e8re r\u00e9glable Sac fabriqu\u00e9 en France Finition : M\u00e9tal argent\u00e9 brillant Dimensions : 27 x 15 x 6 cm Composition : Refente de cuir de vachette lisse Doublure int\u00e9rieure textile Informations livraisons Les frais de livraisons sont offerts d\u00e8s 40\u20ac d&rsquo;achats Mode [&hellip;]<\/p>\n","protected":false},"featured_media":503,"template":"","meta":[],"product_brand":[29],"product_cat":[27,28],"product_tag":[],"class_list":{"0":"post-504","1":"product","2":"type-product","3":"status-publish","4":"has-post-thumbnail","6":"product_brand-lancaster","7":"product_cat-sac-a-main","8":"product_cat-sac-a-main-2","10":"first","11":"instock","12":"taxable","13":"shipping-taxable","14":"purchasable","15":"product-type-simple"},"_links":{"self":[{"href":"https:\/\/www.solene-maroquinerie.fr\/index.php\/wp-json\/wp\/v2\/product\/504","targetHints":{"allow":["GET"]}}],"collection":[{"href":"https:\/\/www.solene-maroquinerie.fr\/index.php\/wp-json\/wp\/v2\/product"}],"about":[{"href":"https:\/\/www.solene-maroquinerie.fr\/index.php\/wp-json\/wp\/v2\/types\/product"}],"wp:featuredmedia":[{"embeddable":true,"href":"https:\/\/www.solene-maroquinerie.fr\/index.php\/wp-json\/wp\/v2\/media\/503"}],"wp:attachment":[{"href":"https:\/\/www.solene-maroquinerie.fr\/index.php\/wp-json\/wp\/v2\/media?parent=504"}],"wp:term":[{"taxonomy":"product_brand","embeddable":true,"href":"https:\/\/www.solene-maroquinerie.fr\/index.php\/wp-json\/wp\/v2\/product_brand?post=504"},{"taxonomy":"product_cat","embeddable":true,"href":"https:\/\/www.solene-maroquinerie.fr\/index.php\/wp-json\/wp\/v2\/product_cat?post=504"},{"taxonomy":"product_tag","embeddable":true,"href":"https:\/\/www.solene-maroquinerie.fr\/index.php\/wp-json\/wp\/v2\/product_tag?post=504"}],"curies":[{"name":"wp","href":"https:\/\/api.w.org\/{rel}","templated":true}]}}