{"id":520,"date":"2026-04-29T08:09:50","date_gmt":"2026-04-29T08:09:50","guid":{"rendered":"https:\/\/www.solene-maroquinerie.fr\/index.php\/produit\/double-pochette-lancaster-dune\/"},"modified":"2026-05-13T11:53:43","modified_gmt":"2026-05-13T11:53:43","slug":"double-pochette-lancaster-dune","status":"publish","type":"product","link":"https:\/\/www.solene-maroquinerie.fr\/index.php\/produit\/double-pochette-lancaster-dune\/","title":{"rendered":"DOUBLE POCHETTE LANCASTER DUNE"},"content":{"rendered":"<div><strong>Caract\u00e9ristiques de la DOUBLE POCHETTE LANCASTER DUNE CAMEL<\/strong><\/div>\n<div>\n<ul>\n<li><span>Port\u00e9 travers, port\u00e9 \u00e9paule<\/span><\/li>\n<li><span>Bandouli\u00e8re amovible r\u00e9glable<\/span><\/li>\n<li><span>Fermeture zipp\u00e9e<\/span><\/li>\n<\/ul>\n<p>Finition :<\/p>\n<ul>\n<li>M\u00e9tal dor\u00e9 brillant<\/li>\n<\/ul>\n<p>Dimensions :<\/p>\n<ul>\n<li><span>18,5 x 11 x 4 cm<\/span><\/li>\n<\/ul>\n<p>Composition :<\/p>\n<ul>\n<li><span><span>Cuir de vachette grain\u00e9<\/span><\/span><\/li>\n<li>Doublure int\u00e9rieure textile<\/li>\n<\/ul>\n<p><strong>Informations livraisons<\/strong><\/p>\n<p>Les frais de livraisons sont offerts d\u00e8s 40\u20ac d&rsquo;achats<\/p>\n<p>Mode de paiement s\u00e9curis\u00e9s accept\u00e9s : CARTE BANCAIRE\u00a0 ou\u00a0 PAYPAL<\/p>\n<div>R\u00e9ception des marchandises : A domicile ou Retrait \u00e0 notre magasin<\/div>\n<div>Livraison entre 3 et 5 jours<\/div>\n<div>Retrait au magasin sous 24h (rdv)<\/div>\n<div>Consulter nos<a href=\"https:\/\/www.solene-maroquinerie.fr\/conditions_generales_de_vente.html\" target=\"_self\" title=\"Nos CGV\">\u00a0conditions g\u00e9n\u00e9rales de ventes<\/a><\/div>\n<p> <strong><br \/><\/strong><\/div>\n","protected":false},"excerpt":{"rendered":"<p>Caract\u00e9ristiques de la DOUBLE POCHETTE LANCASTER DUNE CAMEL Port\u00e9 travers, port\u00e9 \u00e9paule Bandouli\u00e8re amovible r\u00e9glable Fermeture zipp\u00e9e Finition : M\u00e9tal dor\u00e9 brillant Dimensions : 18,5 x 11 x 4 cm Composition : Cuir de vachette grain\u00e9 Doublure int\u00e9rieure textile Informations livraisons Les frais de livraisons sont offerts d\u00e8s 40\u20ac d&rsquo;achats Mode de paiement s\u00e9curis\u00e9s accept\u00e9s [&hellip;]<\/p>\n","protected":false},"featured_media":519,"template":"","meta":[],"product_brand":[29],"product_cat":[27,28],"product_tag":[],"class_list":{"0":"post-520","1":"product","2":"type-product","3":"status-publish","4":"has-post-thumbnail","6":"product_brand-lancaster","7":"product_cat-sac-a-main","8":"product_cat-sac-a-main-2","10":"first","11":"instock","12":"taxable","13":"shipping-taxable","14":"purchasable","15":"product-type-simple"},"_links":{"self":[{"href":"https:\/\/www.solene-maroquinerie.fr\/index.php\/wp-json\/wp\/v2\/product\/520","targetHints":{"allow":["GET"]}}],"collection":[{"href":"https:\/\/www.solene-maroquinerie.fr\/index.php\/wp-json\/wp\/v2\/product"}],"about":[{"href":"https:\/\/www.solene-maroquinerie.fr\/index.php\/wp-json\/wp\/v2\/types\/product"}],"wp:featuredmedia":[{"embeddable":true,"href":"https:\/\/www.solene-maroquinerie.fr\/index.php\/wp-json\/wp\/v2\/media\/519"}],"wp:attachment":[{"href":"https:\/\/www.solene-maroquinerie.fr\/index.php\/wp-json\/wp\/v2\/media?parent=520"}],"wp:term":[{"taxonomy":"product_brand","embeddable":true,"href":"https:\/\/www.solene-maroquinerie.fr\/index.php\/wp-json\/wp\/v2\/product_brand?post=520"},{"taxonomy":"product_cat","embeddable":true,"href":"https:\/\/www.solene-maroquinerie.fr\/index.php\/wp-json\/wp\/v2\/product_cat?post=520"},{"taxonomy":"product_tag","embeddable":true,"href":"https:\/\/www.solene-maroquinerie.fr\/index.php\/wp-json\/wp\/v2\/product_tag?post=520"}],"curies":[{"name":"wp","href":"https:\/\/api.w.org\/{rel}","templated":true}]}}