{"id":613,"date":"2026-04-29T08:13:15","date_gmt":"2026-04-29T08:13:15","guid":{"rendered":"https:\/\/www.solene-maroquinerie.fr\/index.php\/produit\/eastpak-day-pakr-2k1-terra-pink\/"},"modified":"2026-05-13T14:48:30","modified_gmt":"2026-05-13T14:48:30","slug":"eastpak-day-pakr-2k1-terra-pink","status":"publish","type":"product","link":"https:\/\/www.solene-maroquinerie.fr\/index.php\/produit\/eastpak-day-pakr-2k1-terra-pink\/","title":{"rendered":"EASTPAK DAY PAK&rsquo;R 2K1 TERRA PINK"},"content":{"rendered":"<div>\n<div>\n<div>Le compagnon id\u00e9al au quotidien, inspir\u00e9 de notre sac \u00e0 dos Eastpak embl\u00e9matique. Notre sac \u00e0 dos Padded Pak&rsquo;r a \u00e9t\u00e9 r\u00e9invent\u00e9 avec encore plus de fonctionnalit\u00e9s, dont une housse pour ordinateur portable int\u00e9gr\u00e9e, une poche s\u00e9curis\u00e9e zipp\u00e9e \u00e0 l&rsquo;arri\u00e8re et deux poches lat\u00e9rales multifonctions.<\/div>\n<\/p><\/div>\n<\/p><\/div>\n<div>\n<h3>Caract\u00e9ristiques<\/h3>\n<div>\n<ul>\n<li>Compartiment principal avec poche avant zipp\u00e9e et poche arri\u00e8re s\u00e9curis\u00e9e<\/li>\n<li>Hauteur\u00a0: 40\u00a0cm, Largeur\u00a0: 30\u00a0cm, Profondeur\u00a0: 18\u00a0cm<\/li>\n<li>100\u00a0% nylon<\/li>\n<li>Bretelles r\u00e9glables et panneau dorsal rembourr\u00e9s<\/li>\n<li>Housse rembourr\u00e9e pour ordinateur portable jusqu&rsquo;\u00e0 14\u00a0pouces<\/li>\n<li>Deux poches lat\u00e9rales multifonctions<\/li>\n<\/ul>\n<h3>D\u00e9tails<\/h3>\n<dl>\n<dt>Hauteur : 40 cm<\/dt>\n<dt>Largeur : 30 cm<\/dt>\n<dt>Profondeur : 18 cm<\/dt>\n<dt>Le Volume : 24 Litres<\/dt>\n<dt>Poids : 400 g<\/dt>\n<dt>Garantie : 30 ans<\/dt>\n<dt>Portable : 14\u2033\u2033<\/dt>\n<dt>MacBook : 14\u2033<\/dt>\n<\/dl>\n<\/div><\/div>\n","protected":false},"excerpt":{"rendered":"<p class=\"reference-commerciale\">R\u00e9f\u00e9rence commerciale : EK0A5BG4 2K1 TERRA PINK<\/p>\n","protected":false},"featured_media":612,"template":"","meta":[],"product_brand":[20],"product_cat":[19,75],"product_tag":[],"class_list":{"0":"post-613","1":"product","2":"type-product","3":"status-publish","4":"has-post-thumbnail","6":"product_brand-eastpak","7":"product_cat-sac-a-dos","8":"product_cat-sac-a-dos-day-pakr","10":"first","11":"outofstock","12":"taxable","13":"shipping-taxable","14":"purchasable","15":"product-type-simple"},"_links":{"self":[{"href":"https:\/\/www.solene-maroquinerie.fr\/index.php\/wp-json\/wp\/v2\/product\/613","targetHints":{"allow":["GET"]}}],"collection":[{"href":"https:\/\/www.solene-maroquinerie.fr\/index.php\/wp-json\/wp\/v2\/product"}],"about":[{"href":"https:\/\/www.solene-maroquinerie.fr\/index.php\/wp-json\/wp\/v2\/types\/product"}],"wp:featuredmedia":[{"embeddable":true,"href":"https:\/\/www.solene-maroquinerie.fr\/index.php\/wp-json\/wp\/v2\/media\/612"}],"wp:attachment":[{"href":"https:\/\/www.solene-maroquinerie.fr\/index.php\/wp-json\/wp\/v2\/media?parent=613"}],"wp:term":[{"taxonomy":"product_brand","embeddable":true,"href":"https:\/\/www.solene-maroquinerie.fr\/index.php\/wp-json\/wp\/v2\/product_brand?post=613"},{"taxonomy":"product_cat","embeddable":true,"href":"https:\/\/www.solene-maroquinerie.fr\/index.php\/wp-json\/wp\/v2\/product_cat?post=613"},{"taxonomy":"product_tag","embeddable":true,"href":"https:\/\/www.solene-maroquinerie.fr\/index.php\/wp-json\/wp\/v2\/product_tag?post=613"}],"curies":[{"name":"wp","href":"https:\/\/api.w.org\/{rel}","templated":true}]}}