{"id":628,"date":"2026-04-29T09:54:24","date_gmt":"2026-04-29T09:54:24","guid":{"rendered":"https:\/\/www.solene-maroquinerie.fr\/index.php\/produit\/sacoche-zippee-lacoste-chantaco\/"},"modified":"2026-05-13T11:53:51","modified_gmt":"2026-05-13T11:53:51","slug":"sacoche-zippee-lacoste-chantaco","status":"publish","type":"product","link":"https:\/\/www.solene-maroquinerie.fr\/index.php\/produit\/sacoche-zippee-lacoste-chantaco\/","title":{"rendered":"SACOCHE ZIPP\u00c9E LACOSTE CHANTACO"},"content":{"rendered":"<p><strong>Caract\u00e9ristiques de la SACOCHE ZIPP\u00c9E LACOSTE CHANTACO EN CUIR PIQU\u00c9 MAT NOIR<\/strong><\/p>\n<ul>\n<li>Int\u00e9rieur 1 poche zipp\u00e9e, 1 poche plaqu\u00e9e<\/li>\n<li>Fermeture zipp\u00e9e et bandouli\u00e8re amovible<\/li>\n<li>Crocodile ton sur ton<\/li>\n<li>Dimensions 26 x 17 x 6,5 cm<\/li>\n<li>Cuir piqu\u00e9<\/li>\n<li>Exterieur: Refente de cuir vachette (100%)<\/li>\n<\/ul>\n<p><strong>Informations livraisons<\/strong>\u00a0<\/p>\n<p>Les frais de livraisons sont offerts d\u00e8s 40\u20ac d&rsquo;achats<\/p>\n<p>Livraison entre 3 et 5 jours.<\/p>\n<p>Mode de paiement s\u00e9curis\u00e9s accept\u00e9s : CARTE BANCAIRE\u00a0 ou\u00a0 PAYPAL<\/p>\n<div>R\u00e9ception des marchandises : A domicile ou Retrait \u00e0 notre magasin<br \/>Consulter nos<a href=\"http:\/\/www.solene-maroquinerie.fr\/conditions_generales_de_vente.html\" target=\"_self\" title=\"Nos CGV\">\u00a0conditions g\u00e9n\u00e9rales de ventes<\/a><\/div>\n<p>\u00a0<\/p>\n","protected":false},"excerpt":{"rendered":"<p>Caract\u00e9ristiques de la SACOCHE ZIPP\u00c9E LACOSTE CHANTACO EN CUIR PIQU\u00c9 MAT NOIR Int\u00e9rieur 1 poche zipp\u00e9e, 1 poche plaqu\u00e9e Fermeture zipp\u00e9e et bandouli\u00e8re amovible Crocodile ton sur ton Dimensions 26 x 17 x 6,5 cm Cuir piqu\u00e9 Exterieur: Refente de cuir vachette (100%) Informations livraisons\u00a0 Les frais de livraisons sont offerts d\u00e8s 40\u20ac d&rsquo;achats Livraison [&hellip;]<\/p>\n","protected":false},"featured_media":627,"template":"","meta":[],"product_brand":[25],"product_cat":[24,34],"product_tag":[],"class_list":{"0":"post-628","1":"product","2":"type-product","3":"status-publish","4":"has-post-thumbnail","6":"product_brand-lacoste","7":"product_cat-divers","8":"product_cat-homme","10":"first","11":"instock","12":"taxable","13":"shipping-taxable","14":"purchasable","15":"product-type-simple"},"_links":{"self":[{"href":"https:\/\/www.solene-maroquinerie.fr\/index.php\/wp-json\/wp\/v2\/product\/628","targetHints":{"allow":["GET"]}}],"collection":[{"href":"https:\/\/www.solene-maroquinerie.fr\/index.php\/wp-json\/wp\/v2\/product"}],"about":[{"href":"https:\/\/www.solene-maroquinerie.fr\/index.php\/wp-json\/wp\/v2\/types\/product"}],"wp:featuredmedia":[{"embeddable":true,"href":"https:\/\/www.solene-maroquinerie.fr\/index.php\/wp-json\/wp\/v2\/media\/627"}],"wp:attachment":[{"href":"https:\/\/www.solene-maroquinerie.fr\/index.php\/wp-json\/wp\/v2\/media?parent=628"}],"wp:term":[{"taxonomy":"product_brand","embeddable":true,"href":"https:\/\/www.solene-maroquinerie.fr\/index.php\/wp-json\/wp\/v2\/product_brand?post=628"},{"taxonomy":"product_cat","embeddable":true,"href":"https:\/\/www.solene-maroquinerie.fr\/index.php\/wp-json\/wp\/v2\/product_cat?post=628"},{"taxonomy":"product_tag","embeddable":true,"href":"https:\/\/www.solene-maroquinerie.fr\/index.php\/wp-json\/wp\/v2\/product_tag?post=628"}],"curies":[{"name":"wp","href":"https:\/\/api.w.org\/{rel}","templated":true}]}}