{"id":652,"date":"2026-04-29T09:56:02","date_gmt":"2026-04-29T09:56:02","guid":{"rendered":"https:\/\/www.solene-maroquinerie.fr\/index.php\/produit\/sac-besace-katana-en-cuir-2\/"},"modified":"2026-05-13T11:53:52","modified_gmt":"2026-05-13T11:53:52","slug":"sac-besace-katana-en-cuir-2","status":"publish","type":"product","link":"https:\/\/www.solene-maroquinerie.fr\/index.php\/produit\/sac-besace-katana-en-cuir-2\/","title":{"rendered":"SAC BESACE KATANA EN CUIR"},"content":{"rendered":"<p><span><strong>Caract\u00e9ristiques du\u00a0SAC BESACE KATANA EN CUIR MARRON CLAIR<\/strong><\/span><\/p>\n<ul>\n<li>Besace Katana en Cuir de Vachette collet v\u00e9g\u00e9tal\u00a0<\/li>\n<\/ul>\n<p>Dimensions :<\/p>\n<ul>\n<li>23.5 x 19 x 8.5 cm<\/li>\n<\/ul>\n<p>Composition :<\/p>\n<ul>\n<li>Ext\u00e9rieur 100% Cuir de Vachette collet<\/li>\n<li>Int\u00e9rieur doublure 100% Nylon<\/li>\n<\/ul>\n<p><strong>Informations livraisons<\/strong><\/p>\n<p>Les frais de livraisons sont offerts d\u00e8s 40\u20ac d&rsquo;achats<\/p>\n<p>Mode de paiement s\u00e9curis\u00e9s accept\u00e9s : CARTE BANCAIRE\u00a0 ou\u00a0 PAYPAL<\/p>\n<div>R\u00e9ception des marchandises : A domicile ou Retrait \u00e0 notre magasin<\/div>\n<div>Livraison entre 3 et 5 jours<\/div>\n<div>Retrait au magasin sous 24h (rdv)<\/div>\n<div>Consulter nos<a href=\"https:\/\/www.solene-maroquinerie.fr\/conditions_generales_de_vente.html\" target=\"_self\" title=\"Nos CGV\">\u00a0conditions g\u00e9n\u00e9rales de ventes<\/a><\/div>\n","protected":false},"excerpt":{"rendered":"<p>Caract\u00e9ristiques du\u00a0SAC BESACE KATANA EN CUIR MARRON CLAIR Besace Katana en Cuir de Vachette collet v\u00e9g\u00e9tal\u00a0 Dimensions : 23.5 x 19 x 8.5 cm Composition : Ext\u00e9rieur 100% Cuir de Vachette collet Int\u00e9rieur doublure 100% Nylon Informations livraisons Les frais de livraisons sont offerts d\u00e8s 40\u20ac d&rsquo;achats Mode de paiement s\u00e9curis\u00e9s accept\u00e9s : CARTE BANCAIRE\u00a0 [&hellip;]<\/p>\n","protected":false},"featured_media":651,"template":"","meta":[],"product_brand":[54],"product_cat":[24,53],"product_tag":[],"class_list":{"0":"post-652","1":"product","2":"type-product","3":"status-publish","4":"has-post-thumbnail","6":"product_brand-katana","7":"product_cat-divers","8":"product_cat-katana-katana","10":"first","11":"instock","12":"taxable","13":"shipping-taxable","14":"purchasable","15":"product-type-simple"},"_links":{"self":[{"href":"https:\/\/www.solene-maroquinerie.fr\/index.php\/wp-json\/wp\/v2\/product\/652","targetHints":{"allow":["GET"]}}],"collection":[{"href":"https:\/\/www.solene-maroquinerie.fr\/index.php\/wp-json\/wp\/v2\/product"}],"about":[{"href":"https:\/\/www.solene-maroquinerie.fr\/index.php\/wp-json\/wp\/v2\/types\/product"}],"wp:featuredmedia":[{"embeddable":true,"href":"https:\/\/www.solene-maroquinerie.fr\/index.php\/wp-json\/wp\/v2\/media\/651"}],"wp:attachment":[{"href":"https:\/\/www.solene-maroquinerie.fr\/index.php\/wp-json\/wp\/v2\/media?parent=652"}],"wp:term":[{"taxonomy":"product_brand","embeddable":true,"href":"https:\/\/www.solene-maroquinerie.fr\/index.php\/wp-json\/wp\/v2\/product_brand?post=652"},{"taxonomy":"product_cat","embeddable":true,"href":"https:\/\/www.solene-maroquinerie.fr\/index.php\/wp-json\/wp\/v2\/product_cat?post=652"},{"taxonomy":"product_tag","embeddable":true,"href":"https:\/\/www.solene-maroquinerie.fr\/index.php\/wp-json\/wp\/v2\/product_tag?post=652"}],"curies":[{"name":"wp","href":"https:\/\/api.w.org\/{rel}","templated":true}]}}