{"id":796,"date":"2026-04-29T10:10:08","date_gmt":"2026-04-29T10:10:08","guid":{"rendered":"https:\/\/www.solene-maroquinerie.fr\/index.php\/produit\/sac-cabas-lancaster-smooth-beige\/"},"modified":"2026-05-13T11:54:01","modified_gmt":"2026-05-13T11:54:01","slug":"sac-cabas-lancaster-smooth-beige","status":"publish","type":"product","link":"https:\/\/www.solene-maroquinerie.fr\/index.php\/produit\/sac-cabas-lancaster-smooth-beige\/","title":{"rendered":"SAC CABAS LANCASTER SMOOTH BEIGE"},"content":{"rendered":"<p><strong>Caract\u00e9ristiques du\u00a0SAC CABAS \u00c9PAULE LANCASTER SMOOTH BEIGE \u00c9CRU ROSE FONC\u00c9<\/strong><\/p>\n<ul>\n<li><span>Poche arri\u00e8re zipp\u00e9e<\/span><\/li>\n<li><span>Compartiment t\u00e9l\u00e9phone<\/span><\/li>\n<li><span>Poche int\u00e9rieure zipp\u00e9e<\/span><\/li>\n<li><span>Poche int\u00e9rieure simple<\/span><\/li>\n<li>Poche int\u00e9rieure simple<\/li>\n<\/ul>\n<p>Finition :<\/p>\n<ul>\n<li>M\u00e9tal argent\u00e9 brillant<\/li>\n<\/ul>\n<p>Dimensions :<\/p>\n<ul>\n<li>28 x 25 x 13 cm<\/li>\n<\/ul>\n<p>Composition :<\/p>\n<ul>\n<li>Refente de cuir de vachette lisse<\/li>\n<li>Doublure textile logo<\/li>\n<\/ul>\n<p><strong>Informations livraisons<\/strong><br \/>Les frais de livraisons sont offerts d\u00e8s 40\u20ac d&rsquo;achats<br \/>Mode de paiement s\u00e9curis\u00e9s accept\u00e9s : CARTE BANCAIRE\u00a0 ou\u00a0 PAYPAL<br \/>R\u00e9ception des marchandises : A domicile ou Retrait \u00e0 notre magasin<br \/>Livraison entre 3 et 5 jours<br \/>Retrait au magasin sous 24h (rdv)<br \/>Consulter nos<a href=\"https:\/\/www.solene-maroquinerie.fr\/conditions_generales_de_vente.html\" target=\"_self\" title=\"Nos CGV\">\u00a0conditions g\u00e9n\u00e9rales de ventes<\/a><\/p>\n","protected":false},"excerpt":{"rendered":"<p>Caract\u00e9ristiques du\u00a0SAC CABAS \u00c9PAULE LANCASTER SMOOTH BEIGE \u00c9CRU ROSE FONC\u00c9 Poche arri\u00e8re zipp\u00e9e Compartiment t\u00e9l\u00e9phone Poche int\u00e9rieure zipp\u00e9e Poche int\u00e9rieure simple Poche int\u00e9rieure simple Finition : M\u00e9tal argent\u00e9 brillant Dimensions : 28 x 25 x 13 cm Composition : Refente de cuir de vachette lisse Doublure textile logo Informations livraisonsLes frais de livraisons sont offerts [&hellip;]<\/p>\n","protected":false},"featured_media":795,"template":"","meta":[],"product_brand":[29],"product_cat":[27,28],"product_tag":[],"class_list":{"0":"post-796","1":"product","2":"type-product","3":"status-publish","4":"has-post-thumbnail","6":"product_brand-lancaster","7":"product_cat-sac-a-main","8":"product_cat-sac-a-main-2","10":"first","11":"instock","12":"taxable","13":"shipping-taxable","14":"purchasable","15":"product-type-simple"},"_links":{"self":[{"href":"https:\/\/www.solene-maroquinerie.fr\/index.php\/wp-json\/wp\/v2\/product\/796","targetHints":{"allow":["GET"]}}],"collection":[{"href":"https:\/\/www.solene-maroquinerie.fr\/index.php\/wp-json\/wp\/v2\/product"}],"about":[{"href":"https:\/\/www.solene-maroquinerie.fr\/index.php\/wp-json\/wp\/v2\/types\/product"}],"wp:featuredmedia":[{"embeddable":true,"href":"https:\/\/www.solene-maroquinerie.fr\/index.php\/wp-json\/wp\/v2\/media\/795"}],"wp:attachment":[{"href":"https:\/\/www.solene-maroquinerie.fr\/index.php\/wp-json\/wp\/v2\/media?parent=796"}],"wp:term":[{"taxonomy":"product_brand","embeddable":true,"href":"https:\/\/www.solene-maroquinerie.fr\/index.php\/wp-json\/wp\/v2\/product_brand?post=796"},{"taxonomy":"product_cat","embeddable":true,"href":"https:\/\/www.solene-maroquinerie.fr\/index.php\/wp-json\/wp\/v2\/product_cat?post=796"},{"taxonomy":"product_tag","embeddable":true,"href":"https:\/\/www.solene-maroquinerie.fr\/index.php\/wp-json\/wp\/v2\/product_tag?post=796"}],"curies":[{"name":"wp","href":"https:\/\/api.w.org\/{rel}","templated":true}]}}