{"id":809,"date":"2026-04-29T10:10:55","date_gmt":"2026-04-29T10:10:55","guid":{"rendered":"https:\/\/www.solene-maroquinerie.fr\/index.php\/produit\/sac-cabas-lancaster-maya\/"},"modified":"2026-05-13T11:54:02","modified_gmt":"2026-05-13T11:54:02","slug":"sac-cabas-lancaster-maya","status":"publish","type":"product","link":"https:\/\/www.solene-maroquinerie.fr\/index.php\/produit\/sac-cabas-lancaster-maya\/","title":{"rendered":"SAC CABAS LANCASTER MAYA"},"content":{"rendered":"<div><strong>Caract\u00e9ristiques du SAC CABAS LANCASTER MAYA NOIR<\/strong><\/div>\n<ul>\n<li><span>Poche arri\u00e8re zipp\u00e9e, poche int\u00e9rieure zipp\u00e9e<\/span><\/li>\n<li>Mati\u00e8re : Polychlorure de vinyle garni de refente de cuir de vachette finition lisse<\/li>\n<li>Finitions m\u00e9tal argent\u00e9 brillant<\/li>\n<li>Dimensions : 28\u00a0<span>x 24 x 12 cm<\/span><\/li>\n<li>Anses d<span>oubles, non r\u00e9glables<\/span><\/li>\n<\/ul>\n<h4><strong>Informations livraisons<\/strong><\/h4>\n<div>Les frais de livraisons sont offerts d\u00e8s 40\u20ac d&rsquo;achats<\/div>\n<div>Livraison entre 3 et 5 jours<\/div>\n<p>Mode de paiement s\u00e9curis\u00e9s accept\u00e9s : CARTE BANCAIRE\u00a0 ou\u00a0 PAYPAL<\/p>\n<div>R\u00e9ception des marchandises : A domicile ou Retrait \u00e0 notre magasin<br \/>Consulter nos<a href=\"http:\/\/www.solene-maroquinerie.fr\/conditions_generales_de_vente.html\" target=\"_self\" title=\"Nos CGV\">\u00a0conditions g\u00e9n\u00e9rales de ventes<\/a><\/div>\n","protected":false},"excerpt":{"rendered":"<p>Caract\u00e9ristiques du SAC CABAS LANCASTER MAYA NOIR Poche arri\u00e8re zipp\u00e9e, poche int\u00e9rieure zipp\u00e9e Mati\u00e8re : Polychlorure de vinyle garni de refente de cuir de vachette finition lisse Finitions m\u00e9tal argent\u00e9 brillant Dimensions : 28\u00a0x 24 x 12 cm Anses doubles, non r\u00e9glables Informations livraisons Les frais de livraisons sont offerts d\u00e8s 40\u20ac d&rsquo;achats Livraison entre [&hellip;]<\/p>\n","protected":false},"featured_media":808,"template":"","meta":[],"product_brand":[29],"product_cat":[27,28],"product_tag":[],"class_list":{"0":"post-809","1":"product","2":"type-product","3":"status-publish","4":"has-post-thumbnail","6":"product_brand-lancaster","7":"product_cat-sac-a-main","8":"product_cat-sac-a-main-2","10":"first","11":"instock","12":"taxable","13":"shipping-taxable","14":"purchasable","15":"product-type-simple"},"_links":{"self":[{"href":"https:\/\/www.solene-maroquinerie.fr\/index.php\/wp-json\/wp\/v2\/product\/809","targetHints":{"allow":["GET"]}}],"collection":[{"href":"https:\/\/www.solene-maroquinerie.fr\/index.php\/wp-json\/wp\/v2\/product"}],"about":[{"href":"https:\/\/www.solene-maroquinerie.fr\/index.php\/wp-json\/wp\/v2\/types\/product"}],"wp:featuredmedia":[{"embeddable":true,"href":"https:\/\/www.solene-maroquinerie.fr\/index.php\/wp-json\/wp\/v2\/media\/808"}],"wp:attachment":[{"href":"https:\/\/www.solene-maroquinerie.fr\/index.php\/wp-json\/wp\/v2\/media?parent=809"}],"wp:term":[{"taxonomy":"product_brand","embeddable":true,"href":"https:\/\/www.solene-maroquinerie.fr\/index.php\/wp-json\/wp\/v2\/product_brand?post=809"},{"taxonomy":"product_cat","embeddable":true,"href":"https:\/\/www.solene-maroquinerie.fr\/index.php\/wp-json\/wp\/v2\/product_cat?post=809"},{"taxonomy":"product_tag","embeddable":true,"href":"https:\/\/www.solene-maroquinerie.fr\/index.php\/wp-json\/wp\/v2\/product_tag?post=809"}],"curies":[{"name":"wp","href":"https:\/\/api.w.org\/{rel}","templated":true}]}}