{"id":856,"date":"2026-04-29T10:13:08","date_gmt":"2026-04-29T10:13:08","guid":{"rendered":"https:\/\/www.solene-maroquinerie.fr\/index.php\/produit\/sac-a-main-lacoste-daily-city\/"},"modified":"2026-05-13T11:54:05","modified_gmt":"2026-05-13T11:54:05","slug":"sac-a-main-lacoste-daily-city","status":"publish","type":"product","link":"https:\/\/www.solene-maroquinerie.fr\/index.php\/produit\/sac-a-main-lacoste-daily-city\/","title":{"rendered":"SAC A MAIN LACOSTE DAILY CITY"},"content":{"rendered":"<p><strong>Caract\u00e9ristiques du\u00a0SAC A MAIN LACOSTE DAILY CITY<\/strong><\/p>\n<div>Avec sa ligne \u00e9l\u00e9gante, sa anse pratique et sa bandouli\u00e8re fonctionnelle, le sac Daily City se porte \u00e0 la main pour un style raffin\u00e9, ou \u00e0 l\u2019\u00e9paule pour plus de confort. Sa toile r\u00e9sistante et son volume bien pens\u00e9 en font l\u2019alli\u00e9 des journ\u00e9es charg\u00e9es.<\/div>\n<ul>\n<li><span>Dimensions : L 25 x H 18 x P 13 cm<\/span><\/li>\n<li><span>Mati\u00e8re Petit Piqu\u00e9<\/span><\/li>\n<li><span>Bandouli\u00e8re amovible et ajustable entre 113 et 128 cm<\/span><\/li>\n<li><span>1 poche zipp\u00e9e int\u00e9rieure<\/span><\/li>\n<li><span>Crocodile sur le devant<\/span><\/li>\n<li><span>Exterieur: Pvc (100%)<\/span><\/li>\n<\/ul>\n<p><strong>Informations livraisons<\/strong><\/p>\n<p>Les frais de livraisons sont offerts d\u00e8s 40\u20ac d&rsquo;achats<\/p>\n<div>Livraison entre 3 et 5 jours<\/div>\n<p>Mode de paiement s\u00e9curis\u00e9s accept\u00e9s : CARTE BANCAIRE\u00a0 ou\u00a0 PAYPAL<\/p>\n<div>R\u00e9ception des marchandises : A domicile ou Retrait \u00e0 notre magasin<br \/>Consulter nos<a href=\"http:\/\/www.solene-maroquinerie.fr\/conditions_generales_de_vente.html\" target=\"_self\" title=\"Nos CGV\">\u00a0conditions g\u00e9n\u00e9rales de ventes<\/a><\/div>\n","protected":false},"excerpt":{"rendered":"<p>Caract\u00e9ristiques du\u00a0SAC A MAIN LACOSTE DAILY CITY Avec sa ligne \u00e9l\u00e9gante, sa anse pratique et sa bandouli\u00e8re fonctionnelle, le sac Daily City se porte \u00e0 la main pour un style raffin\u00e9, ou \u00e0 l\u2019\u00e9paule pour plus de confort. Sa toile r\u00e9sistante et son volume bien pens\u00e9 en font l\u2019alli\u00e9 des journ\u00e9es charg\u00e9es. Dimensions : L [&hellip;]<\/p>\n","protected":false},"featured_media":855,"template":"","meta":[],"product_brand":[25],"product_cat":[23,28],"product_tag":[],"class_list":{"0":"post-856","1":"product","2":"type-product","3":"status-publish","4":"has-post-thumbnail","6":"product_brand-lacoste","7":"product_cat-femme","8":"product_cat-sac-a-main-2","10":"first","11":"instock","12":"taxable","13":"shipping-taxable","14":"purchasable","15":"product-type-simple"},"_links":{"self":[{"href":"https:\/\/www.solene-maroquinerie.fr\/index.php\/wp-json\/wp\/v2\/product\/856","targetHints":{"allow":["GET"]}}],"collection":[{"href":"https:\/\/www.solene-maroquinerie.fr\/index.php\/wp-json\/wp\/v2\/product"}],"about":[{"href":"https:\/\/www.solene-maroquinerie.fr\/index.php\/wp-json\/wp\/v2\/types\/product"}],"wp:featuredmedia":[{"embeddable":true,"href":"https:\/\/www.solene-maroquinerie.fr\/index.php\/wp-json\/wp\/v2\/media\/855"}],"wp:attachment":[{"href":"https:\/\/www.solene-maroquinerie.fr\/index.php\/wp-json\/wp\/v2\/media?parent=856"}],"wp:term":[{"taxonomy":"product_brand","embeddable":true,"href":"https:\/\/www.solene-maroquinerie.fr\/index.php\/wp-json\/wp\/v2\/product_brand?post=856"},{"taxonomy":"product_cat","embeddable":true,"href":"https:\/\/www.solene-maroquinerie.fr\/index.php\/wp-json\/wp\/v2\/product_cat?post=856"},{"taxonomy":"product_tag","embeddable":true,"href":"https:\/\/www.solene-maroquinerie.fr\/index.php\/wp-json\/wp\/v2\/product_tag?post=856"}],"curies":[{"name":"wp","href":"https:\/\/api.w.org\/{rel}","templated":true}]}}