{"id":860,"date":"2026-04-29T10:13:14","date_gmt":"2026-04-29T10:13:14","guid":{"rendered":"https:\/\/www.solene-maroquinerie.fr\/index.php\/produit\/sac-plat-lacoste-l-12-12-bleu\/"},"modified":"2026-05-13T11:54:05","modified_gmt":"2026-05-13T11:54:05","slug":"sac-plat-lacoste-l-12-12-bleu","status":"publish","type":"product","link":"https:\/\/www.solene-maroquinerie.fr\/index.php\/produit\/sac-plat-lacoste-l-12-12-bleu\/","title":{"rendered":"SAC PLAT LACOSTE L.12.12 BLEU"},"content":{"rendered":"<p><strong>Caract\u00e9ristiques du\u00a0SAC PLAT A BANDOULIERE LACOSTE L.12.12 CONCEPT NOIR<\/strong><\/p>\n<div>Ce sac plat l\u00e9ger \u00e0 fermeture zipp\u00e9e est un essentiel du vestiaire f\u00e9minin. Sa bandouli\u00e8re amovible et ajustable offre plusieurs options de port\u00e9. Avec son embossage Petit Piqu\u00e9 inspir\u00e9 de la mati\u00e8re du polo Original L.12.12 et son crocodile vert brod\u00e9, cette pi\u00e8ce est un concentr\u00e9 de codes Lacoste.<\/div>\n<ul>\n<li><span>Dimensions : L 27 x H 17,5 cm<\/span><\/li>\n<li><span>Longueur bandouli\u00e8re : 122 cm<\/span><\/li>\n<li><span>Poche int\u00e9rieure zipp\u00e9e en mesh<\/span><\/li>\n<li><span>Crocodile vert brod\u00e9 sur le devant<\/span><\/li>\n<li><span>Exterieur: Pvc (100%)<\/span><\/li>\n<\/ul>\n<p><strong>Informations livraisons<\/strong><\/p>\n<p>Les frais de livraisons sont offerts d\u00e8s 40\u20ac d&rsquo;achats<\/p>\n<div>Livraison entre 3 et 5 jours<\/div>\n<p>Mode de paiement s\u00e9curis\u00e9s accept\u00e9s : CARTE BANCAIRE\u00a0 ou\u00a0 PAYPAL<\/p>\n<div>R\u00e9ception des marchandises : A domicile ou Retrait \u00e0 notre magasin<br \/>Consulter nos<a href=\"http:\/\/www.solene-maroquinerie.fr\/conditions_generales_de_vente.html\" target=\"_self\" title=\"Nos CGV\">\u00a0conditions g\u00e9n\u00e9rales de ventes<\/a><\/div>\n","protected":false},"excerpt":{"rendered":"<p>Caract\u00e9ristiques du\u00a0SAC PLAT A BANDOULIERE LACOSTE L.12.12 CONCEPT NOIR Ce sac plat l\u00e9ger \u00e0 fermeture zipp\u00e9e est un essentiel du vestiaire f\u00e9minin. Sa bandouli\u00e8re amovible et ajustable offre plusieurs options de port\u00e9. Avec son embossage Petit Piqu\u00e9 inspir\u00e9 de la mati\u00e8re du polo Original L.12.12 et son crocodile vert brod\u00e9, cette pi\u00e8ce est un concentr\u00e9 [&hellip;]<\/p>\n","protected":false},"featured_media":859,"comment_status":"open","ping_status":"closed","template":"","meta":[],"product_brand":[25],"product_cat":[24,23],"product_tag":[],"class_list":{"0":"post-860","1":"product","2":"type-product","3":"status-publish","4":"has-post-thumbnail","6":"product_brand-lacoste","7":"product_cat-divers","8":"product_cat-femme","10":"first","11":"instock","12":"taxable","13":"shipping-taxable","14":"purchasable","15":"product-type-simple"},"_links":{"self":[{"href":"https:\/\/www.solene-maroquinerie.fr\/index.php\/wp-json\/wp\/v2\/product\/860","targetHints":{"allow":["GET"]}}],"collection":[{"href":"https:\/\/www.solene-maroquinerie.fr\/index.php\/wp-json\/wp\/v2\/product"}],"about":[{"href":"https:\/\/www.solene-maroquinerie.fr\/index.php\/wp-json\/wp\/v2\/types\/product"}],"replies":[{"embeddable":true,"href":"https:\/\/www.solene-maroquinerie.fr\/index.php\/wp-json\/wp\/v2\/comments?post=860"}],"wp:featuredmedia":[{"embeddable":true,"href":"https:\/\/www.solene-maroquinerie.fr\/index.php\/wp-json\/wp\/v2\/media\/859"}],"wp:attachment":[{"href":"https:\/\/www.solene-maroquinerie.fr\/index.php\/wp-json\/wp\/v2\/media?parent=860"}],"wp:term":[{"taxonomy":"product_brand","embeddable":true,"href":"https:\/\/www.solene-maroquinerie.fr\/index.php\/wp-json\/wp\/v2\/product_brand?post=860"},{"taxonomy":"product_cat","embeddable":true,"href":"https:\/\/www.solene-maroquinerie.fr\/index.php\/wp-json\/wp\/v2\/product_cat?post=860"},{"taxonomy":"product_tag","embeddable":true,"href":"https:\/\/www.solene-maroquinerie.fr\/index.php\/wp-json\/wp\/v2\/product_tag?post=860"}],"curies":[{"name":"wp","href":"https:\/\/api.w.org\/{rel}","templated":true}]}}