{"id":867,"date":"2026-04-29T10:13:30","date_gmt":"2026-04-29T10:13:30","guid":{"rendered":"https:\/\/www.solene-maroquinerie.fr\/index.php\/produit\/sac-cabas-zippe-lacoste-anna-2\/"},"modified":"2026-05-13T14:48:38","modified_gmt":"2026-05-13T14:48:38","slug":"sac-cabas-zippe-lacoste-anna-2","status":"publish","type":"product","link":"https:\/\/www.solene-maroquinerie.fr\/index.php\/produit\/sac-cabas-zippe-lacoste-anna-2\/","title":{"rendered":"SAC CABAS ZIPPE LACOSTE ANNA"},"content":{"rendered":"<p><strong>Caract\u00e9ristiques du\u00a0SAC CABAS ZIPPE LACOSTE ANNA ABIMES PETUNIA<\/strong><\/p>\n<div>\n<div>Alliant styles modernes et classiques, le sac Anna est d\u00e9sormais zipp\u00e9 pour une s\u00e9curit\u00e9 accrue. Sa taille compacte et ses multiples compartiments en font le compagnon id\u00e9al pour vos journ\u00e9es bien remplies.<\/div>\n<ul>\n<li><span>Dimensions : L 35 x H 30 x P 14 cm<\/span><\/li>\n<li><span>Ext\u00e9rieur grain\u00e9, int\u00e9rieur petit piqu\u00e9<\/span><\/li>\n<li><span>Espace pour ordinateur 15 pouces<\/span><\/li>\n<li><span>Poche plate \u00e0 l&rsquo;int\u00e9rieur<\/span><\/li>\n<li><span>Exterieur: Pvc (100%)<\/span><\/li>\n<\/ul><\/div>\n<p><strong>Informations livraisons<\/strong><\/p>\n<p>Les frais de livraisons sont offerts d\u00e8s 40\u20ac d&rsquo;achats<\/p>\n<div>Livraison entre 3 et 5 jours<\/div>\n<p>Mode de paiement s\u00e9curis\u00e9s accept\u00e9s : CARTE BANCAIRE\u00a0 ou\u00a0 PAYPAL<\/p>\n<div>R\u00e9ception des marchandises : A domicile ou Retrait \u00e0 notre magasin<br \/>Consulter nos<a href=\"http:\/\/www.solene-maroquinerie.fr\/conditions_generales_de_vente.html\" target=\"_self\" title=\"Nos CGV\">\u00a0conditions g\u00e9n\u00e9rales de ventes<\/a><\/div>\n","protected":false},"excerpt":{"rendered":"<p class=\"reference-commerciale\">R\u00e9f\u00e9rence commerciale : NF4823AA Q19<\/p>\n","protected":false},"featured_media":866,"template":"","meta":[],"product_brand":[25],"product_cat":[24,23],"product_tag":[],"class_list":{"0":"post-867","1":"product","2":"type-product","3":"status-publish","4":"has-post-thumbnail","6":"product_brand-lacoste","7":"product_cat-divers","8":"product_cat-femme","10":"first","11":"instock","12":"taxable","13":"shipping-taxable","14":"purchasable","15":"product-type-simple"},"_links":{"self":[{"href":"https:\/\/www.solene-maroquinerie.fr\/index.php\/wp-json\/wp\/v2\/product\/867","targetHints":{"allow":["GET"]}}],"collection":[{"href":"https:\/\/www.solene-maroquinerie.fr\/index.php\/wp-json\/wp\/v2\/product"}],"about":[{"href":"https:\/\/www.solene-maroquinerie.fr\/index.php\/wp-json\/wp\/v2\/types\/product"}],"wp:featuredmedia":[{"embeddable":true,"href":"https:\/\/www.solene-maroquinerie.fr\/index.php\/wp-json\/wp\/v2\/media\/866"}],"wp:attachment":[{"href":"https:\/\/www.solene-maroquinerie.fr\/index.php\/wp-json\/wp\/v2\/media?parent=867"}],"wp:term":[{"taxonomy":"product_brand","embeddable":true,"href":"https:\/\/www.solene-maroquinerie.fr\/index.php\/wp-json\/wp\/v2\/product_brand?post=867"},{"taxonomy":"product_cat","embeddable":true,"href":"https:\/\/www.solene-maroquinerie.fr\/index.php\/wp-json\/wp\/v2\/product_cat?post=867"},{"taxonomy":"product_tag","embeddable":true,"href":"https:\/\/www.solene-maroquinerie.fr\/index.php\/wp-json\/wp\/v2\/product_tag?post=867"}],"curies":[{"name":"wp","href":"https:\/\/api.w.org\/{rel}","templated":true}]}}