{"id":871,"date":"2026-04-29T10:13:37","date_gmt":"2026-04-29T10:13:37","guid":{"rendered":"https:\/\/www.solene-maroquinerie.fr\/index.php\/produit\/sac-a-rabat-lacoste-daily-city\/"},"modified":"2026-05-13T11:54:06","modified_gmt":"2026-05-13T11:54:06","slug":"sac-a-rabat-lacoste-daily-city","status":"publish","type":"product","link":"https:\/\/www.solene-maroquinerie.fr\/index.php\/produit\/sac-a-rabat-lacoste-daily-city\/","title":{"rendered":"SAC A RABAT LACOSTE DAILY CITY"},"content":{"rendered":"<p><strong>Caract\u00e9ristiques du\u00a0SAC A BANDOULIERE ET A RABAT LACOSTE DAILY CITY NOIR<\/strong><\/p>\n<div>\n<div>Classique, intemporel et \u00e9l\u00e9gant, le sac \u00e0 bandouli\u00e8re Daily City est l\u2019alli\u00e9 du quotidien. Son volume optimal accueille les essentiels. \u00c0 l\u2019avant, un rabat bien pens\u00e9 offre une protection suppl\u00e9mentaire.<\/div>\n<ul>\n<li><span>Dimensions : L 21 x H 15 x P 6 cm<\/span><\/li>\n<li><span>Mati\u00e8re Petit Piqu\u00e9<\/span><\/li>\n<li><span>Bandouli\u00e8re amovible et ajustable entre 115 et 130 cm<\/span><\/li>\n<li><span>1 poche zipp\u00e9e int\u00e9rieure<\/span><\/li>\n<li><span>Crocodile sur le rabat<\/span><\/li>\n<li><span>Exterieur: Pvc (100%)<\/span><\/li>\n<\/ul><\/div>\n<p><strong>Informations livraisons<\/strong><\/p>\n<p>Les frais de livraisons sont offerts d\u00e8s 40\u20ac d&rsquo;achats<\/p>\n<div>Livraison entre 3 et 5 jours<\/div>\n<p>Mode de paiement s\u00e9curis\u00e9s accept\u00e9s : CARTE BANCAIRE\u00a0 ou\u00a0 PAYPAL<\/p>\n<div>R\u00e9ception des marchandises : A domicile ou Retrait \u00e0 notre magasin<br \/>Consulter nos<a href=\"http:\/\/www.solene-maroquinerie.fr\/conditions_generales_de_vente.html\" target=\"_self\" title=\"Nos CGV\">\u00a0conditions g\u00e9n\u00e9rales de ventes<\/a><\/div>\n","protected":false},"excerpt":{"rendered":"<p>Caract\u00e9ristiques du\u00a0SAC A BANDOULIERE ET A RABAT LACOSTE DAILY CITY NOIR Classique, intemporel et \u00e9l\u00e9gant, le sac \u00e0 bandouli\u00e8re Daily City est l\u2019alli\u00e9 du quotidien. Son volume optimal accueille les essentiels. \u00c0 l\u2019avant, un rabat bien pens\u00e9 offre une protection suppl\u00e9mentaire. Dimensions : L 21 x H 15 x P 6 cm Mati\u00e8re Petit Piqu\u00e9 [&hellip;]<\/p>\n","protected":false},"featured_media":870,"template":"","meta":[],"product_brand":[25],"product_cat":[24,23],"product_tag":[],"class_list":{"0":"post-871","1":"product","2":"type-product","3":"status-publish","4":"has-post-thumbnail","6":"product_brand-lacoste","7":"product_cat-divers","8":"product_cat-femme","10":"first","11":"instock","12":"taxable","13":"shipping-taxable","14":"purchasable","15":"product-type-simple"},"_links":{"self":[{"href":"https:\/\/www.solene-maroquinerie.fr\/index.php\/wp-json\/wp\/v2\/product\/871","targetHints":{"allow":["GET"]}}],"collection":[{"href":"https:\/\/www.solene-maroquinerie.fr\/index.php\/wp-json\/wp\/v2\/product"}],"about":[{"href":"https:\/\/www.solene-maroquinerie.fr\/index.php\/wp-json\/wp\/v2\/types\/product"}],"wp:featuredmedia":[{"embeddable":true,"href":"https:\/\/www.solene-maroquinerie.fr\/index.php\/wp-json\/wp\/v2\/media\/870"}],"wp:attachment":[{"href":"https:\/\/www.solene-maroquinerie.fr\/index.php\/wp-json\/wp\/v2\/media?parent=871"}],"wp:term":[{"taxonomy":"product_brand","embeddable":true,"href":"https:\/\/www.solene-maroquinerie.fr\/index.php\/wp-json\/wp\/v2\/product_brand?post=871"},{"taxonomy":"product_cat","embeddable":true,"href":"https:\/\/www.solene-maroquinerie.fr\/index.php\/wp-json\/wp\/v2\/product_cat?post=871"},{"taxonomy":"product_tag","embeddable":true,"href":"https:\/\/www.solene-maroquinerie.fr\/index.php\/wp-json\/wp\/v2\/product_tag?post=871"}],"curies":[{"name":"wp","href":"https:\/\/api.w.org\/{rel}","templated":true}]}}