{"id":882,"date":"2026-04-29T10:13:51","date_gmt":"2026-04-29T10:13:51","guid":{"rendered":"https:\/\/www.solene-maroquinerie.fr\/index.php\/produit\/sac-bugatti-lacoste-daily-city\/"},"modified":"2026-05-13T14:48:38","modified_gmt":"2026-05-13T14:48:38","slug":"sac-bugatti-lacoste-daily-city","status":"publish","type":"product","link":"https:\/\/www.solene-maroquinerie.fr\/index.php\/produit\/sac-bugatti-lacoste-daily-city\/","title":{"rendered":"SAC BUGATTI LACOSTE DAILY CITY"},"content":{"rendered":"<p><strong>Caract\u00e9ristiques du\u00a0SAC BUGATTI LACOSTE DAILY CITY NOIR<\/strong><\/p>\n<div>\n<div>Une forme bugatti iconique caract\u00e9rise ce sac Daily City confectionn\u00e9 en toile r\u00e9sistante. Ses rangements bien pens\u00e9s et sa fermeture zipp\u00e9e prot\u00e8gent les essentiels. Sa bandouli\u00e8re amovible confortable permet de varier les port\u00e9s\u00a0: \u00e0 la main, \u00e0 l\u2019\u00e9paule ou crois\u00e9, il garde toute son \u00e9l\u00e9gance.<\/div>\n<ul>\n<li><span>Dimensions : L 28 x H 22 x P 12 cm<\/span><\/li>\n<li><span>Mati\u00e8re Petit Piqu\u00e9<\/span><\/li>\n<li><span>Bandouli\u00e8re amovible et ajustable entre 113 et 128 cm<\/span><\/li>\n<li><span>1 poche zipp\u00e9e, 1 poche plate int\u00e9rieures<\/span><\/li>\n<li><span>Crocodile ton sur ton sur le devant<\/span><\/li>\n<li><span>Exterieur: Pvc (100%)<\/span><\/li>\n<\/ul><\/div>\n<p><strong>Informations livraisons<\/strong><\/p>\n<p>Les frais de livraisons sont offerts d\u00e8s 40\u20ac d&rsquo;achats<\/p>\n<div>Livraison entre 3 et 5 jours<\/div>\n<p>Mode de paiement s\u00e9curis\u00e9s accept\u00e9s : CARTE BANCAIRE\u00a0 ou\u00a0 PAYPAL<\/p>\n<div>R\u00e9ception des marchandises : A domicile ou Retrait \u00e0 notre magasin<br \/>Consulter nos<a href=\"http:\/\/www.solene-maroquinerie.fr\/conditions_generales_de_vente.html\" target=\"_self\" title=\"Nos CGV\">\u00a0conditions g\u00e9n\u00e9rales de ventes<\/a><\/div>\n","protected":false},"excerpt":{"rendered":"<p class=\"reference-commerciale\">R\u00e9f\u00e9rence commerciale : NF4762DZ 000<\/p>\n","protected":false},"featured_media":881,"template":"","meta":[],"product_brand":[25],"product_cat":[24,23],"product_tag":[],"class_list":{"0":"post-882","1":"product","2":"type-product","3":"status-publish","4":"has-post-thumbnail","6":"product_brand-lacoste","7":"product_cat-divers","8":"product_cat-femme","10":"first","11":"outofstock","12":"taxable","13":"shipping-taxable","14":"purchasable","15":"product-type-simple"},"_links":{"self":[{"href":"https:\/\/www.solene-maroquinerie.fr\/index.php\/wp-json\/wp\/v2\/product\/882","targetHints":{"allow":["GET"]}}],"collection":[{"href":"https:\/\/www.solene-maroquinerie.fr\/index.php\/wp-json\/wp\/v2\/product"}],"about":[{"href":"https:\/\/www.solene-maroquinerie.fr\/index.php\/wp-json\/wp\/v2\/types\/product"}],"wp:featuredmedia":[{"embeddable":true,"href":"https:\/\/www.solene-maroquinerie.fr\/index.php\/wp-json\/wp\/v2\/media\/881"}],"wp:attachment":[{"href":"https:\/\/www.solene-maroquinerie.fr\/index.php\/wp-json\/wp\/v2\/media?parent=882"}],"wp:term":[{"taxonomy":"product_brand","embeddable":true,"href":"https:\/\/www.solene-maroquinerie.fr\/index.php\/wp-json\/wp\/v2\/product_brand?post=882"},{"taxonomy":"product_cat","embeddable":true,"href":"https:\/\/www.solene-maroquinerie.fr\/index.php\/wp-json\/wp\/v2\/product_cat?post=882"},{"taxonomy":"product_tag","embeddable":true,"href":"https:\/\/www.solene-maroquinerie.fr\/index.php\/wp-json\/wp\/v2\/product_tag?post=882"}],"curies":[{"name":"wp","href":"https:\/\/api.w.org\/{rel}","templated":true}]}}