{"id":886,"date":"2026-04-29T10:14:00","date_gmt":"2026-04-29T10:14:00","guid":{"rendered":"https:\/\/www.solene-maroquinerie.fr\/index.php\/produit\/sac-a-main-lacoste-daily-city-2\/"},"modified":"2026-05-13T11:54:07","modified_gmt":"2026-05-13T11:54:07","slug":"sac-a-main-lacoste-daily-city-2","status":"publish","type":"product","link":"https:\/\/www.solene-maroquinerie.fr\/index.php\/produit\/sac-a-main-lacoste-daily-city-2\/","title":{"rendered":"SAC A MAIN LACOSTE DAILY CITY"},"content":{"rendered":"<p><strong>Caract\u00e9ristiques du\u00a0SAC CABAS MOYEN LACOSTE DAILY CITY NOIR<\/strong><\/p>\n<div>\n<div>Au bureau comme en ville, le cabas Daily City est un essentiel aux lignes modernes et au design \u00e9pur\u00e9. Son volume g\u00e9n\u00e9reux et ses poches multiples accueillent les essentiels du quotidien et m\u00eame un PC 14 pouces. Un classique adapt\u00e9 aux nouveaux styles de vie.<\/div>\n<ul>\n<li><span>Dimensions : L 36 x H 27 x P 16,5 cm<\/span><\/li>\n<li><span>Mati\u00e8re Petit Piqu\u00e9<\/span><\/li>\n<li><span>Espace pour ordinateur 14 pouces<\/span><\/li>\n<li><span>1 poche zipp\u00e9e, 1 poche plaqu\u00e9e int\u00e9rieures<\/span><\/li>\n<li><span>Crocodile ton sur ton sur le devant<\/span><\/li>\n<li><span>Exterieur: Pvc (100%)<\/span><\/li>\n<\/ul><\/div>\n<p><strong>Informations livraisons<\/strong><\/p>\n<p>Les frais de livraisons sont offerts d\u00e8s 40\u20ac d&rsquo;achats<\/p>\n<div>Livraison entre 3 et 5 jours<\/div>\n<p>Mode de paiement s\u00e9curis\u00e9s accept\u00e9s : CARTE BANCAIRE\u00a0 ou\u00a0 PAYPAL<\/p>\n<div>R\u00e9ception des marchandises : A domicile ou Retrait \u00e0 notre magasin<br \/>Consulter nos<a href=\"http:\/\/www.solene-maroquinerie.fr\/conditions_generales_de_vente.html\" target=\"_self\" title=\"Nos CGV\">\u00a0conditions g\u00e9n\u00e9rales de ventes<\/a><\/div>\n","protected":false},"excerpt":{"rendered":"<p>Caract\u00e9ristiques du\u00a0SAC CABAS MOYEN LACOSTE DAILY CITY NOIR Au bureau comme en ville, le cabas Daily City est un essentiel aux lignes modernes et au design \u00e9pur\u00e9. Son volume g\u00e9n\u00e9reux et ses poches multiples accueillent les essentiels du quotidien et m\u00eame un PC 14 pouces. Un classique adapt\u00e9 aux nouveaux styles de vie. Dimensions : [&hellip;]<\/p>\n","protected":false},"featured_media":885,"comment_status":"open","ping_status":"closed","template":"","meta":[],"product_brand":[25],"product_cat":[23,28],"product_tag":[],"class_list":{"0":"post-886","1":"product","2":"type-product","3":"status-publish","4":"has-post-thumbnail","6":"product_brand-lacoste","7":"product_cat-femme","8":"product_cat-sac-a-main-2","10":"first","11":"instock","12":"taxable","13":"shipping-taxable","14":"purchasable","15":"product-type-simple"},"_links":{"self":[{"href":"https:\/\/www.solene-maroquinerie.fr\/index.php\/wp-json\/wp\/v2\/product\/886","targetHints":{"allow":["GET"]}}],"collection":[{"href":"https:\/\/www.solene-maroquinerie.fr\/index.php\/wp-json\/wp\/v2\/product"}],"about":[{"href":"https:\/\/www.solene-maroquinerie.fr\/index.php\/wp-json\/wp\/v2\/types\/product"}],"replies":[{"embeddable":true,"href":"https:\/\/www.solene-maroquinerie.fr\/index.php\/wp-json\/wp\/v2\/comments?post=886"}],"wp:featuredmedia":[{"embeddable":true,"href":"https:\/\/www.solene-maroquinerie.fr\/index.php\/wp-json\/wp\/v2\/media\/885"}],"wp:attachment":[{"href":"https:\/\/www.solene-maroquinerie.fr\/index.php\/wp-json\/wp\/v2\/media?parent=886"}],"wp:term":[{"taxonomy":"product_brand","embeddable":true,"href":"https:\/\/www.solene-maroquinerie.fr\/index.php\/wp-json\/wp\/v2\/product_brand?post=886"},{"taxonomy":"product_cat","embeddable":true,"href":"https:\/\/www.solene-maroquinerie.fr\/index.php\/wp-json\/wp\/v2\/product_cat?post=886"},{"taxonomy":"product_tag","embeddable":true,"href":"https:\/\/www.solene-maroquinerie.fr\/index.php\/wp-json\/wp\/v2\/product_tag?post=886"}],"curies":[{"name":"wp","href":"https:\/\/api.w.org\/{rel}","templated":true}]}}