{"id":890,"date":"2026-04-29T10:14:05","date_gmt":"2026-04-29T10:14:05","guid":{"rendered":"https:\/\/www.solene-maroquinerie.fr\/index.php\/produit\/sac-a-bandouliere-lacoste-maheki\/"},"modified":"2026-05-13T11:54:08","modified_gmt":"2026-05-13T11:54:08","slug":"sac-a-bandouliere-lacoste-maheki","status":"publish","type":"product","link":"https:\/\/www.solene-maroquinerie.fr\/index.php\/produit\/sac-a-bandouliere-lacoste-maheki\/","title":{"rendered":"SAC A BANDOULIERE LACOSTE MAHEKI"},"content":{"rendered":"<p><strong>Caract\u00e9ristiques du\u00a0SAC A BANDOULIERE LACOSTE MAHEKI EN CUIR EMBOSSE NOIR<\/strong><\/p>\n<div>\n<div>La ligne Maheki revisite les codes iconiques Lacoste. Cuir \u00e9l\u00e9gant, monogramme emboss\u00e9, crocodile signature font de ce mod\u00e8le un futur intemporel. Son format pratique multiplie les rangements et un rabat \u00e0 l\u2019avant prot\u00e8ge les essentiels. Sa bandouli\u00e8re sportive lib\u00e8re le mouvement.<\/div>\n<ul>\n<li><span>Dimensions\u00a0: L 21 x H 14,5 x P 9 cm<\/span><\/li>\n<li><span>Ext\u00e9rieur en cuir emboss\u00e9<\/span><\/li>\n<li><span>Bandouli\u00e8re amovible et ajustable entre 78 et 110 cm<\/span><\/li>\n<li><span>3 poches int\u00e9rieures<\/span><\/li>\n<li><span>Crocodile sur le rabat<\/span><\/li>\n<li><span>Exterieur: Cuir de vachette (100%)<\/span><\/li>\n<\/ul><\/div>\n<p><strong>Informations livraisons<\/strong><\/p>\n<p>Les frais de livraisons sont offerts d\u00e8s 40\u20ac d&rsquo;achats<\/p>\n<div>Livraison entre 3 et 5 jours<\/div>\n<p>Mode de paiement s\u00e9curis\u00e9s accept\u00e9s : CARTE BANCAIRE\u00a0 ou\u00a0 PAYPAL<\/p>\n<div>R\u00e9ception des marchandises : A domicile ou Retrait \u00e0 notre magasin<br \/>Consulter nos<a href=\"http:\/\/www.solene-maroquinerie.fr\/conditions_generales_de_vente.html\" target=\"_self\" title=\"Nos CGV\">\u00a0conditions g\u00e9n\u00e9rales de ventes<\/a><\/div>\n","protected":false},"excerpt":{"rendered":"<p>Caract\u00e9ristiques du\u00a0SAC A BANDOULIERE LACOSTE MAHEKI EN CUIR EMBOSSE NOIR La ligne Maheki revisite les codes iconiques Lacoste. Cuir \u00e9l\u00e9gant, monogramme emboss\u00e9, crocodile signature font de ce mod\u00e8le un futur intemporel. Son format pratique multiplie les rangements et un rabat \u00e0 l\u2019avant prot\u00e8ge les essentiels. Sa bandouli\u00e8re sportive lib\u00e8re le mouvement. Dimensions\u00a0: L 21 x [&hellip;]<\/p>\n","protected":false},"featured_media":889,"comment_status":"open","ping_status":"closed","template":"","meta":[],"product_brand":[25],"product_cat":[24,23],"product_tag":[],"class_list":{"0":"post-890","1":"product","2":"type-product","3":"status-publish","4":"has-post-thumbnail","6":"product_brand-lacoste","7":"product_cat-divers","8":"product_cat-femme","10":"first","11":"outofstock","12":"taxable","13":"shipping-taxable","14":"purchasable","15":"product-type-simple"},"_links":{"self":[{"href":"https:\/\/www.solene-maroquinerie.fr\/index.php\/wp-json\/wp\/v2\/product\/890","targetHints":{"allow":["GET"]}}],"collection":[{"href":"https:\/\/www.solene-maroquinerie.fr\/index.php\/wp-json\/wp\/v2\/product"}],"about":[{"href":"https:\/\/www.solene-maroquinerie.fr\/index.php\/wp-json\/wp\/v2\/types\/product"}],"replies":[{"embeddable":true,"href":"https:\/\/www.solene-maroquinerie.fr\/index.php\/wp-json\/wp\/v2\/comments?post=890"}],"wp:featuredmedia":[{"embeddable":true,"href":"https:\/\/www.solene-maroquinerie.fr\/index.php\/wp-json\/wp\/v2\/media\/889"}],"wp:attachment":[{"href":"https:\/\/www.solene-maroquinerie.fr\/index.php\/wp-json\/wp\/v2\/media?parent=890"}],"wp:term":[{"taxonomy":"product_brand","embeddable":true,"href":"https:\/\/www.solene-maroquinerie.fr\/index.php\/wp-json\/wp\/v2\/product_brand?post=890"},{"taxonomy":"product_cat","embeddable":true,"href":"https:\/\/www.solene-maroquinerie.fr\/index.php\/wp-json\/wp\/v2\/product_cat?post=890"},{"taxonomy":"product_tag","embeddable":true,"href":"https:\/\/www.solene-maroquinerie.fr\/index.php\/wp-json\/wp\/v2\/product_tag?post=890"}],"curies":[{"name":"wp","href":"https:\/\/api.w.org\/{rel}","templated":true}]}}