{"id":912,"date":"2026-04-29T10:17:42","date_gmt":"2026-04-29T10:17:42","guid":{"rendered":"https:\/\/www.solene-maroquinerie.fr\/index.php\/produit\/sac-a-dos-cabaia-medium-poitiers\/"},"modified":"2026-05-13T14:48:39","modified_gmt":"2026-05-13T14:48:39","slug":"sac-a-dos-cabaia-medium-poitiers","status":"publish","type":"product","link":"https:\/\/www.solene-maroquinerie.fr\/index.php\/produit\/sac-a-dos-cabaia-medium-poitiers\/","title":{"rendered":"SAC A DOS CABA\u00cfA MEDIUM POITIERS"},"content":{"rendered":"<p><span><strong>Descriptif du SAC A DOS CABA\u00cfA MEDIUM POITIERS<\/strong><\/span><\/p>\n<ul>\n<li>Garanti \u00e0 vie<\/li>\n<li>Volume : 23L pour y glisser tous vos essentiels<\/li>\n<li>Syst\u00e8me MOLLE pour attacher les pochettes avant et lat\u00e9rales<\/li>\n<li>Compartiment rembourr\u00e9 pour ordinateur 13 pouces<\/li>\n<li>Vegan et d\u00e9perlant<\/li>\n<li>Sangle attache valise<\/li>\n<li>Bretelles rembourr\u00e9es et anti-transpirantes<\/li>\n<\/ul>\n<p><strong>Dimensions (23L):\u00a0<\/strong>27cm (largeur) x 41cm (hauteur) x 16cm (profondeur)<\/p>\n<p><strong>Composition<\/strong><span>\u00a0:\u00a0<\/span><br \/><span>Tissu exterieur principal:\u00a0<span>100% Polyester recycl\u00e9<\/span><\/span><br \/><span>Tissu ext\u00e9rieur enduit: Polyurethane\u00a0<\/span><br \/><span>Doublure interieure: 100% Polyester<\/span><\/p>\n<p><span>\u00a0<a href=\"https:\/\/youtu.be\/fI5vMmxNag0\" target=\"_blank\" title=\"Partager le lien\">https:\/\/youtu.be\/fI5vMmxNag0<\/a><\/span><\/p>\n<h4><span>Informations livraisons<\/span><\/h4>\n<div><span>Les frais de livraisons sont offerts d\u00e8s 40\u20ac d&rsquo;achats<\/span><br \/><span>Livraison entre 3 et 5 jours<\/span><\/div>\n<div><span>Mode de paiement s\u00e9curis\u00e9s accept\u00e9s : CARTE BANCAIRE\u00a0 ou\u00a0 PAYPAL<\/span><br \/><span>R\u00e9ception des marchandises : A domicile ou Retrait \u00e0 notre magasin<\/span><br \/><span>Consulter nos<a href=\"http:\/\/www.solene-maroquinerie.fr\/conditions_generales_de_vente.html\" target=\"_self\" title=\"Nos CGV\">\u00a0conditions g\u00e9n\u00e9rales de ventes<\/a><\/span><\/div>\n<p>\u00a0<\/p>\n","protected":false},"excerpt":{"rendered":"<p class=\"reference-commerciale\">R\u00e9f\u00e9rence commerciale : POITIERS-MEDIUM<\/p>\n","protected":false},"featured_media":911,"template":"","meta":[],"product_brand":[42],"product_cat":[19,41],"product_tag":[],"class_list":{"0":"post-912","1":"product","2":"type-product","3":"status-publish","4":"has-post-thumbnail","6":"product_brand-cabaia","7":"product_cat-sac-a-dos","8":"product_cat-sac-a-dos-cabaia-medium","10":"first","11":"instock","12":"taxable","13":"shipping-taxable","14":"purchasable","15":"product-type-simple"},"_links":{"self":[{"href":"https:\/\/www.solene-maroquinerie.fr\/index.php\/wp-json\/wp\/v2\/product\/912","targetHints":{"allow":["GET"]}}],"collection":[{"href":"https:\/\/www.solene-maroquinerie.fr\/index.php\/wp-json\/wp\/v2\/product"}],"about":[{"href":"https:\/\/www.solene-maroquinerie.fr\/index.php\/wp-json\/wp\/v2\/types\/product"}],"wp:featuredmedia":[{"embeddable":true,"href":"https:\/\/www.solene-maroquinerie.fr\/index.php\/wp-json\/wp\/v2\/media\/911"}],"wp:attachment":[{"href":"https:\/\/www.solene-maroquinerie.fr\/index.php\/wp-json\/wp\/v2\/media?parent=912"}],"wp:term":[{"taxonomy":"product_brand","embeddable":true,"href":"https:\/\/www.solene-maroquinerie.fr\/index.php\/wp-json\/wp\/v2\/product_brand?post=912"},{"taxonomy":"product_cat","embeddable":true,"href":"https:\/\/www.solene-maroquinerie.fr\/index.php\/wp-json\/wp\/v2\/product_cat?post=912"},{"taxonomy":"product_tag","embeddable":true,"href":"https:\/\/www.solene-maroquinerie.fr\/index.php\/wp-json\/wp\/v2\/product_tag?post=912"}],"curies":[{"name":"wp","href":"https:\/\/api.w.org\/{rel}","templated":true}]}}